{"id":4672,"date":"2015-11-30T13:17:49","date_gmt":"2015-11-30T13:17:49","guid":{"rendered":"http:\/\/www.arovite.com\/?page_id=4672"},"modified":"2016-01-26T17:44:53","modified_gmt":"2016-01-26T17:44:53","slug":"perez-kepa-2008","status":"publish","type":"page","link":"https:\/\/www.arovite.com\/es\/perez-kepa-2008\/","title":{"rendered":"P\u00c9REZ, Kepa (2008)"},"content":{"rendered":"<div class=\"wpb-content-wrapper\"><p>[vc_row][vc_column width=&#8221;1\/1&#8243;][vc_column_text][vc_empty_space height=&#8221;20&#8243;]<br \/>\n<strong>Referencia bibliogr\u00e1fica<\/strong><br \/>\nP\u00c9REZ, Kepa (2008): <em>In memoriam 2008: reconocimientos sociales e institucionales a las v\u00edctimas del terrorismo<\/em>. Bilbao: Asociaci\u00f3n para la Defensa de la Dignidad Humana.<\/p>\n<p><a class=\"button blue  medium \" href=\"http:\/\/www.arovite.com\/documentos\/2008_Perez.pdf\" target=\"_blank\">Consultar PDF<\/a>[vc_empty_space height=&#8221;10&#8243;]<br \/>\n<strong>Resumen<\/strong><br \/>\nRecordar a las v\u00edctimas del terrorismo no s\u00f3lo supone reivindicar su memoria o dignificar su persona, cuya vida fue injustamente arrebatada, sino que es ante todo un ejercicio profundo de deslegitimaci\u00f3n de la violencia; es una opci\u00f3n personal por la paz y la no violencia y en definitiva, un grito en favor de una sociedad en paz y liberad. La sociedad vasca est\u00e1 recorriendo este camino de reconocimiento a las v\u00edctimas, al mismo tiempo que est\u00e1 clamando por la paz y deslegitimando a la violencia en cada acto que se lleva a cabo en memoria de quienes fueron asesinados, aunque sea en el rinc\u00f3n m\u00e1s apartado de Euskadi y aunque s\u00f3lo sea por unos breves instantes.<br \/>\n[vc_empty_space height=&#8221;10&#8243;]<br \/>\n<strong>Autor<\/strong><br \/>\nKepa P\u00e9rez.<br \/>\n[vc_empty_space height=&#8221;10&#8243;]<br \/>\n<strong>Tipo de documento<\/strong><br \/>\nLibro<br \/>\n[vc_empty_space height=&#8221;10&#8243;]<br \/>\n<a title=\"Enlace alternativo\" href=\"http:\/\/www.addh.org.es\/6.-In%20Memoriam%202008.pdf\" target=\"_blank\"><strong>Enlace alternativo.<\/strong><\/a><br \/>\n[\/vc_column_text][\/vc_column][\/vc_row]<\/p>\n<\/div>","protected":false},"excerpt":{"rendered":"<p>[vc_row][vc_column width=&#8221;1\/1&#8243;][vc_column_text][vc_empty_space height=&#8221;20&#8243;] Referencia bibliogr\u00e1fica P\u00c9REZ, Kepa (2008): In memoriam 2008: reconocimientos sociales e institucionales a las v\u00edctimas del terrorismo. Bilbao: Asociaci\u00f3n para la Defensa de la Dignidad Humana. Consultar&hellip;<\/p>\n","protected":false},"author":1,"featured_media":0,"parent":0,"menu_order":0,"comment_status":"open","ping_status":"open","template":"","meta":{"om_disable_all_campaigns":false,"_monsterinsights_skip_tracking":false,"_monsterinsights_sitenote_active":false,"_monsterinsights_sitenote_note":"","_monsterinsights_sitenote_category":0,"_uf_show_specific_survey":0,"_uf_disable_surveys":false,"_vp_format_video_url":"","_vp_image_focal_point":[],"_vp_custom_popup_image":0,"_vp_format_audio_url":"","_vp_custom_thumbnail":0,"_vp_custom_thumbnail_focal_point":[],"_vp_hover_thumbnail":0,"_vp_hover_thumbnail_focal_point":[],"footnotes":""},"class_list":["post-4672","page","type-page","status-publish","hentry"],"aioseo_notices":[],"_links":{"self":[{"href":"https:\/\/www.arovite.com\/es\/wp-json\/wp\/v2\/pages\/4672","targetHints":{"allow":["GET"]}}],"collection":[{"href":"https:\/\/www.arovite.com\/es\/wp-json\/wp\/v2\/pages"}],"about":[{"href":"https:\/\/www.arovite.com\/es\/wp-json\/wp\/v2\/types\/page"}],"author":[{"embeddable":true,"href":"https:\/\/www.arovite.com\/es\/wp-json\/wp\/v2\/users\/1"}],"replies":[{"embeddable":true,"href":"https:\/\/www.arovite.com\/es\/wp-json\/wp\/v2\/comments?post=4672"}],"version-history":[{"count":4,"href":"https:\/\/www.arovite.com\/es\/wp-json\/wp\/v2\/pages\/4672\/revisions"}],"predecessor-version":[{"id":6602,"href":"https:\/\/www.arovite.com\/es\/wp-json\/wp\/v2\/pages\/4672\/revisions\/6602"}],"wp:attachment":[{"href":"https:\/\/www.arovite.com\/es\/wp-json\/wp\/v2\/media?parent=4672"}],"curies":[{"name":"wp","href":"https:\/\/api.w.org\/{rel}","templated":true}]}}