{"id":4640,"date":"2015-11-30T13:02:33","date_gmt":"2015-11-30T13:02:33","guid":{"rendered":"http:\/\/www.arovite.com\/?page_id=4640"},"modified":"2015-12-30T12:58:44","modified_gmt":"2015-12-30T12:58:44","slug":"perez-kepa-2007-5","status":"publish","type":"page","link":"https:\/\/www.arovite.com\/es\/perez-kepa-2007-5\/","title":{"rendered":"P\u00c9REZ, Kepa (2007)"},"content":{"rendered":"<div class=\"wpb-content-wrapper\"><p>[vc_row][vc_column width=&#8221;1\/1&#8243;][vc_column_text][vc_empty_space height=&#8221;20&#8243;]<br \/>\n<strong>Referencia bibliogr\u00e1fica<\/strong><br \/>\nP\u00c9REZ, Kepa (2007): <em>Homenaje a todas las v\u00edctimas del terrorismo. Tomo IV: ETA-Comandos Aut\u00f3nomos Anticapitalistas (1992-2007)<\/em>. Bilbao: Asociaci\u00f3n para la Defensa de la Dignidad Humana.<\/p>\n<p><a class=\"button blue  medium \" href=\"http:\/\/www.arovite.com\/documentos\/2007e_Perez.pdf\" target=\"_blank\">Consultar PDF<\/a>[vc_empty_space height=&#8221;10&#8243;]<br \/>\n<strong>Resumen<\/strong><br \/>\nEste libro pretende ser una peque\u00f1a y humilde aportaci\u00f3n a lo que en el futuro, cuando llegue la paz, ser\u00e1 el gran libro del recuerdo y la dignidad de todas las personas a quienes les fue arrebatada su vida por causa de la violencia pol\u00edtica, que tendr\u00e1 que escribirse en Euskadi, quiz\u00e1s con las aportaciones de sus propios familiares, dando a conocer su aspecto m\u00e1s humano. Hasta entonces, con el fin de mantener vivo el testigo de su memoria, queremos, al menos, dar a conocer qui\u00e9nes eran, cu\u00e1l fue su profesi\u00f3n y c\u00f3mo transcurrieron los \u00faltimos instantes de su vida, ciertamente la p\u00e1gina m\u00e1s dif\u00edcil, pero tambi\u00e9n sin duda, la que m\u00e1s claramente refleja el absurdo y el sinsentido de la violencia, de todo tipo de violencia.<br \/>\n[vc_empty_space height=&#8221;10&#8243;]<br \/>\n<strong>Autor<\/strong><br \/>\nKepa P\u00e9rez.<br \/>\n[vc_empty_space height=&#8221;10&#8243;]<br \/>\n<strong>Tipo de documento<\/strong><br \/>\nLibro<br \/>\n[vc_empty_space height=&#8221;10&#8243;]<br \/>\n<a title=\"Enlace alternativo\" href=\"http:\/\/www.addh.org.es\/Tomo%20IV%201992-2006.pdf\" target=\"_blank\"><strong>Enlace alternativo.<\/strong><\/a><br \/>\n[\/vc_column_text][\/vc_column][\/vc_row]<\/p>\n<\/div>","protected":false},"excerpt":{"rendered":"<p>[vc_row][vc_column width=&#8221;1\/1&#8243;][vc_column_text][vc_empty_space height=&#8221;20&#8243;] Referencia bibliogr\u00e1fica P\u00c9REZ, Kepa (2007): Homenaje a todas las v\u00edctimas del terrorismo. Tomo IV: ETA-Comandos Aut\u00f3nomos Anticapitalistas (1992-2007). Bilbao: Asociaci\u00f3n para la Defensa de la Dignidad Humana.&hellip;<\/p>\n","protected":false},"author":1,"featured_media":0,"parent":0,"menu_order":0,"comment_status":"open","ping_status":"open","template":"","meta":{"om_disable_all_campaigns":false,"_monsterinsights_skip_tracking":false,"_monsterinsights_sitenote_active":false,"_monsterinsights_sitenote_note":"","_monsterinsights_sitenote_category":0,"_uf_show_specific_survey":0,"_uf_disable_surveys":false,"_vp_format_video_url":"","_vp_image_focal_point":[],"_vp_custom_popup_image":0,"_vp_format_audio_url":"","_vp_custom_thumbnail":0,"_vp_custom_thumbnail_focal_point":[],"_vp_hover_thumbnail":0,"_vp_hover_thumbnail_focal_point":[],"footnotes":""},"class_list":["post-4640","page","type-page","status-publish","hentry"],"aioseo_notices":[],"_links":{"self":[{"href":"https:\/\/www.arovite.com\/es\/wp-json\/wp\/v2\/pages\/4640","targetHints":{"allow":["GET"]}}],"collection":[{"href":"https:\/\/www.arovite.com\/es\/wp-json\/wp\/v2\/pages"}],"about":[{"href":"https:\/\/www.arovite.com\/es\/wp-json\/wp\/v2\/types\/page"}],"author":[{"embeddable":true,"href":"https:\/\/www.arovite.com\/es\/wp-json\/wp\/v2\/users\/1"}],"replies":[{"embeddable":true,"href":"https:\/\/www.arovite.com\/es\/wp-json\/wp\/v2\/comments?post=4640"}],"version-history":[{"count":3,"href":"https:\/\/www.arovite.com\/es\/wp-json\/wp\/v2\/pages\/4640\/revisions"}],"predecessor-version":[{"id":5492,"href":"https:\/\/www.arovite.com\/es\/wp-json\/wp\/v2\/pages\/4640\/revisions\/5492"}],"wp:attachment":[{"href":"https:\/\/www.arovite.com\/es\/wp-json\/wp\/v2\/media?parent=4640"}],"curies":[{"name":"wp","href":"https:\/\/api.w.org\/{rel}","templated":true}]}}