{"id":4592,"date":"2015-11-30T12:47:13","date_gmt":"2015-11-30T12:47:13","guid":{"rendered":"http:\/\/www.arovite.com\/?page_id=4592"},"modified":"2015-11-30T13:37:45","modified_gmt":"2015-11-30T13:37:45","slug":"buesa-mikel-2010-b","status":"publish","type":"page","link":"https:\/\/www.arovite.com\/es\/buesa-mikel-2010-b\/","title":{"rendered":"BUESA, Mikel (2010) b"},"content":{"rendered":"<div class=\"wpb-content-wrapper\"><p>[vc_row][vc_column width=&#8221;1\/1&#8243;][vc_column_text][vc_empty_space height=&#8221;20&#8243;]<br \/>\n<strong>Referencia bibliogr\u00e1fica<\/strong><br \/>\nBUESA, Mikel (2010): \u00ab\u00bfReinsertar a los presos de ETA? Una cr\u00edtica de la pol\u00edtica penitenciaria espa\u00f1ola\u00bb, <em>La Ilustraci\u00f3n Liberal<\/em>, n\u00ba 45-46.<\/p>\n<p><a class=\"button blue  medium \" href=\"http:\/\/pendientedemigracion.ucm.es\/info\/cet\/articulos\/reins_pres_eta.pdf\" target=\"_blank\">Consultar PDF<\/a>[vc_empty_space height=&#8221;10&#8243;]<br \/>\n<strong>Resumen<\/strong><br \/>\nAl mediar el mes de julio una filtraci\u00f3n publicada por El Pa\u00eds dio a conocer que el Gobierno espa\u00f1ol hab\u00eda concedido un r\u00e9gimen de prisi\u00f3n atenuada a varios presos de ETA. El anuncio, que carec\u00eda del menor sentido cr\u00edtico, se\u00f1alaba que \u00e9stos se hab\u00edan apartado de la organizaci\u00f3n terrorista o hab\u00edan sido expulsados de ella, hab\u00edan condenado expresamente la violencia y comenzado a satisfacer las indemnizaciones a las v\u00edctimas de los cr\u00edmenes que cometieron. Una columna del periodista Luis R. Aizpeolea, que en muchas ocasiones ha actuado de portavoz oficioso del Ejecutivo presidido por Zapatero, aclaraba inmediatamente: \u00abTras la ruptura de la \u00faltima tregua de ETA, en junio de 2007, el ministro del Interior (&#8230;) decidi\u00f3 activar la pol\u00edtica penitenciaria sobre los presos de la banda, paralizada desde la etapa de Antoni Asunci\u00f3n como director general de Instituciones Penitenciarias (&#8230;) de principios de los a\u00f1os noventa\u00bb. Se\u00f1alaba tambi\u00e9n que \u00abRubalcaba hab\u00eda observado que la ruptura de la tregua (&#8230;) fue traum\u00e1tica (&#8230;) para los presos de ETA\u00bb y que \u00abuna mayor\u00eda de [ellos] (&#8230;) estaba distanciada de la direcci\u00f3n de la banda\u00bb. En estas circunstancias, contin\u00faa el relato de Aizpeolea, \u00abhacia finales de 2008 Rubalcaba tom\u00f3 la primera decisi\u00f3n de concentrar a unos cuantos presos de ETA, los que hab\u00edan expresado p\u00fablicamente su disconformidad con la direcci\u00f3n de la banda, en las c\u00e1rceles de Zuera y Villabona\u00bb, logrando que, \u00abdurante este a\u00f1o y medio, varias decenas de presos hayan renunciado p\u00fablicamente al terrorismo\u00bb.<br \/>\n[vc_empty_space height=&#8221;10&#8243;]<br \/>\n<strong>Autor<\/strong><br \/>\nMikel Buesa Blanco. <a title=\"Dialnet\" href=\"http:\/\/dialnet.unirioja.es\/servlet\/autor?codigo=10436\" target=\"_blank\">P\u00e1gina del autor en Dialnet.<\/a><br \/>\n[vc_empty_space height=&#8221;10&#8243;]<br \/>\n<strong>Tipo de documento<\/strong><br \/>\nArt\u00edculo<br \/>\n[vc_empty_space height=&#8221;10&#8243;]<br \/>\n[\/vc_column_text][\/vc_column][\/vc_row]<\/p>\n<\/div>","protected":false},"excerpt":{"rendered":"<p>[vc_row][vc_column width=&#8221;1\/1&#8243;][vc_column_text][vc_empty_space height=&#8221;20&#8243;] Referencia bibliogr\u00e1fica BUESA, Mikel (2010): \u00ab\u00bfReinsertar a los presos de ETA? Una cr\u00edtica de la pol\u00edtica penitenciaria espa\u00f1ola\u00bb, La Ilustraci\u00f3n Liberal, n\u00ba 45-46. Consultar PDF[vc_empty_space height=&#8221;10&#8243;] Resumen&hellip;<\/p>\n","protected":false},"author":2,"featured_media":0,"parent":0,"menu_order":0,"comment_status":"open","ping_status":"open","template":"","meta":{"om_disable_all_campaigns":false,"_monsterinsights_skip_tracking":false,"_monsterinsights_sitenote_active":false,"_monsterinsights_sitenote_note":"","_monsterinsights_sitenote_category":0,"_uf_show_specific_survey":0,"_uf_disable_surveys":false,"_vp_format_video_url":"","_vp_image_focal_point":[],"_vp_custom_popup_image":0,"_vp_format_audio_url":"","_vp_custom_thumbnail":0,"_vp_custom_thumbnail_focal_point":[],"_vp_hover_thumbnail":0,"_vp_hover_thumbnail_focal_point":[],"footnotes":""},"class_list":["post-4592","page","type-page","status-publish","hentry"],"aioseo_notices":[],"_links":{"self":[{"href":"https:\/\/www.arovite.com\/es\/wp-json\/wp\/v2\/pages\/4592","targetHints":{"allow":["GET"]}}],"collection":[{"href":"https:\/\/www.arovite.com\/es\/wp-json\/wp\/v2\/pages"}],"about":[{"href":"https:\/\/www.arovite.com\/es\/wp-json\/wp\/v2\/types\/page"}],"author":[{"embeddable":true,"href":"https:\/\/www.arovite.com\/es\/wp-json\/wp\/v2\/users\/2"}],"replies":[{"embeddable":true,"href":"https:\/\/www.arovite.com\/es\/wp-json\/wp\/v2\/comments?post=4592"}],"version-history":[{"count":2,"href":"https:\/\/www.arovite.com\/es\/wp-json\/wp\/v2\/pages\/4592\/revisions"}],"predecessor-version":[{"id":4706,"href":"https:\/\/www.arovite.com\/es\/wp-json\/wp\/v2\/pages\/4592\/revisions\/4706"}],"wp:attachment":[{"href":"https:\/\/www.arovite.com\/es\/wp-json\/wp\/v2\/media?parent=4592"}],"curies":[{"name":"wp","href":"https:\/\/api.w.org\/{rel}","templated":true}]}}