{"id":4561,"date":"2015-11-30T12:37:24","date_gmt":"2015-11-30T12:37:24","guid":{"rendered":"http:\/\/www.arovite.com\/?page_id=4561"},"modified":"2015-11-30T12:37:24","modified_gmt":"2015-11-30T12:37:24","slug":"rodriguez-lara-zurine-2013","status":"publish","type":"page","link":"https:\/\/www.arovite.com\/es\/rodriguez-lara-zurine-2013\/","title":{"rendered":"RODR\u00cdGUEZ LARA, Zuri\u00f1e (2013)"},"content":{"rendered":"<div class=\"wpb-content-wrapper\"><p>[vc_row][vc_column width=&#8221;1\/1&#8243;][vc_column_text][vc_empty_space height=&#8221;20&#8243;]<br \/>\n<strong>Referencia bibliogr\u00e1fica<\/strong><br \/>\nRODR\u00cdGUEZ LARA, Zuri\u00f1e (2013): \u00abLas mujeres de ETA en la prensa escrita\u00bb, <em>Mediatika<\/em>, n\u00ba 14, pp. 151-167.<\/p>\n<p><a class=\"button blue  medium \" href=\"http:\/\/www.euskomedia.org\/PDFAnlt\/mediatika\/14\/14151167.pdf\" target=\"_blank\">Consultar PDF<\/a>[vc_empty_space height=&#8221;10&#8243;]<br \/>\n<strong>Resumen<\/strong><br \/>\nEl art\u00edculo analiza las im\u00e1genes estereot\u00edpicas con las que la prensa construye la imagen de las mujeres de ETA. Para ello, se analiza, por un lado, la presencia y ausencia de \u00e9stas en el espacio comunicativo y, por el otro lado, la historia medi\u00e1tica de dos de esas mujeres (Dolores Gonz\u00e1lez Catarain y Idoia L\u00f3pez Ria\u00f1o). En el art\u00edculo se demostrar\u00e1 c\u00f3mo \u00e9stas tienen que soportar estereotipos no s\u00f3lo de g\u00e9nero, sino tambi\u00e9n de conflicto.<br \/>\n[vc_empty_space height=&#8221;10&#8243;]<br \/>\n<strong>Laburpena<\/strong><br \/>\nArtikulu honetan, prentsa analisiaz baliatuz, ETAko emakume kideen irudi estereotipoak ikertuko dira. Horretarako, batetik, emakume horiek esparru komunikatiboan duten presentzia zein absentzia aztertuko ditugu; eta, bestetik, ETAko bi emakumeren istorioan sakonduko dugu (Dolores Gonz\u00e1lez Catarain eta Idoia L\u00f3pez Ria\u00f1o). Artikulu honen bitartez frogatuko dugu ETAko emakumeek genero estereotipoak eta gatazka estereotipoak, biak, pairatuko dituztela<br \/>\n[vc_empty_space height=&#8221;10&#8243;]<br \/>\n<strong>Abstract<\/strong><br \/>\nThe article analyses the stereotypical images used by the press to create the images of the ETA females. For this, we analyse on the one hand the presence and the absence of them in the communicative share, and on the other hand, we analyse the history of two of these women (Dolores Gonz\u00e1lez Catarain and Idoia L\u00f3pez Ria\u00f1o). In this article we will also demonstrate how women of ETA have to endure not only the gender stereotypes, but also the conflict.<br \/>\n[vc_empty_space height=&#8221;10&#8243;]<br \/>\n<strong>Autor<\/strong><br \/>\nZuri\u00f1e Rodr\u00edguez Lara. <a title=\"Dialnet\" href=\"http:\/\/dialnet.unirioja.es\/servlet\/autor?codigo=3759015\" target=\"_blank\">P\u00e1gina del autor en Dialnet.<\/a><br \/>\n[vc_empty_space height=&#8221;10&#8243;]<br \/>\n<strong>Tipo de documento<\/strong><br \/>\nArt\u00edculo<br \/>\n[vc_empty_space height=&#8221;10&#8243;]<br \/>\n<a title=\"Enlace alternativo\" href=\"http:\/\/dialnet.unirioja.es\/servlet\/articulo?codigo=5190180\" target=\"_blank\"><strong>Enlace alternativo.<\/strong><\/a><br \/>\n[\/vc_column_text][\/vc_column][\/vc_row]<\/p>\n<\/div>","protected":false},"excerpt":{"rendered":"<p>[vc_row][vc_column width=&#8221;1\/1&#8243;][vc_column_text][vc_empty_space height=&#8221;20&#8243;] Referencia bibliogr\u00e1fica RODR\u00cdGUEZ LARA, Zuri\u00f1e (2013): \u00abLas mujeres de ETA en la prensa escrita\u00bb, Mediatika, n\u00ba 14, pp. 151-167. Consultar PDF[vc_empty_space height=&#8221;10&#8243;] Resumen El art\u00edculo analiza las&hellip;<\/p>\n","protected":false},"author":1,"featured_media":0,"parent":0,"menu_order":0,"comment_status":"open","ping_status":"open","template":"","meta":{"om_disable_all_campaigns":false,"_monsterinsights_skip_tracking":false,"_monsterinsights_sitenote_active":false,"_monsterinsights_sitenote_note":"","_monsterinsights_sitenote_category":0,"_uf_show_specific_survey":0,"_uf_disable_surveys":false,"_vp_format_video_url":"","_vp_image_focal_point":[],"_vp_custom_popup_image":0,"_vp_format_audio_url":"","_vp_custom_thumbnail":0,"_vp_custom_thumbnail_focal_point":[],"_vp_hover_thumbnail":0,"_vp_hover_thumbnail_focal_point":[],"footnotes":""},"class_list":["post-4561","page","type-page","status-publish","hentry"],"aioseo_notices":[],"_links":{"self":[{"href":"https:\/\/www.arovite.com\/es\/wp-json\/wp\/v2\/pages\/4561","targetHints":{"allow":["GET"]}}],"collection":[{"href":"https:\/\/www.arovite.com\/es\/wp-json\/wp\/v2\/pages"}],"about":[{"href":"https:\/\/www.arovite.com\/es\/wp-json\/wp\/v2\/types\/page"}],"author":[{"embeddable":true,"href":"https:\/\/www.arovite.com\/es\/wp-json\/wp\/v2\/users\/1"}],"replies":[{"embeddable":true,"href":"https:\/\/www.arovite.com\/es\/wp-json\/wp\/v2\/comments?post=4561"}],"version-history":[{"count":1,"href":"https:\/\/www.arovite.com\/es\/wp-json\/wp\/v2\/pages\/4561\/revisions"}],"predecessor-version":[{"id":4570,"href":"https:\/\/www.arovite.com\/es\/wp-json\/wp\/v2\/pages\/4561\/revisions\/4570"}],"wp:attachment":[{"href":"https:\/\/www.arovite.com\/es\/wp-json\/wp\/v2\/media?parent=4561"}],"curies":[{"name":"wp","href":"https:\/\/api.w.org\/{rel}","templated":true}]}}