{"id":4511,"date":"2015-11-30T12:24:22","date_gmt":"2015-11-30T12:24:22","guid":{"rendered":"http:\/\/www.arovite.com\/?page_id=4511"},"modified":"2015-11-30T12:24:22","modified_gmt":"2015-11-30T12:24:22","slug":"buesa-mikel-2007","status":"publish","type":"page","link":"https:\/\/www.arovite.com\/es\/buesa-mikel-2007\/","title":{"rendered":"BUESA, Mikel (2007)"},"content":{"rendered":"<div class=\"wpb-content-wrapper\"><p>[vc_row][vc_column width=&#8221;1\/1&#8243;][vc_column_text][vc_empty_space height=&#8221;20&#8243;]<br \/>\n<strong>Referencia bibliogr\u00e1fica<\/strong><br \/>\nBUESA, Mikel (2007): \u00abDespu\u00e9s del \u201calto el fuego\u201d. Balance de las actividades terroristas de ETA entre enero y mayo de 2007\u00bb, <em>C\u00e1tedra de Econom\u00eda del Terrorismo<\/em>, Documento de trabajo n\u00ba 1.<\/p>\n<p><a class=\"button blue  medium \" href=\"http:\/\/www.arovite.com\/documentos\/2007_Buesa.pdf\" target=\"_blank\">Consultar PDF<\/a>[vc_empty_space height=&#8221;10&#8243;]<br \/>\n<strong>Resumen<\/strong><br \/>\nEn este documento se re\u00fane y sistematiza informaci\u00f3n acerca de la violencia terrorista ejercida por ETA y por las organizaciones de su entorno despu\u00e9s de la ruptura del \u00abalto el fuego\u00bb que se hab\u00eda declarado en Marzo de 2006. Los datos que se exponen aluden a las distintas formas de la violencia f\u00edsica y simb\u00f3lica que se ejerce con una finalidad pol\u00edtica. Asimismo, se hace referencia a los principales aspectos de la pol\u00edtica antiterrorista. Aunque contiene algunos aspectos anal\u00edticos, la finalidad principal de este trabajo es de car\u00e1cter documental. Debido a que el Ministerio del Interior espa\u00f1ol dej\u00f3 de publicar informaci\u00f3n sobre la actividad terrorista de ETA con ocasi\u00f3n del inicio de una negociaci\u00f3n entre el Gobierno y dicha organizaci\u00f3n, desde 2006 se carece de datos oficiales acerca de aquella. Por tal motivo, se ha hecho necesario efectuar una recogida sistem\u00e1tica de los datos que ofrecen las fuentes period\u00edsticas disponibles.<br \/>\n[vc_empty_space height=&#8221;10&#8243;]<br \/>\n<strong>Abstract<\/strong><br \/>\nIn this document it is showed information about the terrorist violence exerted by ETA and the organizations of its surroundings after the rupture of the &#8220;cease-fire&#8221; that had been declared in March of 2006. The data exposed allude to the different forms of physical and symbolic violence that is exerted with a political purpose. Also, it refers to the main aspects of the antiterrorist policy. Although it contains some analytical aspects, the main purpose of this study is of documentary character. Because of the Spanish Interior Ministry don&#8217;t publish anymore information of the terrorist activity of ETA with occasion of the beginning of a negotiation between the Government and this organization, from 2006 there is no official data about that. For that reason, it has become necessary to carry out a systematic collection of the data offered by the journalistic sources available.<br \/>\n[vc_empty_space height=&#8221;10&#8243;]<br \/>\n<strong>Autor<\/strong><br \/>\nMikel Buesa Blanco. <a title=\"Dialnet\" href=\"http:\/\/dialnet.unirioja.es\/servlet\/autor?codigo=10436\" target=\"_blank\">P\u00e1gina del autor en Dialnet.<\/a><br \/>\n[vc_empty_space height=&#8221;10&#8243;]<br \/>\n<strong>Tipo de documento<\/strong><br \/>\nWorking paper<br \/>\n[vc_empty_space height=&#8221;10&#8243;]<br \/>\n<a title=\"Enlace alternativo\" href=\"http:\/\/pendientedemigracion.ucm.es\/info\/cet\/documentos%20trabajo\/despues_del_alto_fuego_terrorismo%20de%20ETA%20_Mayo%202007_.pdf\" target=\"_blank\">Enlace alternativo.<\/a><br \/>\n[vc_empty_space height=&#8221;10&#8243;]<br \/>\n[\/vc_column_text][\/vc_column][\/vc_row]<\/p>\n<\/div>","protected":false},"excerpt":{"rendered":"<p>[vc_row][vc_column width=&#8221;1\/1&#8243;][vc_column_text][vc_empty_space height=&#8221;20&#8243;] Referencia bibliogr\u00e1fica BUESA, Mikel (2007): \u00abDespu\u00e9s del \u201calto el fuego\u201d. Balance de las actividades terroristas de ETA entre enero y mayo de 2007\u00bb, C\u00e1tedra de Econom\u00eda del&hellip;<\/p>\n","protected":false},"author":2,"featured_media":0,"parent":0,"menu_order":0,"comment_status":"open","ping_status":"open","template":"","meta":{"om_disable_all_campaigns":false,"_monsterinsights_skip_tracking":false,"_monsterinsights_sitenote_active":false,"_monsterinsights_sitenote_note":"","_monsterinsights_sitenote_category":0,"_uf_show_specific_survey":0,"_uf_disable_surveys":false,"_vp_format_video_url":"","_vp_image_focal_point":[],"_vp_custom_popup_image":0,"_vp_format_audio_url":"","_vp_custom_thumbnail":0,"_vp_custom_thumbnail_focal_point":[],"_vp_hover_thumbnail":0,"_vp_hover_thumbnail_focal_point":[],"footnotes":""},"class_list":["post-4511","page","type-page","status-publish","hentry"],"aioseo_notices":[],"_links":{"self":[{"href":"https:\/\/www.arovite.com\/es\/wp-json\/wp\/v2\/pages\/4511","targetHints":{"allow":["GET"]}}],"collection":[{"href":"https:\/\/www.arovite.com\/es\/wp-json\/wp\/v2\/pages"}],"about":[{"href":"https:\/\/www.arovite.com\/es\/wp-json\/wp\/v2\/types\/page"}],"author":[{"embeddable":true,"href":"https:\/\/www.arovite.com\/es\/wp-json\/wp\/v2\/users\/2"}],"replies":[{"embeddable":true,"href":"https:\/\/www.arovite.com\/es\/wp-json\/wp\/v2\/comments?post=4511"}],"version-history":[{"count":2,"href":"https:\/\/www.arovite.com\/es\/wp-json\/wp\/v2\/pages\/4511\/revisions"}],"predecessor-version":[{"id":5593,"href":"https:\/\/www.arovite.com\/es\/wp-json\/wp\/v2\/pages\/4511\/revisions\/5593"}],"wp:attachment":[{"href":"https:\/\/www.arovite.com\/es\/wp-json\/wp\/v2\/media?parent=4511"}],"curies":[{"name":"wp","href":"https:\/\/api.w.org\/{rel}","templated":true}]}}