{"id":4507,"date":"2015-11-30T12:23:39","date_gmt":"2015-11-30T12:23:39","guid":{"rendered":"http:\/\/www.arovite.com\/?page_id=4507"},"modified":"2015-12-30T13:05:17","modified_gmt":"2015-12-30T13:05:17","slug":"rose-clive-ferracuti-franco-horchem-hans-janke-peter-y-leaute-jacques-1986","status":"publish","type":"page","link":"https:\/\/www.arovite.com\/es\/rose-clive-ferracuti-franco-horchem-hans-janke-peter-y-leaute-jacques-1986\/","title":{"rendered":"ROSE, Clive, FERRACUTI, Franco, HORCHEM, Hans, JANKE, Peter y L\u00c9AUT\u00c9, Jacques (1986)"},"content":{"rendered":"<div class=\"wpb-content-wrapper\"><p>[vc_row][vc_column width=&#8221;1\/1&#8243;][vc_column_text][vc_empty_space height=&#8221;20&#8243;]<br \/>\n<strong>Referencia bibliogr\u00e1fica<\/strong><br \/>\nROSE, Clive, FERRACUTI, Franco, HORCHEM, Hans, JANKE, Peter y L\u00c9AUT\u00c9, Jacques (1986): <em>Informe de la comisi\u00f3n internacional sobre la violencia en el Pa\u00eds Vasco<\/em>. Gobierno Vasco.<\/p>\n<p><a class=\"button blue  medium \" href=\"http:\/\/www.arovite.com\/documentos\/1986_Informe_Rose.pdf\" target=\"_blank\">Consultar PDF<\/a>[vc_empty_space height=&#8221;10&#8243;]<br \/>\n<strong>Resumen<\/strong><br \/>\nLa Comisi\u00f3n ha llegado a la conclusi\u00f3n primordial de que debido a la naturaleza del problema vasco, se puede crear una estrategia para resolver el terrorismo. En contraste con el caso de Irlanda del Norte, no hay un conflicto religioso en el Pa\u00eds Vasco, ni existe conflicto entre los habitantes vascos y no-vascos. M\u00e1s bien, la motivaci\u00f3n principal detr\u00e1s de los autores de la violencia es el nacionalismo. La violencia en el Pa\u00eds Vasco no se origina desde e1 exterior ni tampoco depende de conexiones internacionales; es un problema cuyo origen est\u00e1 arraigado en la historia vasca y que los propios vascos deben solucionar.<br \/>\n[vc_empty_space height=&#8221;10&#8243;]<br \/>\n<strong>Autor<\/strong><br \/>\nClive Rose.<br \/>\nFranco Ferracuti. <a title=\"Dialnet\" href=\"http:\/\/dialnet.unirioja.es\/servlet\/autor?codigo=752399\" target=\"_blank\">P\u00e1gina del autor en Dialnet.<\/a><br \/>\nHans Horchem. <a title=\"Dialnet\" href=\"http:\/\/dialnet.unirioja.es\/servlet\/autor?codigo=1815764\" target=\"_blank\">P\u00e1gina del autor en Dialnet.<\/a><br \/>\nPeter Janke.<br \/>\nJacques L\u00e9aut\u00e9. <a title=\"Dialnet\" href=\"http:\/\/dialnet.unirioja.es\/servlet\/autor?codigo=1475226\" target=\"_blank\">P\u00e1gina del autor en Dialnet.<\/a><br \/>\n[vc_empty_space height=&#8221;10&#8243;]<br \/>\n<strong>Tipo de documento<\/strong><br \/>\nInforme<br \/>\n[\/vc_column_text][\/vc_column][\/vc_row]<\/p>\n<\/div>","protected":false},"excerpt":{"rendered":"<p>[vc_row][vc_column width=&#8221;1\/1&#8243;][vc_column_text][vc_empty_space height=&#8221;20&#8243;] Referencia bibliogr\u00e1fica ROSE, Clive, FERRACUTI, Franco, HORCHEM, Hans, JANKE, Peter y L\u00c9AUT\u00c9, Jacques (1986): Informe de la comisi\u00f3n internacional sobre la violencia en el Pa\u00eds Vasco. Gobierno&hellip;<\/p>\n","protected":false},"author":1,"featured_media":0,"parent":0,"menu_order":0,"comment_status":"open","ping_status":"open","template":"","meta":{"om_disable_all_campaigns":false,"_monsterinsights_skip_tracking":false,"_monsterinsights_sitenote_active":false,"_monsterinsights_sitenote_note":"","_monsterinsights_sitenote_category":0,"_uf_show_specific_survey":0,"_uf_disable_surveys":false,"_vp_format_video_url":"","_vp_image_focal_point":[],"_vp_custom_popup_image":0,"_vp_format_audio_url":"","_vp_custom_thumbnail":0,"_vp_custom_thumbnail_focal_point":[],"_vp_hover_thumbnail":0,"_vp_hover_thumbnail_focal_point":[],"footnotes":""},"class_list":["post-4507","page","type-page","status-publish","hentry"],"aioseo_notices":[],"_links":{"self":[{"href":"https:\/\/www.arovite.com\/es\/wp-json\/wp\/v2\/pages\/4507","targetHints":{"allow":["GET"]}}],"collection":[{"href":"https:\/\/www.arovite.com\/es\/wp-json\/wp\/v2\/pages"}],"about":[{"href":"https:\/\/www.arovite.com\/es\/wp-json\/wp\/v2\/types\/page"}],"author":[{"embeddable":true,"href":"https:\/\/www.arovite.com\/es\/wp-json\/wp\/v2\/users\/1"}],"replies":[{"embeddable":true,"href":"https:\/\/www.arovite.com\/es\/wp-json\/wp\/v2\/comments?post=4507"}],"version-history":[{"count":2,"href":"https:\/\/www.arovite.com\/es\/wp-json\/wp\/v2\/pages\/4507\/revisions"}],"predecessor-version":[{"id":5518,"href":"https:\/\/www.arovite.com\/es\/wp-json\/wp\/v2\/pages\/4507\/revisions\/5518"}],"wp:attachment":[{"href":"https:\/\/www.arovite.com\/es\/wp-json\/wp\/v2\/media?parent=4507"}],"curies":[{"name":"wp","href":"https:\/\/api.w.org\/{rel}","templated":true}]}}