{"id":4491,"date":"2015-11-30T12:16:22","date_gmt":"2015-11-30T12:16:22","guid":{"rendered":"http:\/\/www.arovite.com\/?page_id=4491"},"modified":"2015-11-30T12:16:22","modified_gmt":"2015-11-30T12:16:22","slug":"buesa-mikel-2006-b","status":"publish","type":"page","link":"https:\/\/www.arovite.com\/es\/buesa-mikel-2006-b\/","title":{"rendered":"BUESA, Mikel (2006) b"},"content":{"rendered":"<div class=\"wpb-content-wrapper\"><p>[vc_row][vc_column width=&#8221;1\/1&#8243;][vc_column_text][vc_empty_space height=&#8221;20&#8243;]<br \/>\n<strong>Referencia bibliogr\u00e1fica<\/strong><br \/>\nBUESA, Mikel (2006): \u00ab\u201cAlto el fuego\u201d de ETA. \u00bfAnte el final del terrorismo?\u00bb, <em>La Ilustraci\u00f3n Liberal<\/em>, n\u00ba 28. <\/p>\n<p><a class=\"button blue  medium \" href=\"http:\/\/www.arovite.com\/documentos\/2006b_Buesa.pdf\" target=\"_blank\">Consultar PDF<\/a>[vc_empty_space height=&#8221;10&#8243;]<br \/>\n<strong>Resumen<\/strong><br \/>\nEl 22 de marzo de 2006 ETA daba a conocer una declaraci\u00f3n de &#8220;alto el fuego permanente&#8221; en un comunicado que, m\u00e1s all\u00e1 de su ret\u00f3rica llena de eufemismos, parece dejar claros dos aspectos: uno, que el cese de la actividad terrorista no se va a extender sobre todas las formas de violencia, sino que se limita a las de car\u00e1cter armado; y dos, que esa situaci\u00f3n se mantendr\u00e1 mientras se logren progresos, a trav\u00e9s de una negociaci\u00f3n con el Gobierno, en la consecuci\u00f3n de los objetivos pol\u00edticos inmediatos de su organizaci\u00f3n. \u00c9stos aluden, por una parte, al reconocimiento de que &#8220;los ciudadanos vascos deben tener la palabra y la decisi\u00f3n sobre su futuro&#8221; y, por tanto, a la aceptaci\u00f3n de un derecho a la autodeterminaci\u00f3n que conducir\u00e1 al establecimiento de un nuevo Estado independiente, en el que se integren los siete territorios que habr\u00e1n de formar la Euskal Herria unificada. Y, por otra, a que &#8220;las autoridades (&#8230;) dejen a un lado la represi\u00f3n&#8221;, lo que habr\u00e1 de traducirse en la legalizaci\u00f3n de Batasuna y en la aplicaci\u00f3n de medidas de gracia a los presos terroristas.<br \/>\n[vc_empty_space height=&#8221;10&#8243;]<br \/>\n<strong>Autor<\/strong><br \/>\nMikel Buesa Blanco. <a title=\"Dialnet\" href=\"http:\/\/dialnet.unirioja.es\/servlet\/autor?codigo=10436\" target=\"_blank\">P\u00e1gina del autor en Dialnet.<\/a><br \/>\n[vc_empty_space height=&#8221;10&#8243;]<br \/>\n<strong>Tipo de documento<\/strong><br \/>\nArt\u00edculo<br \/>\n[vc_empty_space height=&#8221;10&#8243;]<br \/>\n<a title=\"Enlace alternativo\" href=\"http:\/\/www.ilustracionliberal.com\/28\/alto-el-fuego-de-eta-ante-el-final-del-terrorismo-mikel-buesa.html\" target=\"_blank\">Enlace alternativo.<\/a><br \/>\n[vc_empty_space height=&#8221;10&#8243;]<br \/>\n[\/vc_column_text][\/vc_column][\/vc_row]<\/p>\n<\/div>","protected":false},"excerpt":{"rendered":"<p>[vc_row][vc_column width=&#8221;1\/1&#8243;][vc_column_text][vc_empty_space height=&#8221;20&#8243;] Referencia bibliogr\u00e1fica BUESA, Mikel (2006): \u00ab\u201cAlto el fuego\u201d de ETA. \u00bfAnte el final del terrorismo?\u00bb, La Ilustraci\u00f3n Liberal, n\u00ba 28. Consultar PDF[vc_empty_space height=&#8221;10&#8243;] Resumen El 22 de&hellip;<\/p>\n","protected":false},"author":2,"featured_media":0,"parent":0,"menu_order":0,"comment_status":"open","ping_status":"open","template":"","meta":{"om_disable_all_campaigns":false,"_monsterinsights_skip_tracking":false,"_monsterinsights_sitenote_active":false,"_monsterinsights_sitenote_note":"","_monsterinsights_sitenote_category":0,"_uf_show_specific_survey":0,"_uf_disable_surveys":false,"_vp_format_video_url":"","_vp_image_focal_point":[],"_vp_custom_popup_image":0,"_vp_format_audio_url":"","_vp_custom_thumbnail":0,"_vp_custom_thumbnail_focal_point":[],"_vp_hover_thumbnail":0,"_vp_hover_thumbnail_focal_point":[],"footnotes":""},"class_list":["post-4491","page","type-page","status-publish","hentry"],"aioseo_notices":[],"_links":{"self":[{"href":"https:\/\/www.arovite.com\/es\/wp-json\/wp\/v2\/pages\/4491","targetHints":{"allow":["GET"]}}],"collection":[{"href":"https:\/\/www.arovite.com\/es\/wp-json\/wp\/v2\/pages"}],"about":[{"href":"https:\/\/www.arovite.com\/es\/wp-json\/wp\/v2\/types\/page"}],"author":[{"embeddable":true,"href":"https:\/\/www.arovite.com\/es\/wp-json\/wp\/v2\/users\/2"}],"replies":[{"embeddable":true,"href":"https:\/\/www.arovite.com\/es\/wp-json\/wp\/v2\/comments?post=4491"}],"version-history":[{"count":2,"href":"https:\/\/www.arovite.com\/es\/wp-json\/wp\/v2\/pages\/4491\/revisions"}],"predecessor-version":[{"id":5597,"href":"https:\/\/www.arovite.com\/es\/wp-json\/wp\/v2\/pages\/4491\/revisions\/5597"}],"wp:attachment":[{"href":"https:\/\/www.arovite.com\/es\/wp-json\/wp\/v2\/media?parent=4491"}],"curies":[{"name":"wp","href":"https:\/\/api.w.org\/{rel}","templated":true}]}}