{"id":4484,"date":"2015-11-30T12:17:01","date_gmt":"2015-11-30T12:17:01","guid":{"rendered":"http:\/\/www.arovite.com\/?page_id=4484"},"modified":"2015-12-30T13:08:12","modified_gmt":"2015-12-30T13:08:12","slug":"perez-jose-antonio-2015","status":"publish","type":"page","link":"https:\/\/www.arovite.com\/es\/perez-jose-antonio-2015\/","title":{"rendered":"P\u00c9REZ, Jos\u00e9 Antonio (2015)"},"content":{"rendered":"<div class=\"wpb-content-wrapper\"><p>[vc_row][vc_column width=&#8221;1\/1&#8243;][vc_column_text][vc_empty_space height=&#8221;20&#8243;]<br \/>\n<strong>Referencia bibliogr\u00e1fica<\/strong><br \/>\nP\u00c9REZ, Jos\u00e9 Antonio (2015): \u00abEl inc\u00f3modo pasado del Pa\u00eds Vasco. Historia, memoria e imposturas\u00bb, <em>Anatom\u00eda de la Historia<\/em>, 2015\/10.<\/p>\n<p><a class=\"button blue  medium \" href=\"http:\/\/www.arovite.com\/documentos\/2015_Perez.pdf\" target=\"_blank\">Consultar PDF<\/a>[vc_empty_space height=&#8221;10&#8243;]<br \/>\n<strong>Resumen<\/strong><br \/>\nEl nacionalismo radical vasco ha basado gran parte de su estrategia de legitimaci\u00f3n en sostener la existencia de un supuesto conflicto pol\u00edtico entre Espa\u00f1a y Euskal Herria, que vendr\u00eda a justificar la irrupci\u00f3n de ETA a finales de la d\u00e9cada de los a\u00f1os cincuenta del siglo XX y la extensi\u00f3n de su \u201cactividad armada\u201d hasta 2011. Para ello ha elaborado un relato hist\u00f3rico que aparece marcado por toda una serie de fechas simb\u00f3licas, de agravios y persecuciones, donde el Pueblo Vasco adquiere la figura de un sujeto doliente y martirizado, objeto de un verdadero genocidio por parte de una Espa\u00f1a despiadada y opresora. El entramado memorialista que ha ido urdiendo durante todos estos a\u00f1os, apoyado por una potente maquinaria editorial y propagand\u00edstica, no ha reparado en gastos ni en esfuerzos en esta operaci\u00f3n porque sabe lo que se juega en ello, especialmente tras la derrota de ETA. Con este objetivo ha puesto en marcha diferentes plataformas y proyectos dedicados a ensalzar la memoria de los victimarios, present\u00e1ndolos como los continuadores de una lucha inmemorial contra la opresi\u00f3n espa\u00f1ola.<br \/>\n[vc_empty_space height=&#8221;10&#8243;]<br \/>\n<strong>Autor<\/strong><br \/>\nJos\u00e9 Antonio P\u00e9rez. <a title=\"Dialnet\" href=\"http:\/\/dialnet.unirioja.es\/servlet\/autor?codigo=104127\" target=\"_blank\">P\u00e1gina del autor en Dialnet.<\/a><br \/>\n[vc_empty_space height=&#8221;10&#8243;]<br \/>\n<strong>Tipo de documento<\/strong><br \/>\nArt\u00edculo<br \/>\n[vc_empty_space height=&#8221;10&#8243;]<br \/>\n<a title=\"Enlace alternativo\" href=\"http:\/\/anatomiadelahistoria.com\/2015\/10\/el-incomodo-pasado-del-pais-vasco-historia-memoria-e-imposturas\/\" target=\"_blank\"><strong>Enlace alternativo.<\/strong><\/a><br \/>\n[\/vc_column_text][\/vc_column][\/vc_row]<\/p>\n<\/div>","protected":false},"excerpt":{"rendered":"<p>[vc_row][vc_column width=&#8221;1\/1&#8243;][vc_column_text][vc_empty_space height=&#8221;20&#8243;] Referencia bibliogr\u00e1fica P\u00c9REZ, Jos\u00e9 Antonio (2015): \u00abEl inc\u00f3modo pasado del Pa\u00eds Vasco. Historia, memoria e imposturas\u00bb, Anatom\u00eda de la Historia, 2015\/10. Consultar PDF[vc_empty_space height=&#8221;10&#8243;] Resumen El nacionalismo&hellip;<\/p>\n","protected":false},"author":1,"featured_media":0,"parent":0,"menu_order":0,"comment_status":"open","ping_status":"open","template":"","meta":{"om_disable_all_campaigns":false,"_monsterinsights_skip_tracking":false,"_monsterinsights_sitenote_active":false,"_monsterinsights_sitenote_note":"","_monsterinsights_sitenote_category":0,"_uf_show_specific_survey":0,"_uf_disable_surveys":false,"_vp_format_video_url":"","_vp_image_focal_point":[],"_vp_custom_popup_image":0,"_vp_format_audio_url":"","_vp_custom_thumbnail":0,"_vp_custom_thumbnail_focal_point":[],"_vp_hover_thumbnail":0,"_vp_hover_thumbnail_focal_point":[],"footnotes":""},"class_list":["post-4484","page","type-page","status-publish","hentry"],"aioseo_notices":[],"_links":{"self":[{"href":"https:\/\/www.arovite.com\/es\/wp-json\/wp\/v2\/pages\/4484","targetHints":{"allow":["GET"]}}],"collection":[{"href":"https:\/\/www.arovite.com\/es\/wp-json\/wp\/v2\/pages"}],"about":[{"href":"https:\/\/www.arovite.com\/es\/wp-json\/wp\/v2\/types\/page"}],"author":[{"embeddable":true,"href":"https:\/\/www.arovite.com\/es\/wp-json\/wp\/v2\/users\/1"}],"replies":[{"embeddable":true,"href":"https:\/\/www.arovite.com\/es\/wp-json\/wp\/v2\/comments?post=4484"}],"version-history":[{"count":2,"href":"https:\/\/www.arovite.com\/es\/wp-json\/wp\/v2\/pages\/4484\/revisions"}],"predecessor-version":[{"id":5524,"href":"https:\/\/www.arovite.com\/es\/wp-json\/wp\/v2\/pages\/4484\/revisions\/5524"}],"wp:attachment":[{"href":"https:\/\/www.arovite.com\/es\/wp-json\/wp\/v2\/media?parent=4484"}],"curies":[{"name":"wp","href":"https:\/\/api.w.org\/{rel}","templated":true}]}}