{"id":4480,"date":"2015-11-30T12:13:39","date_gmt":"2015-11-30T12:13:39","guid":{"rendered":"http:\/\/www.arovite.com\/?page_id=4480"},"modified":"2015-11-30T12:13:39","modified_gmt":"2015-11-30T12:13:39","slug":"ruiz-soroa-jose-maria-2008","status":"publish","type":"page","link":"https:\/\/www.arovite.com\/es\/ruiz-soroa-jose-maria-2008\/","title":{"rendered":"RUIZ SOROA, Jos\u00e9 Mar\u00eda (2008)"},"content":{"rendered":"<div class=\"wpb-content-wrapper\"><p>[vc_row][vc_column width=&#8221;1\/1&#8243;][vc_column_text][vc_empty_space height=&#8221;20&#8243;]<br \/>\n<strong>Referencia bibliogr\u00e1fica<\/strong><br \/>\nRUIZ SOROA, Jos\u00e9 Mar\u00eda (2008): \u00abEl canon nacionalista. La argumentaci\u00f3n del \u201cconflicto\u201d vasco\u00bb, en FUNDACI\u00d3N PARA LA LIBERTAD (ed.): <em>Breve gu\u00eda para orientarse en el laberinto vasco<\/em>. Bilbao: Fundaci\u00f3n para la Libertad, pp. 13-20.<\/p>\n<p><a class=\"button blue  medium \" href=\"http:\/\/paralalibertad.org\/wp-content\/uploads\/Ruiz_Soroa.pdf\" target=\"_blank\">Consultar PDF<\/a>[vc_empty_space height=&#8221;10&#8243;]<br \/>\n<strong>Resumen<\/strong><br \/>\nEl objetivo de estas l\u00edneas es doble: 1) En primer lugar, exponer la que puede llamarse \u201cversi\u00f3n can\u00f3nica del conflicto vasco\u201d, que es la que realiza desde hace ya muchos a\u00f1os el nacionalismo vasco. En esta versi\u00f3n existen algunas variantes seg\u00fan la mantenga el nacionalismo vasco pac\u00edfico y democr\u00e1tico (versi\u00f3n PNV y Gobierno Vasco) o su rama radical y violenta (versi\u00f3n ETA y movimientos pol\u00edtico sociales de apoyo \u2013Batasuna-), pero ambos coinciden en sus l\u00edneas esenciales. 2) Contrastar este canon con la realidad hist\u00f3rica, social y pol\u00edtica de la sociedad vasca, para intentar poner de manifiesto las afirmaciones err\u00f3neas que contiene y, sobre todo, su incapacidad para explicar esa realidad.<br \/>\n[vc_empty_space height=&#8221;10&#8243;]<br \/>\n<strong>Autor<\/strong><br \/>\nJos\u00e9 Mar\u00eda Ruiz Soroa. <a title=\"Dialnet\" href=\"http:\/\/dialnet.unirioja.es\/servlet\/autor?codigo=257906\" target=\"_blank\">P\u00e1gina del autor en Dialnet.<\/a><br \/>\n[vc_empty_space height=&#8221;10&#8243;]<br \/>\n<strong>Tipo de documento<\/strong><br \/>\nCap\u00edtulo de libro<br \/>\n[\/vc_column_text][\/vc_column][\/vc_row]<\/p>\n<\/div>","protected":false},"excerpt":{"rendered":"<p>[vc_row][vc_column width=&#8221;1\/1&#8243;][vc_column_text][vc_empty_space height=&#8221;20&#8243;] Referencia bibliogr\u00e1fica RUIZ SOROA, Jos\u00e9 Mar\u00eda (2008): \u00abEl canon nacionalista. La argumentaci\u00f3n del \u201cconflicto\u201d vasco\u00bb, en FUNDACI\u00d3N PARA LA LIBERTAD (ed.): Breve gu\u00eda para orientarse en el&hellip;<\/p>\n","protected":false},"author":1,"featured_media":0,"parent":0,"menu_order":0,"comment_status":"open","ping_status":"open","template":"","meta":{"om_disable_all_campaigns":false,"_monsterinsights_skip_tracking":false,"_monsterinsights_sitenote_active":false,"_monsterinsights_sitenote_note":"","_monsterinsights_sitenote_category":0,"_uf_show_specific_survey":0,"_uf_disable_surveys":false,"_vp_format_video_url":"","_vp_image_focal_point":[],"_vp_custom_popup_image":0,"_vp_format_audio_url":"","_vp_custom_thumbnail":0,"_vp_custom_thumbnail_focal_point":[],"_vp_hover_thumbnail":0,"_vp_hover_thumbnail_focal_point":[],"footnotes":""},"class_list":["post-4480","page","type-page","status-publish","hentry"],"aioseo_notices":[],"_links":{"self":[{"href":"https:\/\/www.arovite.com\/es\/wp-json\/wp\/v2\/pages\/4480","targetHints":{"allow":["GET"]}}],"collection":[{"href":"https:\/\/www.arovite.com\/es\/wp-json\/wp\/v2\/pages"}],"about":[{"href":"https:\/\/www.arovite.com\/es\/wp-json\/wp\/v2\/types\/page"}],"author":[{"embeddable":true,"href":"https:\/\/www.arovite.com\/es\/wp-json\/wp\/v2\/users\/1"}],"replies":[{"embeddable":true,"href":"https:\/\/www.arovite.com\/es\/wp-json\/wp\/v2\/comments?post=4480"}],"version-history":[{"count":1,"href":"https:\/\/www.arovite.com\/es\/wp-json\/wp\/v2\/pages\/4480\/revisions"}],"predecessor-version":[{"id":4485,"href":"https:\/\/www.arovite.com\/es\/wp-json\/wp\/v2\/pages\/4480\/revisions\/4485"}],"wp:attachment":[{"href":"https:\/\/www.arovite.com\/es\/wp-json\/wp\/v2\/media?parent=4480"}],"curies":[{"name":"wp","href":"https:\/\/api.w.org\/{rel}","templated":true}]}}