{"id":4430,"date":"2015-11-30T11:53:41","date_gmt":"2015-11-30T11:53:41","guid":{"rendered":"http:\/\/www.arovite.com\/?page_id=4430"},"modified":"2015-12-30T13:17:07","modified_gmt":"2015-12-30T13:17:07","slug":"secretaria-general-de-paz-y-convivencia-2015-2","status":"publish","type":"page","link":"https:\/\/www.arovite.com\/es\/secretaria-general-de-paz-y-convivencia-2015-2\/","title":{"rendered":"SECRETAR\u00cdA GENERAL DE PAZ Y CONVIVENCIA (2015)"},"content":{"rendered":"<div class=\"wpb-content-wrapper\"><p>[vc_row][vc_column width=&#8221;1\/1&#8243;][vc_column_text][vc_empty_space height=&#8221;20&#8243;]<br \/>\n<strong>Referencia bibliogr\u00e1fica<\/strong><br \/>\nSECRETAR\u00cdA GENERAL DE PAZ Y CONVIVENCIA (2015): <em>La relaci\u00f3n del Gobierno Vasco con las v\u00edctimas a lo largo de la presente legislatura<\/em>. Gobierno Vasco.<\/p>\n<p><a class=\"button blue  medium \" href=\"http:\/\/www.arovite.com\/documentos\/2015_Relacion_GV_victimas.pdf\" target=\"_blank\">Consultar PDF<\/a>[vc_empty_space height=&#8221;10&#8243;]<br \/>\n<strong>Resumen<\/strong><br \/>\nParticipaci\u00f3n en actos de memoria organizados por el Gobierno Vasco, otras instituciones, fundaciones o entidades. Consejo Vasco de Participaci\u00f3n de V\u00edctimas del Terrorismo. Reuniones con asociaciones y fundaciones en Euskadi y participaci\u00f3n en sus Jornadas. Rondas de contacto y participaci\u00f3n en Jornadas de las asociaciones de v\u00edctimas de otras comunidades aut\u00f3nomas. Reuniones directas con v\u00edctimas. Reuniones en el marco del Programa Adi-adian. Reuniones en el marco del Programa Eraikiz. Reuniones con v\u00edctimas de la violencia de fuerzas de seguridad y extrema derecha.<br \/>\n[vc_empty_space height=&#8221;10&#8243;]<br \/>\n<strong>Tipo de documento<\/strong><br \/>\nInforme<br \/>\n[vc_empty_space height=&#8221;10&#8243;]<br \/>\n<a title=\"Enlace alternativo\" href=\"https:\/\/www.euskadi.eus\/contenidos\/informacion\/documentos_paz_convivencia\/es_def\/adjuntos\/relacion-GV-victimas.pdf\" target=\"_blank\"><strong>Enlace alternativo.<\/strong><\/a><br \/>\n[\/vc_column_text][\/vc_column][\/vc_row]<\/p>\n<\/div>","protected":false},"excerpt":{"rendered":"<p>[vc_row][vc_column width=&#8221;1\/1&#8243;][vc_column_text][vc_empty_space height=&#8221;20&#8243;] Referencia bibliogr\u00e1fica SECRETAR\u00cdA GENERAL DE PAZ Y CONVIVENCIA (2015): La relaci\u00f3n del Gobierno Vasco con las v\u00edctimas a lo largo de la presente legislatura. Gobierno Vasco. Consultar&hellip;<\/p>\n","protected":false},"author":1,"featured_media":0,"parent":0,"menu_order":0,"comment_status":"open","ping_status":"open","template":"","meta":{"om_disable_all_campaigns":false,"_monsterinsights_skip_tracking":false,"_monsterinsights_sitenote_active":false,"_monsterinsights_sitenote_note":"","_monsterinsights_sitenote_category":0,"_uf_show_specific_survey":0,"_uf_disable_surveys":false,"_vp_format_video_url":"","_vp_image_focal_point":[],"_vp_custom_popup_image":0,"_vp_format_audio_url":"","_vp_custom_thumbnail":0,"_vp_custom_thumbnail_focal_point":[],"_vp_hover_thumbnail":0,"_vp_hover_thumbnail_focal_point":[],"footnotes":""},"class_list":["post-4430","page","type-page","status-publish","hentry"],"aioseo_notices":[],"_links":{"self":[{"href":"https:\/\/www.arovite.com\/es\/wp-json\/wp\/v2\/pages\/4430","targetHints":{"allow":["GET"]}}],"collection":[{"href":"https:\/\/www.arovite.com\/es\/wp-json\/wp\/v2\/pages"}],"about":[{"href":"https:\/\/www.arovite.com\/es\/wp-json\/wp\/v2\/types\/page"}],"author":[{"embeddable":true,"href":"https:\/\/www.arovite.com\/es\/wp-json\/wp\/v2\/users\/1"}],"replies":[{"embeddable":true,"href":"https:\/\/www.arovite.com\/es\/wp-json\/wp\/v2\/comments?post=4430"}],"version-history":[{"count":2,"href":"https:\/\/www.arovite.com\/es\/wp-json\/wp\/v2\/pages\/4430\/revisions"}],"predecessor-version":[{"id":5533,"href":"https:\/\/www.arovite.com\/es\/wp-json\/wp\/v2\/pages\/4430\/revisions\/5533"}],"wp:attachment":[{"href":"https:\/\/www.arovite.com\/es\/wp-json\/wp\/v2\/media?parent=4430"}],"curies":[{"name":"wp","href":"https:\/\/api.w.org\/{rel}","templated":true}]}}