{"id":4427,"date":"2015-11-30T11:53:34","date_gmt":"2015-11-30T11:53:34","guid":{"rendered":"http:\/\/www.arovite.com\/?page_id=4427"},"modified":"2015-11-30T11:53:34","modified_gmt":"2015-11-30T11:53:34","slug":"barrenetxea-igor-2009-b","status":"publish","type":"page","link":"https:\/\/www.arovite.com\/es\/barrenetxea-igor-2009-b\/","title":{"rendered":"BARRENETXEA, Igor (2009) b"},"content":{"rendered":"<div class=\"wpb-content-wrapper\"><p>[vc_row][vc_column width=&#8221;1\/1&#8243;][vc_column_text][vc_empty_space height=&#8221;20&#8243;]<br \/>\n<strong>Referencia bibliogr\u00e1fica<\/strong><br \/>\nBARRENETXEA, Igor (2009): \u00abLa muerte de Mikel de Imanol Uribe (1984): Pa\u00eds Vasco e izquierda abertzale en los a\u00f1os de la transici\u00f3n\u00bb, QUIROSA-CHEYROUZE, Rafael y FERN\u00c1NDEZ, M\u00f3nica (coords.): <em>Sociedad y movimientos sociales. IV Congreso Internacional Historia de la Transici\u00f3n en Espa\u00f1a<\/em>. Almer\u00eda: Instituto de Estudios Almerienses, pp. 967-982.<\/p>\n<p><a class=\"button blue  medium \" href=\"http:\/\/historiadelpresente.es\/sites\/default\/files\/congresos\/pdf\/38\/barrenetxeamaranon.pdf\" target=\"_blank\">Consultar PDF<\/a>[vc_empty_space height=&#8221;10&#8243;]<br \/>\n<strong>Resumen<\/strong><br \/>\nTodav\u00eda hemos de enfrentarnos cada d\u00eda a la ingrata tarea de leer en la prensa los \u00faltimos sucesos sobre las acciones de ETA y las manifestaciones de la izquierda abertzale. Han transcurrido cincuenta a\u00f1os desde que naciera ETA y seguimos con el problema enquistado de sus acciones terroristas. Por eso, se necesita un esfuerzo para seguir comprendiendo mejor el presente y el pasado de una organizaci\u00f3n que, sin duda, ha marcado la historia de Euskadi en estas \u00faltimas d\u00e9cadas y de su grupo social de apoyo, la izquierda abertzale, que le ha permitido su continuidad en el tiempo. Aunque, habr\u00eda que matizar, que una parte de la izquierda abertzale, se ha acabado por desmarcar de la violencia, naciendo as\u00ed Aralar (2000). El cine es, sin duda, un revelador de esta historia, que tiende a ser minusvalorado en su contraan\u00e1lisis de la sociedad, y que supone acercarnos a otra fuente de estudio como es la imagen. En este sentido, este art\u00edculo pretende analizar a trav\u00e9s de La muerte de Mikel los aspectos que nos facilitan una mejor comprensi\u00f3n de esta historia, desde la visi\u00f3n del nacionalismo radical, en sus mitos y rituales, que arranca en los primeros a\u00f1os de la Transici\u00f3n hasta el momento de la escritura de este art\u00edculo, ya que para la izquierda \u201cla transici\u00f3n [vasca] no se ha dado\u201d.<br \/>\n[vc_empty_space height=&#8221;10&#8243;]<br \/>\n<strong>Autor<\/strong><br \/>\nIgor Barrenetxea Mara\u00f1\u00f3n. <a title=\"Dialnet\" href=\"http:\/\/dialnet.unirioja.es\/servlet\/autor?codigo=153222\" target=\"_blank\">P\u00e1gina del autor en Dialnet.<\/a><br \/>\n[vc_empty_space height=&#8221;10&#8243;]<br \/>\n<strong>Tipo de documento<\/strong><br \/>\nCap\u00edtulo de libro<br \/>\n[vc_empty_space height=&#8221;10&#8243;]<br \/>\n[\/vc_column_text][\/vc_column][\/vc_row]<\/p>\n<\/div>","protected":false},"excerpt":{"rendered":"<p>[vc_row][vc_column width=&#8221;1\/1&#8243;][vc_column_text][vc_empty_space height=&#8221;20&#8243;] Referencia bibliogr\u00e1fica BARRENETXEA, Igor (2009): \u00abLa muerte de Mikel de Imanol Uribe (1984): Pa\u00eds Vasco e izquierda abertzale en los a\u00f1os de la transici\u00f3n\u00bb, QUIROSA-CHEYROUZE, Rafael y&hellip;<\/p>\n","protected":false},"author":2,"featured_media":0,"parent":0,"menu_order":0,"comment_status":"open","ping_status":"open","template":"","meta":{"om_disable_all_campaigns":false,"_monsterinsights_skip_tracking":false,"_monsterinsights_sitenote_active":false,"_monsterinsights_sitenote_note":"","_monsterinsights_sitenote_category":0,"_uf_show_specific_survey":0,"_uf_disable_surveys":false,"_vp_format_video_url":"","_vp_image_focal_point":[],"_vp_custom_popup_image":0,"_vp_format_audio_url":"","_vp_custom_thumbnail":0,"_vp_custom_thumbnail_focal_point":[],"_vp_hover_thumbnail":0,"_vp_hover_thumbnail_focal_point":[],"footnotes":""},"class_list":["post-4427","page","type-page","status-publish","hentry"],"aioseo_notices":[],"_links":{"self":[{"href":"https:\/\/www.arovite.com\/es\/wp-json\/wp\/v2\/pages\/4427","targetHints":{"allow":["GET"]}}],"collection":[{"href":"https:\/\/www.arovite.com\/es\/wp-json\/wp\/v2\/pages"}],"about":[{"href":"https:\/\/www.arovite.com\/es\/wp-json\/wp\/v2\/types\/page"}],"author":[{"embeddable":true,"href":"https:\/\/www.arovite.com\/es\/wp-json\/wp\/v2\/users\/2"}],"replies":[{"embeddable":true,"href":"https:\/\/www.arovite.com\/es\/wp-json\/wp\/v2\/comments?post=4427"}],"version-history":[{"count":1,"href":"https:\/\/www.arovite.com\/es\/wp-json\/wp\/v2\/pages\/4427\/revisions"}],"predecessor-version":[{"id":4431,"href":"https:\/\/www.arovite.com\/es\/wp-json\/wp\/v2\/pages\/4427\/revisions\/4431"}],"wp:attachment":[{"href":"https:\/\/www.arovite.com\/es\/wp-json\/wp\/v2\/media?parent=4427"}],"curies":[{"name":"wp","href":"https:\/\/api.w.org\/{rel}","templated":true}]}}