{"id":4412,"date":"2015-11-30T11:51:01","date_gmt":"2015-11-30T11:51:01","guid":{"rendered":"http:\/\/www.arovite.com\/?page_id=4412"},"modified":"2015-11-30T11:51:01","modified_gmt":"2015-11-30T11:51:01","slug":"parra-eduardo-2013","status":"publish","type":"page","link":"https:\/\/www.arovite.com\/es\/parra-eduardo-2013\/","title":{"rendered":"PARRA, Eduardo (2013)"},"content":{"rendered":"<div class=\"wpb-content-wrapper\"><p>[vc_row][vc_column width=&#8221;1\/1&#8243;][vc_column_text][vc_empty_space height=&#8221;20&#8243;]<br \/>\n<strong>Referencia bibliogr\u00e1fica<\/strong><br \/>\nPARRA, Eduardo (2013): \u00ab\u201dLos que volvieron a casa\u201d. El fin de ETA pol\u00edtico militar y la reinserci\u00f3n de sus miembros (1974-1985)\u00bb, <em>Historia Actual Online<\/em>, n\u00ba 32, pp. 31-41.<\/p>\n<p><a class=\"button blue  medium \" href=\"http:\/\/www.historia-actual.org\/Publicaciones\/index.php\/haol\/article\/view\/793\/855\" target=\"_blank\">Consultar PDF<\/a>[vc_empty_space height=&#8221;10&#8243;]<br \/>\n<strong>Resumen<\/strong><br \/>\nEn septiembre de 1982 se produjo la disoluci\u00f3n de ETA pol\u00edtico militar, escisi\u00f3n que hab\u00eda surgido en 1974 ante la oleada de atentados del frente militar, por lo que ETA se dividi\u00f3 en militares y pol\u00edtico militares. Los polimilis siguieron una v\u00eda que pretend\u00eda unir la lucha armada con la lucha de masas. Sin embargo, su papel en la lucha obrera fue residual, por lo los atentados siguieron capitalizando el protagonismo en la organizaci\u00f3n. En cambio, si tuvo un papel destacado el partido pol\u00edtico surgido de su desdoblamiento, EIA, nacido en 1977, y que desde muy pronto aceptar\u00e1 participar del juego pol\u00edtico. Precisamente EIA ser\u00e1 un elemento importante para que ETA pol\u00edtico militar abandone la lucha armada, al imponer una visi\u00f3n realista, en la que las conquistas pol\u00edticas como la Constituci\u00f3n o el Estatuto dejaban sin sentido a la lucha armada.<br \/>\n[vc_empty_space height=&#8221;10&#8243;]<br \/>\n<strong>Autor<\/strong><br \/>\nEduardo Parra. <a title=\"Dialnet\" href=\"http:\/\/dialnet.unirioja.es\/servlet\/autor?codigo=3321930\" target=\"_blank\">P\u00e1gina del autor en Dialnet.<\/a><br \/>\n[vc_empty_space height=&#8221;10&#8243;]<br \/>\n<strong>Tipo de documento<\/strong><br \/>\nArt\u00edculo<br \/>\n[vc_empty_space height=&#8221;10&#8243;]<br \/>\n<a title=\"Enlace alternativo\" href=\"http:\/\/dialnet.unirioja.es\/servlet\/articulo?codigo=4452352\" target=\"_blank\"><strong>Enlace alternativo.<\/strong><\/a><br \/>\n[\/vc_column_text][\/vc_column][\/vc_row]<\/p>\n<\/div>","protected":false},"excerpt":{"rendered":"<p>[vc_row][vc_column width=&#8221;1\/1&#8243;][vc_column_text][vc_empty_space height=&#8221;20&#8243;] Referencia bibliogr\u00e1fica PARRA, Eduardo (2013): \u00ab\u201dLos que volvieron a casa\u201d. El fin de ETA pol\u00edtico militar y la reinserci\u00f3n de sus miembros (1974-1985)\u00bb, Historia Actual Online, n\u00ba&hellip;<\/p>\n","protected":false},"author":1,"featured_media":0,"parent":0,"menu_order":0,"comment_status":"open","ping_status":"open","template":"","meta":{"om_disable_all_campaigns":false,"_monsterinsights_skip_tracking":false,"_monsterinsights_sitenote_active":false,"_monsterinsights_sitenote_note":"","_monsterinsights_sitenote_category":0,"_uf_show_specific_survey":0,"_uf_disable_surveys":false,"_vp_format_video_url":"","_vp_image_focal_point":[],"_vp_custom_popup_image":0,"_vp_format_audio_url":"","_vp_custom_thumbnail":0,"_vp_custom_thumbnail_focal_point":[],"_vp_hover_thumbnail":0,"_vp_hover_thumbnail_focal_point":[],"footnotes":""},"class_list":["post-4412","page","type-page","status-publish","hentry"],"aioseo_notices":[],"_links":{"self":[{"href":"https:\/\/www.arovite.com\/es\/wp-json\/wp\/v2\/pages\/4412","targetHints":{"allow":["GET"]}}],"collection":[{"href":"https:\/\/www.arovite.com\/es\/wp-json\/wp\/v2\/pages"}],"about":[{"href":"https:\/\/www.arovite.com\/es\/wp-json\/wp\/v2\/types\/page"}],"author":[{"embeddable":true,"href":"https:\/\/www.arovite.com\/es\/wp-json\/wp\/v2\/users\/1"}],"replies":[{"embeddable":true,"href":"https:\/\/www.arovite.com\/es\/wp-json\/wp\/v2\/comments?post=4412"}],"version-history":[{"count":1,"href":"https:\/\/www.arovite.com\/es\/wp-json\/wp\/v2\/pages\/4412\/revisions"}],"predecessor-version":[{"id":4421,"href":"https:\/\/www.arovite.com\/es\/wp-json\/wp\/v2\/pages\/4412\/revisions\/4421"}],"wp:attachment":[{"href":"https:\/\/www.arovite.com\/es\/wp-json\/wp\/v2\/media?parent=4412"}],"curies":[{"name":"wp","href":"https:\/\/api.w.org\/{rel}","templated":true}]}}