{"id":4407,"date":"2015-11-30T11:33:59","date_gmt":"2015-11-30T11:33:59","guid":{"rendered":"http:\/\/www.arovite.com\/?page_id=4407"},"modified":"2015-11-30T11:33:59","modified_gmt":"2015-11-30T11:33:59","slug":"barrenetxea-igor-2009","status":"publish","type":"page","link":"https:\/\/www.arovite.com\/es\/barrenetxea-igor-2009\/","title":{"rendered":"BARRENETXEA, Igor (2009)"},"content":{"rendered":"<div class=\"wpb-content-wrapper\"><p>[vc_row][vc_column width=&#8221;1\/1&#8243;][vc_column_text][vc_empty_space height=&#8221;20&#8243;]<br \/>\n<strong>Referencia bibliogr\u00e1fica<\/strong><br \/>\nBARRENETXEA, Igor (2009): \u00abTodos estamos invitados: cine, terrorismo y sociedad vasca\u00bb,<em> Sancho el Sabio<\/em>, n\u00ba 30, pp. 137-159.<\/p>\n<p><a class=\"button blue  medium \" href=\"http:\/\/www.memoriadigitalvasca.es\/applet\/libros\/JPG\/213169\/2009_01_01\/213169_2009_01_01.pdf\" target=\"_blank\">Consultar PDF<\/a>[vc_empty_space height=&#8221;10&#8243;]<br \/>\n<strong>Resumen<\/strong><br \/>\nLa cada vez mayor presencia p\u00fablica de las v\u00edctimas del terrorismo en la sociedad vasca llev\u00f3 a Manuel Guti\u00e9rrez Arag\u00f3n a filmar Todos estamos invitados. Esta es la primera pel\u00edcula de ficci\u00f3n que nos ofrece la perspectiva del modo en el que tiene que afrontar su vida una persona a partir del momento en que es amenazada por ETA. Este estudio pretende indagar en la importancia de su significado social e hist\u00f3rico del papel de las v\u00edctimas en la sociedad.<br \/>\n[vc_empty_space height=&#8221;10&#8243;]<br \/>\n<strong>Laburpena<\/strong><br \/>\nTerrorismoaren biktimen presentzia euskal gizartean geroz eta handiagoa zelaeta, Manuel Guti\u00e9rrez Arag\u00f3n jaunak Todos estamos invitados filmatu zuen. Horixe da ETAk mehatxatzen duen unetik aurrera pertsona batek bere bizitzari aurre egin behar dion moduari buruzko ikuspegi bat eskaintzen digun fikziozko lehen filma. Azterlan honen asmoa da biktimen paperak gizartean duen esanahi sozial eta historikoaren garrantzia aztertzea.<br \/>\n[vc_empty_space height=&#8221;10&#8243;]<br \/>\n<strong>Abstract<\/strong><br \/>\nThe increasingly public presence of the victims of terrorism in Basque society led Manuel Guti\u00e9rrez Arag\u00f3n to make the film Todos estamos invitados. This is the first work of fiction giving us the perspective of how people cope from the moment they are threatened by ETA. This study aims to investigate the importance of the social and historical meaning of the role played by victims in society.<br \/>\n[vc_empty_space height=&#8221;10&#8243;]<br \/>\n<strong>Autor<\/strong><br \/>\nIgor Barrenetxea Mara\u00f1\u00f3n. <a title=\"Dialnet\" href=\"http:\/\/dialnet.unirioja.es\/servlet\/autor?codigo=153222\" target=\"_blank\">P\u00e1gina del autor en Dialnet.<\/a><br \/>\n[vc_empty_space height=&#8221;10&#8243;]<br \/>\n<strong>Tipo de documento<\/strong><br \/>\nArt\u00edculo<br \/>\n[vc_empty_space height=&#8221;10&#8243;]<br \/>\n<a title=\"Enlace alternativo\" href=\"http:\/\/dialnet.unirioja.es\/servlet\/articulo?codigo=3037365\" target=\"_blank\">Enlace alternativo.<\/a><br \/>\n[vc_empty_space height=&#8221;10&#8243;]<br \/>\n[\/vc_column_text][\/vc_column][\/vc_row]<\/p>\n<\/div>","protected":false},"excerpt":{"rendered":"<p>[vc_row][vc_column width=&#8221;1\/1&#8243;][vc_column_text][vc_empty_space height=&#8221;20&#8243;] Referencia bibliogr\u00e1fica BARRENETXEA, Igor (2009): \u00abTodos estamos invitados: cine, terrorismo y sociedad vasca\u00bb, Sancho el Sabio, n\u00ba 30, pp. 137-159. Consultar PDF[vc_empty_space height=&#8221;10&#8243;] Resumen La cada vez&hellip;<\/p>\n","protected":false},"author":2,"featured_media":0,"parent":0,"menu_order":0,"comment_status":"open","ping_status":"open","template":"","meta":{"om_disable_all_campaigns":false,"_monsterinsights_skip_tracking":false,"_monsterinsights_sitenote_active":false,"_monsterinsights_sitenote_note":"","_monsterinsights_sitenote_category":0,"_uf_show_specific_survey":0,"_uf_disable_surveys":false,"_vp_format_video_url":"","_vp_image_focal_point":[],"_vp_custom_popup_image":0,"_vp_format_audio_url":"","_vp_custom_thumbnail":0,"_vp_custom_thumbnail_focal_point":[],"_vp_hover_thumbnail":0,"_vp_hover_thumbnail_focal_point":[],"footnotes":""},"class_list":["post-4407","page","type-page","status-publish","hentry"],"aioseo_notices":[],"_links":{"self":[{"href":"https:\/\/www.arovite.com\/es\/wp-json\/wp\/v2\/pages\/4407","targetHints":{"allow":["GET"]}}],"collection":[{"href":"https:\/\/www.arovite.com\/es\/wp-json\/wp\/v2\/pages"}],"about":[{"href":"https:\/\/www.arovite.com\/es\/wp-json\/wp\/v2\/types\/page"}],"author":[{"embeddable":true,"href":"https:\/\/www.arovite.com\/es\/wp-json\/wp\/v2\/users\/2"}],"replies":[{"embeddable":true,"href":"https:\/\/www.arovite.com\/es\/wp-json\/wp\/v2\/comments?post=4407"}],"version-history":[{"count":1,"href":"https:\/\/www.arovite.com\/es\/wp-json\/wp\/v2\/pages\/4407\/revisions"}],"predecessor-version":[{"id":4408,"href":"https:\/\/www.arovite.com\/es\/wp-json\/wp\/v2\/pages\/4407\/revisions\/4408"}],"wp:attachment":[{"href":"https:\/\/www.arovite.com\/es\/wp-json\/wp\/v2\/media?parent=4407"}],"curies":[{"name":"wp","href":"https:\/\/api.w.org\/{rel}","templated":true}]}}