{"id":4368,"date":"2015-11-30T11:19:16","date_gmt":"2015-11-30T11:19:16","guid":{"rendered":"http:\/\/www.arovite.com\/?page_id=4368"},"modified":"2015-11-30T11:19:16","modified_gmt":"2015-11-30T11:19:16","slug":"serrano-agata-2012","status":"publish","type":"page","link":"https:\/\/www.arovite.com\/es\/serrano-agata-2012\/","title":{"rendered":"SERRAN\u00d2, Agata (2012)"},"content":{"rendered":"<div class=\"wpb-content-wrapper\"><p>[vc_row][vc_column width=&#8221;1\/1&#8243;][vc_column_text][vc_empty_space height=&#8221;20&#8243;]<br \/>\n<strong>Referencia bibliogr\u00e1fica<\/strong><br \/>\nSERRAN\u00d2, Agata (2012): \u00abLa lucha social contra el terrorismo: testimonios de algunas v\u00edctimas de ETA\u00bb, <em>Eguzkilore<\/em>, n\u00ba 26, pp. 253-279.<\/p>\n<p><a class=\"button blue  medium \" href=\"http:\/\/www.ehu.eus\/documents\/1736829\/2177136\/Serrano+Eguzkilore+26-24.pdf\" target=\"_blank\">Consultar PDF<\/a>[vc_empty_space height=&#8221;10&#8243;]<br \/>\n<strong>Resumen<\/strong><br \/>\nEste art\u00edculo se propone desmentir algunos falsos mitos en torno a las v\u00edctimas del terrorismo, considerando que ellas y toda la sociedad civil pueden\/deben ser actores relevantes y eficaces en la lucha social contra el terrorismo. A trav\u00e9s de conmovedores testimonios de algunas v\u00edctimas de ETA, la investigaci\u00f3n invita a la sociedad espa\u00f1ola, a la pol\u00edtica y a las instituciones democr\u00e1ticas a asumir importantes responsabilidades p\u00fablicas y colectivas frente a los cr\u00edmenes terroristas y a sus v\u00edctimas. Asumir las responsabilidades de deslegitimar la narrativa terrorista, distinguir entre qui\u00e9n es la v\u00edctima del terrorismo y qui\u00e9nes son los verdugos, impedir la impunidad de los terroristas, reconocer plenamente la significaci\u00f3n de las v\u00edctimas ser\u00eda un primer paso para pagar la incompensable deuda moral y colectiva que todos hemos adquirido con las v\u00edctimas del terrorismo.<br \/>\n[vc_empty_space height=&#8221;10&#8243;]<br \/>\n<strong>Laburpena<\/strong><br \/>\nArtikulu honen helburua terrorismoaren biktimei buruzko zenbait mito faltsu gezurtatzea da, horiek eta gizarte zibil osoa terrorismoaren aurkako gizarte-borrokan eragile garrantzitsuak eta eraginkorrak izan daitezkeela edo izan behar dutela kontuan hartuta. ETAren biktimen zenbait testigantza hunkigarriren bidez, ikerketak Espainiako gizartea, politika eta erakunde demokratikoak gonbidatzen ditu ardura publiko eta kolektibo garrantzitsuak onartzera, krimen terroristen eta horien biktimen aurrean. Kontakizun terroristari zilegitasuna kentzeko ardurak onartzea, terrorismoaren biktimak eta gaizkileak nor diren bereiztea, terroristen zigorgabetasuna galaraztea eta biktimen garrantzia erabat aitortzea izango lirateke lehenengo urratsa guztiok terrorismoaren biktimekin dugun zor moral eta kolektibo ordainezina ordaintzeko.<br \/>\n[vc_empty_space height=&#8221;10&#8243;]<br \/>\n<strong>Abstract<\/strong><br \/>\nThis article deals with some commonly held false myths about the victims of terrorism; it holds that they, and all of civil society, can\/should be key, active agents of the social fight against terrorism. Through the moving testimony of some victims of ETA, the research presented in the article invites Spanish society, the political class and democratic institutions to assume public and collective responsibilities in the face of terrorist crimes and the victims of such crime. It urges them to assume the responsibility of refusing to give legitimacy to the terrorist narrative, of distinguishing between who is the victim of terrorism and who are the executioners, and of preventing the impunity of terrorists. Fully recognising the meaning of the word victims would be a first step towards paying the moral and collective debt that can never be paid to such victims, but which is a debt that we have all acquired with victims of terrorism.<br \/>\n[vc_empty_space height=&#8221;10&#8243;]<br \/>\n<strong>Autor<\/strong><br \/>\nAgata Serran\u00f2. <a title=\"Dialnet\" href=\"http:\/\/dialnet.unirioja.es\/servlet\/autor?codigo=3040680\" target=\"_blank\">P\u00e1gina del autor en Dialnet.<\/a><br \/>\n[vc_empty_space height=&#8221;10&#8243;]<br \/>\n<strong>Tipo de documento<\/strong><br \/>\nArt\u00edculo<br \/>\n[vc_empty_space height=&#8221;10&#8243;]<br \/>\n<a title=\"Enlace alternativo\" href=\"http:\/\/dialnet.unirioja.es\/servlet\/articulo?codigo=4080331\" target=\"_blank\"><strong>Enlace alternativo.<\/strong><\/a><br \/>\n[\/vc_column_text][\/vc_column][\/vc_row]<\/p>\n<\/div>","protected":false},"excerpt":{"rendered":"<p>[vc_row][vc_column width=&#8221;1\/1&#8243;][vc_column_text][vc_empty_space height=&#8221;20&#8243;] Referencia bibliogr\u00e1fica SERRAN\u00d2, Agata (2012): \u00abLa lucha social contra el terrorismo: testimonios de algunas v\u00edctimas de ETA\u00bb, Eguzkilore, n\u00ba 26, pp. 253-279. Consultar PDF[vc_empty_space height=&#8221;10&#8243;] Resumen Este&hellip;<\/p>\n","protected":false},"author":1,"featured_media":0,"parent":0,"menu_order":0,"comment_status":"open","ping_status":"open","template":"","meta":{"om_disable_all_campaigns":false,"_monsterinsights_skip_tracking":false,"_monsterinsights_sitenote_active":false,"_monsterinsights_sitenote_note":"","_monsterinsights_sitenote_category":0,"_uf_show_specific_survey":0,"_uf_disable_surveys":false,"_vp_format_video_url":"","_vp_image_focal_point":[],"_vp_custom_popup_image":0,"_vp_format_audio_url":"","_vp_custom_thumbnail":0,"_vp_custom_thumbnail_focal_point":[],"_vp_hover_thumbnail":0,"_vp_hover_thumbnail_focal_point":[],"footnotes":""},"class_list":["post-4368","page","type-page","status-publish","hentry"],"aioseo_notices":[],"_links":{"self":[{"href":"https:\/\/www.arovite.com\/es\/wp-json\/wp\/v2\/pages\/4368","targetHints":{"allow":["GET"]}}],"collection":[{"href":"https:\/\/www.arovite.com\/es\/wp-json\/wp\/v2\/pages"}],"about":[{"href":"https:\/\/www.arovite.com\/es\/wp-json\/wp\/v2\/types\/page"}],"author":[{"embeddable":true,"href":"https:\/\/www.arovite.com\/es\/wp-json\/wp\/v2\/users\/1"}],"replies":[{"embeddable":true,"href":"https:\/\/www.arovite.com\/es\/wp-json\/wp\/v2\/comments?post=4368"}],"version-history":[{"count":1,"href":"https:\/\/www.arovite.com\/es\/wp-json\/wp\/v2\/pages\/4368\/revisions"}],"predecessor-version":[{"id":4375,"href":"https:\/\/www.arovite.com\/es\/wp-json\/wp\/v2\/pages\/4368\/revisions\/4375"}],"wp:attachment":[{"href":"https:\/\/www.arovite.com\/es\/wp-json\/wp\/v2\/media?parent=4368"}],"curies":[{"name":"wp","href":"https:\/\/api.w.org\/{rel}","templated":true}]}}