{"id":4345,"date":"2015-11-30T11:06:07","date_gmt":"2015-11-30T11:06:07","guid":{"rendered":"http:\/\/www.arovite.com\/?page_id=4345"},"modified":"2015-11-30T11:06:07","modified_gmt":"2015-11-30T11:06:07","slug":"subijana-zunzunegui-ignacio-jose-2009","status":"publish","type":"page","link":"https:\/\/www.arovite.com\/es\/subijana-zunzunegui-ignacio-jose-2009\/","title":{"rendered":"SUBIJANA ZUNZUNEGUI, Ignacio Jos\u00e9 (2009)"},"content":{"rendered":"<div class=\"wpb-content-wrapper\"><p>[vc_row][vc_column width=&#8221;1\/1&#8243;][vc_column_text][vc_empty_space height=&#8221;20&#8243;]<br \/>\n<strong>Referencia bibliogr\u00e1fica<\/strong><br \/>\nSUBIJANA ZUNZUNEGUI, Ignacio Jos\u00e9 (2009): \u00abLa justicia a las v\u00edctimas del terrorismo. Una ex\u00e9gesis de la prescripci\u00f3n compatible con el relato de las v\u00edctimas\u00bb, <em>Eguzkilore<\/em>, n\u00ba 23, pp. 79-86.<\/p>\n<p><a class=\"button blue  medium \" href=\"http:\/\/www.ehu.eus\/documents\/1736829\/2176697\/08-Subijana.indd.pdf\" target=\"_blank\">Consultar PDF<\/a>[vc_empty_space height=&#8221;10&#8243;]<br \/>\n<strong>Resumen<\/strong><br \/>\nEl terrorismo es una forma de criminalidad que genera una victimaci\u00f3n especialmente severa. Su designaci\u00f3n como macrovictimaci\u00f3n, formulada por el maestro Antonio Beristain refleja, con suma nitidez, el indefinido n\u00famero de v\u00edctimas directas e indirectas que su existencia provoca. No en vano, se trata, esencialmente, de actos gravemente criminales (causaci\u00f3n intencionada de la muerte, graves lesiones o injerencias inadmisibles de la libertad o seguridad) cometidos por una organizaci\u00f3n que trata de crear un estado de terror en sectores significativos de la poblaci\u00f3n con la finalidad de lograr sus objetivos ideol\u00f3gicos (pol\u00edticos o religiosos, b\u00e1sicamente) a trav\u00e9s del desistimiento c\u00edvico o el condicionamiento injustificado de las pol\u00edticas dise\u00f1adas e implementadas por los poderes p\u00fablicos.<br \/>\n[vc_empty_space height=&#8221;10&#8243;]<br \/>\n<strong>Autor<\/strong><br \/>\nIgnacio Jos\u00e9 Subijana. <a title=\"Dialnet\" href=\"http:\/\/dialnet.unirioja.es\/servlet\/autor?codigo=192141\" target=\"_blank\">P\u00e1gina del autor en Dialnet.<\/a><br \/>\n[vc_empty_space height=&#8221;10&#8243;]<br \/>\n<strong>Tipo de documento<\/strong><br \/>\nArt\u00edculo<br \/>\n[vc_empty_space height=&#8221;10&#8243;]<br \/>\n<a title=\"Enlace alternativo\" href=\"http:\/\/dialnet.unirioja.es\/servlet\/articulo?codigo=3343335\" target=\"_blank\"><strong>Enlace alternativo.<\/strong><\/a><br \/>\n[\/vc_column_text][\/vc_column][\/vc_row]<\/p>\n<\/div>","protected":false},"excerpt":{"rendered":"<p>[vc_row][vc_column width=&#8221;1\/1&#8243;][vc_column_text][vc_empty_space height=&#8221;20&#8243;] Referencia bibliogr\u00e1fica SUBIJANA ZUNZUNEGUI, Ignacio Jos\u00e9 (2009): \u00abLa justicia a las v\u00edctimas del terrorismo. Una ex\u00e9gesis de la prescripci\u00f3n compatible con el relato de las v\u00edctimas\u00bb, Eguzkilore,&hellip;<\/p>\n","protected":false},"author":1,"featured_media":0,"parent":0,"menu_order":0,"comment_status":"open","ping_status":"open","template":"","meta":{"om_disable_all_campaigns":false,"_monsterinsights_skip_tracking":false,"_monsterinsights_sitenote_active":false,"_monsterinsights_sitenote_note":"","_monsterinsights_sitenote_category":0,"_uf_show_specific_survey":0,"_uf_disable_surveys":false,"_vp_format_video_url":"","_vp_image_focal_point":[],"_vp_custom_popup_image":0,"_vp_format_audio_url":"","_vp_custom_thumbnail":0,"_vp_custom_thumbnail_focal_point":[],"_vp_hover_thumbnail":0,"_vp_hover_thumbnail_focal_point":[],"footnotes":""},"class_list":["post-4345","page","type-page","status-publish","hentry"],"aioseo_notices":[],"_links":{"self":[{"href":"https:\/\/www.arovite.com\/es\/wp-json\/wp\/v2\/pages\/4345","targetHints":{"allow":["GET"]}}],"collection":[{"href":"https:\/\/www.arovite.com\/es\/wp-json\/wp\/v2\/pages"}],"about":[{"href":"https:\/\/www.arovite.com\/es\/wp-json\/wp\/v2\/types\/page"}],"author":[{"embeddable":true,"href":"https:\/\/www.arovite.com\/es\/wp-json\/wp\/v2\/users\/1"}],"replies":[{"embeddable":true,"href":"https:\/\/www.arovite.com\/es\/wp-json\/wp\/v2\/comments?post=4345"}],"version-history":[{"count":1,"href":"https:\/\/www.arovite.com\/es\/wp-json\/wp\/v2\/pages\/4345\/revisions"}],"predecessor-version":[{"id":4347,"href":"https:\/\/www.arovite.com\/es\/wp-json\/wp\/v2\/pages\/4345\/revisions\/4347"}],"wp:attachment":[{"href":"https:\/\/www.arovite.com\/es\/wp-json\/wp\/v2\/media?parent=4345"}],"curies":[{"name":"wp","href":"https:\/\/api.w.org\/{rel}","templated":true}]}}