{"id":4298,"date":"2015-11-30T10:54:10","date_gmt":"2015-11-30T10:54:10","guid":{"rendered":"http:\/\/www.arovite.com\/?page_id=4298"},"modified":"2015-12-30T13:19:41","modified_gmt":"2015-12-30T13:19:41","slug":"toscano-roberto-morales-covadonga-nunez-villaverde-jesus-a-y-rey-marcos-francisco-2015","status":"publish","type":"page","link":"https:\/\/www.arovite.com\/es\/toscano-roberto-morales-covadonga-nunez-villaverde-jesus-a-y-rey-marcos-francisco-2015\/","title":{"rendered":"TOSCANO, Roberto, MORALES, Covadonga, N\u00da\u00d1EZ VILLAVERDE, Jes\u00fas A. y REY MARCOS, Francisco (2015)"},"content":{"rendered":"<div class=\"wpb-content-wrapper\"><p>[vc_row][vc_column width=&#8221;1\/1&#8243;][vc_column_text][vc_empty_space height=&#8221;20&#8243;]<br \/>\n<strong>Referencia bibliogr\u00e1fica<\/strong><br \/>\nTOSCANO, Roberto, MORALES, Covadonga, N\u00da\u00d1EZ VILLAVERDE, Jes\u00fas A. y REY MARCOS, Francisco (2015): <em>Evaluaci\u00f3n intermedia del Plan de Paz y Convivencia del Gobierno Vasco, 2013-2016: informe final<\/em>. Secretar\u00eda General para la Paz y Convivencia, Gobierno Vasco.<\/p>\n<p><a class=\"button blue  medium \" href=\"http:\/\/www.arovite.com\/documentos\/2015_Toscano_et_al.pdf\" target=\"_blank\">Consultar PDF<\/a>[vc_empty_space height=&#8221;10&#8243;]<br \/>\n<strong>Resumen<\/strong><br \/>\nLa evaluaci\u00f3n intermedia del Plan de Paz y Convivencia del Gobierno Vasco, dado su car\u00e1cter de evaluaci\u00f3n de medio t\u00e9rmino, se ha volcado m\u00e1s hacia las posibles propuestas de mejora que a la mera enumeraci\u00f3n y rendici\u00f3n de cuentas de lo realizado hasta la fecha. Su alcance, conclusiones y recomendaciones deben ser entendidos, por tanto, como provisionales.<br \/>\n[vc_empty_space height=&#8221;10&#8243;]<br \/>\n<strong>Autor<\/strong><br \/>\nRoberto Toscano. <a title=\"Dialnet\" href=\"http:\/\/dialnet.unirioja.es\/servlet\/autor?codigo=146881\" target=\"_blank\">P\u00e1gina del autor en Dialnet.<\/a><br \/>\nCovadonga Morales. <a title=\"Dialnet\" href=\"http:\/\/dialnet.unirioja.es\/servlet\/autor?codigo=1158202\" target=\"_blank\">P\u00e1gina del autor en Dialnet.<\/a><br \/>\nJes\u00fas A. N\u00fa\u00f1ez Villaverde. <a title=\"Dialnet\" href=\"http:\/\/dialnet.unirioja.es\/servlet\/autor?codigo=111219\" target=\"_blank\">P\u00e1gina del autor en Dialnet.<\/a><br \/>\nFrancisco Rey Marcos. <a title=\"Dialnet\" href=\"http:\/\/dialnet.unirioja.es\/servlet\/autor?codigo=563060\" target=\"_blank\">P\u00e1gina del autor en Dialnet.<\/a><br \/>\n[vc_empty_space height=&#8221;10&#8243;]<br \/>\n<strong>Tipo de documento<\/strong><br \/>\nInforme<br \/>\n[vc_empty_space height=&#8221;10&#8243;]<br \/>\n<a title=\"Enlace alternativo\" href=\"https:\/\/www.irekia.euskadi.eus\/uploads\/attachments\/6857\/EVALUACION_PLAN_DE_PAZ_CAST_(1).pdf?1441792523\" target=\"_blank\"><strong>Enlace alternativo.<\/strong><\/a><br \/>\n[\/vc_column_text][\/vc_column][\/vc_row]<\/p>\n<\/div>","protected":false},"excerpt":{"rendered":"<p>[vc_row][vc_column width=&#8221;1\/1&#8243;][vc_column_text][vc_empty_space height=&#8221;20&#8243;] Referencia bibliogr\u00e1fica TOSCANO, Roberto, MORALES, Covadonga, N\u00da\u00d1EZ VILLAVERDE, Jes\u00fas A. y REY MARCOS, Francisco (2015): Evaluaci\u00f3n intermedia del Plan de Paz y Convivencia del Gobierno Vasco, 2013-2016:&hellip;<\/p>\n","protected":false},"author":1,"featured_media":0,"parent":0,"menu_order":0,"comment_status":"open","ping_status":"open","template":"","meta":{"om_disable_all_campaigns":false,"_monsterinsights_skip_tracking":false,"_monsterinsights_sitenote_active":false,"_monsterinsights_sitenote_note":"","_monsterinsights_sitenote_category":0,"_uf_show_specific_survey":0,"_uf_disable_surveys":false,"_vp_format_video_url":"","_vp_image_focal_point":[],"_vp_custom_popup_image":0,"_vp_format_audio_url":"","_vp_custom_thumbnail":0,"_vp_custom_thumbnail_focal_point":[],"_vp_hover_thumbnail":0,"_vp_hover_thumbnail_focal_point":[],"footnotes":""},"class_list":["post-4298","page","type-page","status-publish","hentry"],"aioseo_notices":[],"_links":{"self":[{"href":"https:\/\/www.arovite.com\/es\/wp-json\/wp\/v2\/pages\/4298","targetHints":{"allow":["GET"]}}],"collection":[{"href":"https:\/\/www.arovite.com\/es\/wp-json\/wp\/v2\/pages"}],"about":[{"href":"https:\/\/www.arovite.com\/es\/wp-json\/wp\/v2\/types\/page"}],"author":[{"embeddable":true,"href":"https:\/\/www.arovite.com\/es\/wp-json\/wp\/v2\/users\/1"}],"replies":[{"embeddable":true,"href":"https:\/\/www.arovite.com\/es\/wp-json\/wp\/v2\/comments?post=4298"}],"version-history":[{"count":3,"href":"https:\/\/www.arovite.com\/es\/wp-json\/wp\/v2\/pages\/4298\/revisions"}],"predecessor-version":[{"id":5551,"href":"https:\/\/www.arovite.com\/es\/wp-json\/wp\/v2\/pages\/4298\/revisions\/5551"}],"wp:attachment":[{"href":"https:\/\/www.arovite.com\/es\/wp-json\/wp\/v2\/media?parent=4298"}],"curies":[{"name":"wp","href":"https:\/\/api.w.org\/{rel}","templated":true}]}}