{"id":4293,"date":"2015-11-30T10:48:49","date_gmt":"2015-11-30T10:48:49","guid":{"rendered":"http:\/\/www.arovite.com\/?page_id=4293"},"modified":"2015-11-30T10:48:49","modified_gmt":"2015-11-30T10:48:49","slug":"ugarte-javier-2000","status":"publish","type":"page","link":"https:\/\/www.arovite.com\/es\/ugarte-javier-2000\/","title":{"rendered":"UGARTE, Javier (2000)"},"content":{"rendered":"<div class=\"wpb-content-wrapper\"><p>[vc_row][vc_column width=&#8221;1\/1&#8243;][vc_column_text][vc_empty_space height=&#8221;20&#8243;]<br \/>\n<strong>Referencia bibliogr\u00e1fica<\/strong><br \/>\nUGARTE, Javier (2000): \u00abLos or\u00edgenes documentales de Imanol Uribe: El proceso de Burgos\u00bb, en PABLO, Santiago de (ed.): <em>La historia a trav\u00e9s del cine: Europa del Este y la ca\u00edda del muro. El franquismo<\/em>. Bilbao: Universidad del Pa\u00eds Vasco, pp. 109-122.<\/p>\n<p><a class=\"button blue  medium \" href=\"http:\/\/dialnet.unirioja.es\/servlet\/articulo?codigo=1199133\" target=\"_blank\">Consultar PDF<\/a>[vc_empty_space height=&#8221;10&#8243;]<br \/>\n<strong>Resumen<\/strong><br \/>\nSi la historia no queda como tal sino en el rastro que deja en los documentos y testimonios de \u00e9poca, est\u00e1 claro que la historia del siglo XX que acaba deber\u00e1 hacerse \u2013ya se est\u00e1 haciendo\u2013 a partir tambi\u00e9n del material audiovisual que ha ido generando. El cine, que es arte y entretenimiento, es tambi\u00e9n documento de una \u00e9poca. Muy especialmente en los casos en que existe esa voluntad expresa en el realizador (cine realista o documental). Todo muy evidente. Pero viene a cuento pues \u00e9se va a ser precisamente el caso que nos va a ocupar aqu\u00ed. Y, tambi\u00e9n, porque de la apelaci\u00f3n acr\u00edtica a un documento cinematogr\u00e1fico (a cualquier documento, pero especialmente el cinematogr\u00e1fico, dada su influencia entre amplias capas de poblaci\u00f3n), como en ocasiones se ha hecho, puede derivarse la difusi\u00f3n de t\u00f3picos arraigados, de enga\u00f1os sutiles o groseros, que no producen, en definitiva, sino desinformaci\u00f3n sobre ciertos fen\u00f3menos o periodos hist\u00f3ricos. Falsificaci\u00f3n de la historia, al fin y al cabo, tal como con fina iron\u00eda y con sabidur\u00eda se\u00f1alara en su d\u00eda Julio Caro Baroja. Quede pues establecido desde ahora, que la pel\u00edcula aqu\u00ed comentada relata hechos ocurridos en 1970 y antes, en los sesenta, en el Pa\u00eds Vasco, no despu\u00e9s, como insin\u00faan sus \u00faltimos minutos; que est\u00e1 realizada al final de los setenta (de lo que se derivan algunos problemas y anacronismos que luego comentar\u00e9), y que tiene el sello inconfundible del autor y su, por entonces, vocaci\u00f3n notarial. Tiempo de referencia, tiempo de realizaci\u00f3n y tiempo de visionado, que habr\u00e1 que considerar a la hora de apreciar la informaci\u00f3n que ofrece.<br \/>\n[vc_empty_space height=&#8221;10&#8243;]<br \/>\n<strong>Autor<\/strong><br \/>\nJavier Ugarte. <a title=\"Dialnet\" href=\"http:\/\/dialnet.unirioja.es\/servlet\/autor?codigo=179712\" target=\"_blank\">P\u00e1gina del autor en Dialnet.<\/a><br \/>\n[vc_empty_space height=&#8221;10&#8243;]<br \/>\n<strong>Tipo de documento<\/strong><br \/>\nCap\u00edtulo de libro<br \/>\n[\/vc_column_text][\/vc_column][\/vc_row]<\/p>\n<\/div>","protected":false},"excerpt":{"rendered":"<p>[vc_row][vc_column width=&#8221;1\/1&#8243;][vc_column_text][vc_empty_space height=&#8221;20&#8243;] Referencia bibliogr\u00e1fica UGARTE, Javier (2000): \u00abLos or\u00edgenes documentales de Imanol Uribe: El proceso de Burgos\u00bb, en PABLO, Santiago de (ed.): La historia a trav\u00e9s del cine: Europa&hellip;<\/p>\n","protected":false},"author":1,"featured_media":0,"parent":0,"menu_order":0,"comment_status":"open","ping_status":"open","template":"","meta":{"om_disable_all_campaigns":false,"_monsterinsights_skip_tracking":false,"_monsterinsights_sitenote_active":false,"_monsterinsights_sitenote_note":"","_monsterinsights_sitenote_category":0,"_uf_show_specific_survey":0,"_uf_disable_surveys":false,"_vp_format_video_url":"","_vp_image_focal_point":[],"_vp_custom_popup_image":0,"_vp_format_audio_url":"","_vp_custom_thumbnail":0,"_vp_custom_thumbnail_focal_point":[],"_vp_hover_thumbnail":0,"_vp_hover_thumbnail_focal_point":[],"footnotes":""},"class_list":["post-4293","page","type-page","status-publish","hentry"],"aioseo_notices":[],"_links":{"self":[{"href":"https:\/\/www.arovite.com\/es\/wp-json\/wp\/v2\/pages\/4293","targetHints":{"allow":["GET"]}}],"collection":[{"href":"https:\/\/www.arovite.com\/es\/wp-json\/wp\/v2\/pages"}],"about":[{"href":"https:\/\/www.arovite.com\/es\/wp-json\/wp\/v2\/types\/page"}],"author":[{"embeddable":true,"href":"https:\/\/www.arovite.com\/es\/wp-json\/wp\/v2\/users\/1"}],"replies":[{"embeddable":true,"href":"https:\/\/www.arovite.com\/es\/wp-json\/wp\/v2\/comments?post=4293"}],"version-history":[{"count":1,"href":"https:\/\/www.arovite.com\/es\/wp-json\/wp\/v2\/pages\/4293\/revisions"}],"predecessor-version":[{"id":4295,"href":"https:\/\/www.arovite.com\/es\/wp-json\/wp\/v2\/pages\/4293\/revisions\/4295"}],"wp:attachment":[{"href":"https:\/\/www.arovite.com\/es\/wp-json\/wp\/v2\/media?parent=4293"}],"curies":[{"name":"wp","href":"https:\/\/api.w.org\/{rel}","templated":true}]}}