{"id":4272,"date":"2015-11-30T10:43:06","date_gmt":"2015-11-30T10:43:06","guid":{"rendered":"http:\/\/www.arovite.com\/?page_id=4272"},"modified":"2015-11-30T10:44:24","modified_gmt":"2015-11-30T10:44:24","slug":"panisello-susana-2014-2","status":"publish","type":"page","link":"https:\/\/www.arovite.com\/es\/panisello-susana-2014-2\/","title":{"rendered":"PANISELLO, Susana (2014)"},"content":{"rendered":"<div class=\"wpb-content-wrapper\"><p>[vc_row][vc_column width=&#8221;1\/1&#8243;][vc_column_text][vc_empty_space height=&#8221;20&#8243;]<br \/>\n<strong>Referencia bibliogr\u00e1fica<\/strong><br \/>\nPANISELLO, Susana (2014): \u00abOperaci\u00f3n Ron A\u00f1ejo. La investigaci\u00f3n de la AVT sobre los deportados de ETA\u00bb, <em>Historia Actual Online<\/em>, n\u00ba 35, pp. 163-172.<\/p>\n<p><a class=\"button blue  medium \" href=\"http:\/\/www.historia-actual.org\/Publicaciones\/index.php\/haol\/article\/view\/884\/956\" target=\"_blank\">Consultar PDF<\/a>[vc_empty_space height=&#8221;10&#8243;]<br \/>\n<strong>Resumen<\/strong><br \/>\nEn los a\u00f1os 1994 y 1996, la Asociaci\u00f3n V\u00edctimas del Terrorismo (AVT) encarg\u00f3 a personas de su confianza que emprendieran un viaje a ciertos pa\u00edses latinoamericanos porque ten\u00edan la certeza que all\u00ed viv\u00edan miembros de ETA con total impunidad. Los expertos volvieron con una investigaci\u00f3n que se public\u00f3 en el diario ABC en la que denunciaron que el Gobierno espa\u00f1ol conoc\u00eda que dichas personas viv\u00edan en estos pa\u00edses y que no hac\u00eda nada para acabar con ello. Lo que la AVT y sus colaborado-res no publicaron era que estas personas no eran miembros de ETA fugados, como se aseguraba, sino que por una decisi\u00f3n entre los Gobiernos espa\u00f1ol, franc\u00e9s y el de determinados pa\u00edses, hab\u00edan sido deportados y que \u00e9sta era la raz\u00f3n por la que los dirigentes espa\u00f1oles manten\u00edan una actitud inmovilista con el tema.<br \/>\n[vc_empty_space height=&#8221;10&#8243;]<br \/>\n<strong>Abstract<\/strong><br \/>\nIn 1994 and 1996, the Victims of Terrorism Association commissioned people you trust to undertake a trip to some Latin American countries because they were certain that ETA members living there with impunity. The experts came back with an investigation that was published in the newspaper ABC in which charged that the Spanish government knew that these people were living in these countries and that did nothing to stop it. What the AVT and colleagues did not post was that these people were not members of ETA fugitives, as claimed, but a decision between the Spanish, French and certain countries governments, had been deported and that this was the reason that Spanish leaders maintained an unchanging attitude to the subject.<br \/>\n[vc_empty_space height=&#8221;10&#8243;]<br \/>\n<strong>Autor<\/strong><br \/>\nSusana Panisello. <a title=\"Dialnet\" href=\"http:\/\/dialnet.unirioja.es\/servlet\/autor?codigo=3462363\" target=\"_blank\">P\u00e1gina del autor en Dialnet.<\/a><br \/>\n[vc_empty_space height=&#8221;10&#8243;]<br \/>\n<strong>Tipo de documento<\/strong><br \/>\nArt\u00edculo<br \/>\n[vc_empty_space height=&#8221;10&#8243;]<br \/>\n<a title=\"Enlace alternativo\" href=\"http:\/\/dialnet.unirioja.es\/servlet\/articulo?codigo=5015820\" target=\"_blank\"><strong>Enlace alternativo.<\/strong><\/a><br \/>\n[\/vc_column_text][\/vc_column][\/vc_row]<\/p>\n<\/div>","protected":false},"excerpt":{"rendered":"<p>[vc_row][vc_column width=&#8221;1\/1&#8243;][vc_column_text][vc_empty_space height=&#8221;20&#8243;] Referencia bibliogr\u00e1fica PANISELLO, Susana (2014): \u00abOperaci\u00f3n Ron A\u00f1ejo. La investigaci\u00f3n de la AVT sobre los deportados de ETA\u00bb, Historia Actual Online, n\u00ba 35, pp. 163-172. Consultar PDF[vc_empty_space&hellip;<\/p>\n","protected":false},"author":1,"featured_media":0,"parent":0,"menu_order":0,"comment_status":"open","ping_status":"open","template":"","meta":{"om_disable_all_campaigns":false,"_monsterinsights_skip_tracking":false,"_monsterinsights_sitenote_active":false,"_monsterinsights_sitenote_note":"","_monsterinsights_sitenote_category":0,"_uf_show_specific_survey":0,"_uf_disable_surveys":false,"_vp_format_video_url":"","_vp_image_focal_point":[],"_vp_custom_popup_image":0,"_vp_format_audio_url":"","_vp_custom_thumbnail":0,"_vp_custom_thumbnail_focal_point":[],"_vp_hover_thumbnail":0,"_vp_hover_thumbnail_focal_point":[],"footnotes":""},"class_list":["post-4272","page","type-page","status-publish","hentry"],"aioseo_notices":[],"_links":{"self":[{"href":"https:\/\/www.arovite.com\/es\/wp-json\/wp\/v2\/pages\/4272","targetHints":{"allow":["GET"]}}],"collection":[{"href":"https:\/\/www.arovite.com\/es\/wp-json\/wp\/v2\/pages"}],"about":[{"href":"https:\/\/www.arovite.com\/es\/wp-json\/wp\/v2\/types\/page"}],"author":[{"embeddable":true,"href":"https:\/\/www.arovite.com\/es\/wp-json\/wp\/v2\/users\/1"}],"replies":[{"embeddable":true,"href":"https:\/\/www.arovite.com\/es\/wp-json\/wp\/v2\/comments?post=4272"}],"version-history":[{"count":1,"href":"https:\/\/www.arovite.com\/es\/wp-json\/wp\/v2\/pages\/4272\/revisions"}],"predecessor-version":[{"id":4283,"href":"https:\/\/www.arovite.com\/es\/wp-json\/wp\/v2\/pages\/4272\/revisions\/4283"}],"wp:attachment":[{"href":"https:\/\/www.arovite.com\/es\/wp-json\/wp\/v2\/media?parent=4272"}],"curies":[{"name":"wp","href":"https:\/\/api.w.org\/{rel}","templated":true}]}}