{"id":4256,"date":"2015-11-30T10:35:20","date_gmt":"2015-11-30T10:35:20","guid":{"rendered":"http:\/\/www.arovite.com\/?page_id=4256"},"modified":"2015-11-30T10:35:20","modified_gmt":"2015-11-30T10:35:20","slug":"veres-luis-2013","status":"publish","type":"page","link":"https:\/\/www.arovite.com\/es\/veres-luis-2013\/","title":{"rendered":"VERES, Luis (2013)"},"content":{"rendered":"<div class=\"wpb-content-wrapper\"><p>[vc_row][vc_column width=&#8221;1\/1&#8243;][vc_column_text][vc_empty_space height=&#8221;20&#8243;]<br \/>\n<strong>Referencia bibliogr\u00e1fica<\/strong><br \/>\nVERES, Luis (2013): \u00abTerrorismo, cine y novela en la Espa\u00f1a del siglo XXI\u00bb, <em>Eu-top\u00edas<\/em>, n\u00ba 6, pp. 51-67.<\/p>\n<p><a class=\"button blue  medium \" href=\"http:\/\/eu-topias.org\/terrorismo-cine-y-novela-en-la-espana-del-s-xxi\/\" target=\"_blank\">Consultar PDF<\/a>[vc_empty_space height=&#8221;10&#8243;]<br \/>\n<strong>Resumen<\/strong><br \/>\nEl terrorismo de ETA ha sido considerado en opini\u00f3n de las encuestas del Centro de Investigaciones Sociol\u00f3gicas uno de los problemas m\u00e1s graves de la sociedad espa\u00f1ola desde inicios de los a\u00f1os sesenta, con especial incidencia en la d\u00e9cada de los ochenta. Sin embargo, a pesar de la trascendencia del problema, el cine espa\u00f1ol no reflej\u00f3 en tantas pel\u00edculas como era de esperar la cuesti\u00f3n. Este art\u00edculo trata de reflexionar sobre la historia del cine espa\u00f1ol en relaci\u00f3n con el tema del terrorismo de ETA y las motivaciones que hicieron esquivar el tema del terrorismo en la sociedad espa\u00f1ola a la vez que pretende realizar un recorrido hist\u00f3rico y cr\u00edtico por los principales t\u00edtulos que trataron esta tem\u00e1tica.<br \/>\n[vc_empty_space height=&#8221;10&#8243;]<br \/>\n<strong>Abstract<\/strong><br \/>\nOpinion polls performed by the Spanish Center for Sociological Research have considered that ETA terrorism was one of the most serious problems faced by Spanish society since the early sixties, with a special emphasis during the eighties. However, in spite of the importance of terrorism, Spanish cinema has not reflected it in as many movies as it would have been expected. This article offers an analysis of Spanish cinema in relation to ETA terrorism and its motivations to sidestep the issue while conducting a historical and critical journey through the main titles dealing with the subject.<br \/>\n[vc_empty_space height=&#8221;10&#8243;]<br \/>\n<strong>Autor<\/strong><br \/>\nLuis Veres. <a title=\"Dialnet\" href=\"http:\/\/dialnet.unirioja.es\/servlet\/autor?codigo=225463\" target=\"_blank\">P\u00e1gina del autor en Dialnet.<\/a><br \/>\n[vc_empty_space height=&#8221;10&#8243;]<br \/>\n<strong>Tipo de documento<\/strong><br \/>\nArt\u00edculo<br \/>\n[vc_empty_space height=&#8221;10&#8243;]<br \/>\n<a title=\"Enlace alternativo\" href=\"http:\/\/dialnet.unirioja.es\/servlet\/articulo?codigo=4685900\" target=\"_blank\"><strong>Enlace alternativo.<\/strong><\/a><br \/>\n[\/vc_column_text][\/vc_column][\/vc_row]<\/p>\n<\/div>","protected":false},"excerpt":{"rendered":"<p>[vc_row][vc_column width=&#8221;1\/1&#8243;][vc_column_text][vc_empty_space height=&#8221;20&#8243;] Referencia bibliogr\u00e1fica VERES, Luis (2013): \u00abTerrorismo, cine y novela en la Espa\u00f1a del siglo XXI\u00bb, Eu-top\u00edas, n\u00ba 6, pp. 51-67. Consultar PDF[vc_empty_space height=&#8221;10&#8243;] Resumen El terrorismo de&hellip;<\/p>\n","protected":false},"author":1,"featured_media":0,"parent":0,"menu_order":0,"comment_status":"open","ping_status":"open","template":"","meta":{"om_disable_all_campaigns":false,"_monsterinsights_skip_tracking":false,"_monsterinsights_sitenote_active":false,"_monsterinsights_sitenote_note":"","_monsterinsights_sitenote_category":0,"_uf_show_specific_survey":0,"_uf_disable_surveys":false,"_vp_format_video_url":"","_vp_image_focal_point":[],"_vp_custom_popup_image":0,"_vp_format_audio_url":"","_vp_custom_thumbnail":0,"_vp_custom_thumbnail_focal_point":[],"_vp_hover_thumbnail":0,"_vp_hover_thumbnail_focal_point":[],"footnotes":""},"class_list":["post-4256","page","type-page","status-publish","hentry"],"aioseo_notices":[],"_links":{"self":[{"href":"https:\/\/www.arovite.com\/es\/wp-json\/wp\/v2\/pages\/4256","targetHints":{"allow":["GET"]}}],"collection":[{"href":"https:\/\/www.arovite.com\/es\/wp-json\/wp\/v2\/pages"}],"about":[{"href":"https:\/\/www.arovite.com\/es\/wp-json\/wp\/v2\/types\/page"}],"author":[{"embeddable":true,"href":"https:\/\/www.arovite.com\/es\/wp-json\/wp\/v2\/users\/1"}],"replies":[{"embeddable":true,"href":"https:\/\/www.arovite.com\/es\/wp-json\/wp\/v2\/comments?post=4256"}],"version-history":[{"count":1,"href":"https:\/\/www.arovite.com\/es\/wp-json\/wp\/v2\/pages\/4256\/revisions"}],"predecessor-version":[{"id":4261,"href":"https:\/\/www.arovite.com\/es\/wp-json\/wp\/v2\/pages\/4256\/revisions\/4261"}],"wp:attachment":[{"href":"https:\/\/www.arovite.com\/es\/wp-json\/wp\/v2\/media?parent=4256"}],"curies":[{"name":"wp","href":"https:\/\/api.w.org\/{rel}","templated":true}]}}