{"id":4222,"date":"2015-11-30T10:22:10","date_gmt":"2015-11-30T10:22:10","guid":{"rendered":"http:\/\/www.arovite.com\/?page_id=4222"},"modified":"2016-01-24T21:33:21","modified_gmt":"2016-01-24T21:33:21","slug":"pablo-santiago-de-y-barrenetxea-igor-2006","status":"publish","type":"page","link":"https:\/\/www.arovite.com\/es\/pablo-santiago-de-y-barrenetxea-igor-2006\/","title":{"rendered":"PABLO, Santiago de y BARRENETXEA, Igor (2006)"},"content":{"rendered":"<div class=\"wpb-content-wrapper\"><p>[vc_row][vc_column width=&#8221;1\/1&#8243;][vc_column_text][vc_empty_space height=&#8221;20&#8243;]<br \/>\n<strong>Referencia bibliogr\u00e1fica<\/strong><br \/>\nPABLO, Santiago de y BARRENETXEA, Igor (2006): \u00abDel oasis vasco a la Euskadi resistente. El Pa\u00eds Vasco en el cine documental extranjero\u00bb, <em>Historia y Pol\u00edtica<\/em>, n\u00ba 15, pp. 171-190.<\/p>\n<p><a class=\"button blue  medium \" href=\"http:\/\/www.cepc.gob.es\/publicaciones\/revistas\/revistaselectronicas?IDR=9&amp;IDN=644&amp;IDA=26794\" target=\"_blank\">Consultar PDF<\/a>[vc_empty_space height=&#8221;10&#8243;]<br \/>\n<strong>Resumen<\/strong><br \/>\nInicialmente el cine enlaz\u00f3 con la visi\u00f3n rom\u00e1ntica de los viajeros del siglo XIX, mostrando un Pa\u00eds Vasco rural, id\u00edlico y mitificado, un aut\u00e9ntico oasis en el que no hab\u00eda lugar ni para la industrializaci\u00f3n ni para los conflictos sociales. La Guerra Civil de 1936, con hechos como el bombardeo de Guernica, a\u00f1adi\u00f3 a esta imagen la de un pueblo agredido desde el exterior, que sin embargo segu\u00eda siendo un oasis, frente a las dos Espa\u00f1as desgarradas en el conflicto b\u00e9lico. Parad\u00f3jicamente, estas dos visiones (el oasis buc\u00f3lico y rural y la Euskadi resistente frente a la agresi\u00f3n exterior) han pervivido en parte despu\u00e9s, al interpretar algunos documentales el terrorismo de ETA como una nueva fase de la resistencia vasca contra una supuesta invasi\u00f3n extranjera, pero sin renunciar a la visi\u00f3n rom\u00e1ntica que identifica al Pa\u00eds Vasco con el caser\u00edo, el mar, las monta\u00f1as, el juego de pelota, etc.<br \/>\n[vc_empty_space height=&#8221;10&#8243;]<br \/>\n<strong>Autor<\/strong><br \/>\nSantiago de Pablo. <a title=\"Dialnet\" href=\"http:\/\/dialnet.unirioja.es\/servlet\/autor?codigo=620836\" target=\"_blank\">P\u00e1gina del autor en Dialnet.<\/a><br \/>\nIgor Barrenetxea. <a title=\"Dialnet\" href=\"http:\/\/dialnet.unirioja.es\/servlet\/autor?codigo=153222\" target=\"_blank\">P\u00e1gina del autor en Dialnet.<\/a><br \/>\n[vc_empty_space height=&#8221;10&#8243;]<br \/>\n<strong>Tipo de documento<\/strong><br \/>\nArt\u00edculo<br \/>\n[vc_empty_space height=&#8221;10&#8243;]<br \/>\n<a title=\"Enlace alternativo\" href=\"http:\/\/dialnet.unirioja.es\/servlet\/articulo?codigo=2214035\" target=\"_blank\"><strong>Enlace alternativo.<\/strong><\/a><br \/>\n[\/vc_column_text][\/vc_column][\/vc_row]<\/p>\n<\/div>","protected":false},"excerpt":{"rendered":"<p>[vc_row][vc_column width=&#8221;1\/1&#8243;][vc_column_text][vc_empty_space height=&#8221;20&#8243;] Referencia bibliogr\u00e1fica PABLO, Santiago de y BARRENETXEA, Igor (2006): \u00abDel oasis vasco a la Euskadi resistente. El Pa\u00eds Vasco en el cine documental extranjero\u00bb, Historia y Pol\u00edtica,&hellip;<\/p>\n","protected":false},"author":1,"featured_media":0,"parent":0,"menu_order":0,"comment_status":"open","ping_status":"open","template":"","meta":{"om_disable_all_campaigns":false,"_monsterinsights_skip_tracking":false,"_monsterinsights_sitenote_active":false,"_monsterinsights_sitenote_note":"","_monsterinsights_sitenote_category":0,"_uf_show_specific_survey":0,"_uf_disable_surveys":false,"_vp_format_video_url":"","_vp_image_focal_point":[],"_vp_custom_popup_image":0,"_vp_format_audio_url":"","_vp_custom_thumbnail":0,"_vp_custom_thumbnail_focal_point":[],"_vp_hover_thumbnail":0,"_vp_hover_thumbnail_focal_point":[],"footnotes":""},"class_list":["post-4222","page","type-page","status-publish","hentry"],"aioseo_notices":[],"_links":{"self":[{"href":"https:\/\/www.arovite.com\/es\/wp-json\/wp\/v2\/pages\/4222","targetHints":{"allow":["GET"]}}],"collection":[{"href":"https:\/\/www.arovite.com\/es\/wp-json\/wp\/v2\/pages"}],"about":[{"href":"https:\/\/www.arovite.com\/es\/wp-json\/wp\/v2\/types\/page"}],"author":[{"embeddable":true,"href":"https:\/\/www.arovite.com\/es\/wp-json\/wp\/v2\/users\/1"}],"replies":[{"embeddable":true,"href":"https:\/\/www.arovite.com\/es\/wp-json\/wp\/v2\/comments?post=4222"}],"version-history":[{"count":2,"href":"https:\/\/www.arovite.com\/es\/wp-json\/wp\/v2\/pages\/4222\/revisions"}],"predecessor-version":[{"id":6509,"href":"https:\/\/www.arovite.com\/es\/wp-json\/wp\/v2\/pages\/4222\/revisions\/6509"}],"wp:attachment":[{"href":"https:\/\/www.arovite.com\/es\/wp-json\/wp\/v2\/media?parent=4222"}],"curies":[{"name":"wp","href":"https:\/\/api.w.org\/{rel}","templated":true}]}}