{"id":4211,"date":"2015-11-30T10:16:40","date_gmt":"2015-11-30T10:16:40","guid":{"rendered":"http:\/\/www.arovite.com\/?page_id=4211"},"modified":"2015-11-30T10:16:40","modified_gmt":"2015-11-30T10:16:40","slug":"alonso-rogelio-y-serrano-agata-2013","status":"publish","type":"page","link":"https:\/\/www.arovite.com\/es\/alonso-rogelio-y-serrano-agata-2013\/","title":{"rendered":"ALONSO, Rogelio y SERRAN\u00d2, Agata (2013)"},"content":{"rendered":"<div class=\"wpb-content-wrapper\"><p>[vc_row][vc_column width=&#8221;1\/1&#8243;][vc_column_text][vc_empty_space height=&#8221;20&#8243;]<br \/>\n<strong>Referencia bibliogr\u00e1fica<\/strong><br \/>\nALONSO, Rogelio y SERRAN\u00d2, Agata (2013): \u00abLas v\u00edctimas del terrorismo en Espa\u00f1a como grupo de inter\u00e9s: influencia e impacto en la agenda pol\u00edtica\u00bb, <em>XI Congreso de la Asociaci\u00f3n Espa\u00f1ola de Ciencia Pol\u00edtica y de la Administraci\u00f3n (AECPA)<\/em>. Sevilla: Universidad Pablo de Olavide.<\/p>\n<p><a class=\"button blue  medium \" href=\"http:\/\/www.aecpa.es\/congresos\/11\/ponencias\/997\/\" target=\"_blank\">Consultar PDF<\/a>[vc_empty_space height=&#8221;10&#8243;]<br \/>\n<strong>Resumen<\/strong><br \/>\nLa ponencia analiza el proceso a trav\u00e9s del cual las v\u00edctimas del terrorismo en Espa\u00f1a se han conformado en grupo de inter\u00e9s, as\u00ed como su impacto en la agenda pol\u00edtica y legislativa de nuestro pa\u00eds. Por tanto son objeto de an\u00e1lisis los procesos de definici\u00f3n y articulaci\u00f3n de intereses a menudo heterog\u00e9neos, las diversas estrategias de influencia utilizadas para afectar al \u00e1mbito de las decisiones pol\u00edticas, as\u00ed como los logros, los desaf\u00edos y fracasos que se derivan de su acci\u00f3n a lo largo del tiempo. Se exponen y eval\u00faan, asimismo, los argumentos que justifican la participaci\u00f3n de actores sociales como las v\u00edctimas del terrorismo en la agenda pol\u00edtica mediante la presentaci\u00f3n de reivindicaciones que la Administraci\u00f3n ha de tener m\u00e1s o menos en cuenta en funci\u00f3n de la naturaleza de dichas aspiraciones y de su mayor o menor coherencia.[vc_empty_space height=&#8221;10&#8243;]<br \/>\n<strong>Autor<\/strong><br \/>\nRogelio Alonso. <a title=\"Dialnet\" href=\"http:\/\/dialnet.unirioja.es\/servlet\/autor?codigo=639679\" target=\"_blank\">P\u00e1gina del autor en Dialnet.<\/a><br \/>\nAgata Serran\u00f2. <a title=\"Dialnet\" href=\"http:\/\/dialnet.unirioja.es\/servlet\/autor?codigo=3040680\" target=\"_blank\">P\u00e1gina del autor en Dialnet.<\/a><br \/>\n[vc_empty_space height=&#8221;10&#8243;]<br \/>\n<strong>Tipo de documento<\/strong><br \/>\nPonencia<br \/>\n[vc_empty_space height=&#8221;10&#8243;]<br \/>\n[\/vc_column_text][\/vc_column][\/vc_row]<\/p>\n<\/div>","protected":false},"excerpt":{"rendered":"<p>[vc_row][vc_column width=&#8221;1\/1&#8243;][vc_column_text][vc_empty_space height=&#8221;20&#8243;] Referencia bibliogr\u00e1fica ALONSO, Rogelio y SERRAN\u00d2, Agata (2013): \u00abLas v\u00edctimas del terrorismo en Espa\u00f1a como grupo de inter\u00e9s: influencia e impacto en la agenda pol\u00edtica\u00bb, XI Congreso&hellip;<\/p>\n","protected":false},"author":2,"featured_media":0,"parent":0,"menu_order":0,"comment_status":"open","ping_status":"open","template":"","meta":{"om_disable_all_campaigns":false,"_monsterinsights_skip_tracking":false,"_monsterinsights_sitenote_active":false,"_monsterinsights_sitenote_note":"","_monsterinsights_sitenote_category":0,"_uf_show_specific_survey":0,"_uf_disable_surveys":false,"_vp_format_video_url":"","_vp_image_focal_point":[],"_vp_custom_popup_image":0,"_vp_format_audio_url":"","_vp_custom_thumbnail":0,"_vp_custom_thumbnail_focal_point":[],"_vp_hover_thumbnail":0,"_vp_hover_thumbnail_focal_point":[],"footnotes":""},"class_list":["post-4211","page","type-page","status-publish","hentry"],"aioseo_notices":[],"_links":{"self":[{"href":"https:\/\/www.arovite.com\/es\/wp-json\/wp\/v2\/pages\/4211","targetHints":{"allow":["GET"]}}],"collection":[{"href":"https:\/\/www.arovite.com\/es\/wp-json\/wp\/v2\/pages"}],"about":[{"href":"https:\/\/www.arovite.com\/es\/wp-json\/wp\/v2\/types\/page"}],"author":[{"embeddable":true,"href":"https:\/\/www.arovite.com\/es\/wp-json\/wp\/v2\/users\/2"}],"replies":[{"embeddable":true,"href":"https:\/\/www.arovite.com\/es\/wp-json\/wp\/v2\/comments?post=4211"}],"version-history":[{"count":2,"href":"https:\/\/www.arovite.com\/es\/wp-json\/wp\/v2\/pages\/4211\/revisions"}],"predecessor-version":[{"id":18182,"href":"https:\/\/www.arovite.com\/es\/wp-json\/wp\/v2\/pages\/4211\/revisions\/18182"}],"wp:attachment":[{"href":"https:\/\/www.arovite.com\/es\/wp-json\/wp\/v2\/media?parent=4211"}],"curies":[{"name":"wp","href":"https:\/\/api.w.org\/{rel}","templated":true}]}}