{"id":4210,"date":"2015-11-30T10:15:35","date_gmt":"2015-11-30T10:15:35","guid":{"rendered":"http:\/\/www.arovite.com\/?page_id=4210"},"modified":"2015-12-30T13:20:33","modified_gmt":"2015-12-30T13:20:33","slug":"wieviorka-michel-1994","status":"publish","type":"page","link":"https:\/\/www.arovite.com\/es\/wieviorka-michel-1994\/","title":{"rendered":"WIEVIORKA, Michel (1994)"},"content":{"rendered":"<div class=\"wpb-content-wrapper\"><p>[vc_row][vc_column width=&#8221;1\/1&#8243;][vc_column_text][vc_empty_space height=&#8221;20&#8243;]<br \/>\n<strong>Referencia bibliogr\u00e1fica<\/strong><br \/>\nWIEVIORKA, Michel (1994): \u00abMilitantes del PNV analizan la lucha armada\u00bb, <em>Ayer<\/em>, n\u00ba 13, pp. 211-236.<\/p>\n<p><a class=\"button blue  medium \" href=\"http:\/\/www.arovite.com\/documentos\/1994_Wieviorka.pdf\" target=\"_blank\">Consultar PDF<\/a>[vc_empty_space height=&#8221;10&#8243;]<br \/>\n<strong>Resumen<\/strong><br \/>\nEn nuestra obra aparecida en Francia y luego en Espa\u00f1a con el t\u00edtulo El Terrorismo, una gran parte est\u00e1 consagrada  al an\u00e1lisis de la violencia pol\u00edtica de ETA. El estudio se basaba entonces en fuentes documentales cl\u00e1sicas, pero tambi\u00e9n en dos intervenciones sociol\u00f3gicas mantenidas, una con antiguos miembros de ETA que hab\u00edan abandonado claramente la lucha armada pero deseosos de reflexionar sobre ella, y la otra con activistas que proced\u00edan de la galaxia de HB, y de sensibilidades rupturistas.<br \/>\n[vc_empty_space height=&#8221;10&#8243;]<br \/>\n<strong>Autor<\/strong><br \/>\nMichel Wieviorka. <a title=\"Dialnet\" href=\"http:\/\/dialnet.unirioja.es\/servlet\/autor?codigo=560408\" target=\"_blank\">P\u00e1gina del autor en Dialnet.<\/a><br \/>\n[vc_empty_space height=&#8221;10&#8243;]<br \/>\n<strong>Tipo de documento<\/strong><br \/>\nArt\u00edculo<br \/>\n[\/vc_column_text][\/vc_column][\/vc_row]<\/p>\n<\/div>","protected":false},"excerpt":{"rendered":"<p>[vc_row][vc_column width=&#8221;1\/1&#8243;][vc_column_text][vc_empty_space height=&#8221;20&#8243;] Referencia bibliogr\u00e1fica WIEVIORKA, Michel (1994): \u00abMilitantes del PNV analizan la lucha armada\u00bb, Ayer, n\u00ba 13, pp. 211-236. Consultar PDF[vc_empty_space height=&#8221;10&#8243;] Resumen En nuestra obra aparecida en Francia&hellip;<\/p>\n","protected":false},"author":1,"featured_media":0,"parent":0,"menu_order":0,"comment_status":"open","ping_status":"open","template":"","meta":{"om_disable_all_campaigns":false,"_monsterinsights_skip_tracking":false,"_monsterinsights_sitenote_active":false,"_monsterinsights_sitenote_note":"","_monsterinsights_sitenote_category":0,"_uf_show_specific_survey":0,"_uf_disable_surveys":false,"_vp_format_video_url":"","_vp_image_focal_point":[],"_vp_custom_popup_image":0,"_vp_format_audio_url":"","_vp_custom_thumbnail":0,"_vp_custom_thumbnail_focal_point":[],"_vp_hover_thumbnail":0,"_vp_hover_thumbnail_focal_point":[],"footnotes":""},"class_list":["post-4210","page","type-page","status-publish","hentry"],"aioseo_notices":[],"_links":{"self":[{"href":"https:\/\/www.arovite.com\/es\/wp-json\/wp\/v2\/pages\/4210","targetHints":{"allow":["GET"]}}],"collection":[{"href":"https:\/\/www.arovite.com\/es\/wp-json\/wp\/v2\/pages"}],"about":[{"href":"https:\/\/www.arovite.com\/es\/wp-json\/wp\/v2\/types\/page"}],"author":[{"embeddable":true,"href":"https:\/\/www.arovite.com\/es\/wp-json\/wp\/v2\/users\/1"}],"replies":[{"embeddable":true,"href":"https:\/\/www.arovite.com\/es\/wp-json\/wp\/v2\/comments?post=4210"}],"version-history":[{"count":2,"href":"https:\/\/www.arovite.com\/es\/wp-json\/wp\/v2\/pages\/4210\/revisions"}],"predecessor-version":[{"id":5558,"href":"https:\/\/www.arovite.com\/es\/wp-json\/wp\/v2\/pages\/4210\/revisions\/5558"}],"wp:attachment":[{"href":"https:\/\/www.arovite.com\/es\/wp-json\/wp\/v2\/media?parent=4210"}],"curies":[{"name":"wp","href":"https:\/\/api.w.org\/{rel}","templated":true}]}}