{"id":4189,"date":"2015-11-30T10:09:19","date_gmt":"2015-11-30T10:09:19","guid":{"rendered":"http:\/\/www.arovite.com\/?page_id=4189"},"modified":"2015-11-30T10:09:19","modified_gmt":"2015-11-30T10:09:19","slug":"wieviorka-michel-1993","status":"publish","type":"page","link":"https:\/\/www.arovite.com\/es\/wieviorka-michel-1993\/","title":{"rendered":"WIEVIORKA, Michel (1993)"},"content":{"rendered":"<div class=\"wpb-content-wrapper\"><p>[vc_row][vc_column width=&#8221;1\/1&#8243;][vc_column_text][vc_empty_space height=&#8221;20&#8243;]<br \/>\n<strong>Referencia bibliogr\u00e1fica<\/strong><br \/>\nWIEVIORKA, Michel (1993): \u00abETA et la violence politique au Pays Basque espagnol\u00bb, UNRISD Discussion Paper n\u00ba 40.<\/p>\n<p><a class=\"button blue  medium \" href=\"http:\/\/www.unrisd.org\/80256B3C005BCCF9\/(httpAuxPages)\/D0BD5D46DE0CC80A80256B67005B6456\/$file\/dp40.pdf\" target=\"_blank\">Consultar PDF<\/a>[vc_empty_space height=&#8221;10&#8243;]<br \/>\n<strong>R\u00e9sum\u00e9<\/strong><br \/>\nLe  pr\u00e9sent  rapport  consid\u00e8re  d\u2019une  mani\u00e8re  r\u00e9v\u00e9latrice  la  violence  politique  au  Pays Basque  espagnol qui,  selon  l\u2019auteur, d\u00e9fie  les  id\u00e9es re\u00e7ues ou  les  st\u00e9r\u00e9otypes. L\u2019auteur nous  guide  \u00e0  travers  l\u2019\u00e9volution  de  l\u2019E.T.A.  qui,  surgissant  face  \u00e0  une  dictature  alors toute puissante, s\u2019est d\u00e9velopp\u00e9 au  moment de son d\u00e9clin, et a progress\u00e9 dans  la phase de transition de la soci\u00e9t\u00e9 espagnole vers la d\u00e9mocratie. La violence, alors indissociable du  mouvement  E.T.A.,  s\u2019est  emball\u00e9e  de  fa\u00e7on  paradoxale,  en  apparence,  jusqu\u2019\u00e0 devenir  terroriste  dans  la  p\u00e9riode  o\u00f9  la  d\u00e9mocratie  est  une  donn\u00e9e  incontestable  en Espagne. La violence politique de l\u2019E.T.A. est \u00e0 jamais associ\u00e9e \u00e0 un effort qui cherche \u00e0  promouvoir  simultan\u00e9ment  une  signification  tridimensionnelle  de  l\u2019action,  et  qui  fait d\u2019elle  l\u2019expression,  tout  \u00e0  la  fois,  d\u2019une  nation,  de  mouvements  proprement  sociaux  et d\u2019un projet r\u00e9volutionnaire.<br \/>\n[vc_empty_space height=&#8221;10&#8243;]<br \/>\n<strong>Autor<\/strong><br \/>\nMichel Wieviorka. <a title=\"Dialnet\" href=\"http:\/\/dialnet.unirioja.es\/servlet\/autor?codigo=560408\" target=\"_blank\">P\u00e1gina del autor en Dialnet.<\/a><br \/>\n[vc_empty_space height=&#8221;10&#8243;]<br \/>\n<strong>Tipo de documento<\/strong><br \/>\nWorking paper<br \/>\n[vc_empty_space height=&#8221;10&#8243;]<br \/>\n<a title=\"Enlace alternativo\" href=\"http:\/\/webcache.googleusercontent.com\/search?q=cache:JuJ9G1F_WFAJ:mercury.ethz.ch\/serviceengine\/Files\/ISN\/28902\/ipublicationdocument_singledocument\/50978e7f-bc79-497b-9682-4589d37fc292\/fr\/dp40french.pdf+&#038;cd=2&#038;hl=es&#038;ct=clnk&#038;gl=es\" target=\"_blank\"><strong>Enlace alternativo.<\/strong><\/a><br \/>\n[\/vc_column_text][\/vc_column][\/vc_row]<\/p>\n<\/div>","protected":false},"excerpt":{"rendered":"<p>[vc_row][vc_column width=&#8221;1\/1&#8243;][vc_column_text][vc_empty_space height=&#8221;20&#8243;] Referencia bibliogr\u00e1fica WIEVIORKA, Michel (1993): \u00abETA et la violence politique au Pays Basque espagnol\u00bb, UNRISD Discussion Paper n\u00ba 40. Consultar PDF[vc_empty_space height=&#8221;10&#8243;] R\u00e9sum\u00e9 Le pr\u00e9sent rapport consid\u00e8re&hellip;<\/p>\n","protected":false},"author":1,"featured_media":0,"parent":0,"menu_order":0,"comment_status":"open","ping_status":"open","template":"","meta":{"om_disable_all_campaigns":false,"_monsterinsights_skip_tracking":false,"_monsterinsights_sitenote_active":false,"_monsterinsights_sitenote_note":"","_monsterinsights_sitenote_category":0,"_uf_show_specific_survey":0,"_uf_disable_surveys":false,"_vp_format_video_url":"","_vp_image_focal_point":[],"_vp_custom_popup_image":0,"_vp_format_audio_url":"","_vp_custom_thumbnail":0,"_vp_custom_thumbnail_focal_point":[],"_vp_hover_thumbnail":0,"_vp_hover_thumbnail_focal_point":[],"footnotes":""},"class_list":["post-4189","page","type-page","status-publish","hentry"],"aioseo_notices":[],"_links":{"self":[{"href":"https:\/\/www.arovite.com\/es\/wp-json\/wp\/v2\/pages\/4189","targetHints":{"allow":["GET"]}}],"collection":[{"href":"https:\/\/www.arovite.com\/es\/wp-json\/wp\/v2\/pages"}],"about":[{"href":"https:\/\/www.arovite.com\/es\/wp-json\/wp\/v2\/types\/page"}],"author":[{"embeddable":true,"href":"https:\/\/www.arovite.com\/es\/wp-json\/wp\/v2\/users\/1"}],"replies":[{"embeddable":true,"href":"https:\/\/www.arovite.com\/es\/wp-json\/wp\/v2\/comments?post=4189"}],"version-history":[{"count":1,"href":"https:\/\/www.arovite.com\/es\/wp-json\/wp\/v2\/pages\/4189\/revisions"}],"predecessor-version":[{"id":4203,"href":"https:\/\/www.arovite.com\/es\/wp-json\/wp\/v2\/pages\/4189\/revisions\/4203"}],"wp:attachment":[{"href":"https:\/\/www.arovite.com\/es\/wp-json\/wp\/v2\/media?parent=4189"}],"curies":[{"name":"wp","href":"https:\/\/api.w.org\/{rel}","templated":true}]}}