{"id":4177,"date":"2015-11-30T10:01:31","date_gmt":"2015-11-30T10:01:31","guid":{"rendered":"http:\/\/www.arovite.com\/?page_id=4177"},"modified":"2016-01-24T21:35:31","modified_gmt":"2016-01-24T21:35:31","slug":"wilhelmi-gonzalo-2012","status":"publish","type":"page","link":"https:\/\/www.arovite.com\/es\/wilhelmi-gonzalo-2012\/","title":{"rendered":"WILHELMI, Gonzalo (2012)"},"content":{"rendered":"<div class=\"wpb-content-wrapper\"><p>[vc_row][vc_column width=&#8221;1\/1&#8243;][vc_column_text][vc_empty_space height=&#8221;20&#8243;]<br \/>\n<strong>Referencia bibliogr\u00e1fica<\/strong><br \/>\nWILHELMI, Gonzalo (2012):  \u00abLas otras v\u00edctimas de una transici\u00f3n  nada pac\u00edfica\u00bb, en MUGA, Jos\u00e9 Luis y VEGA, Santiago (coords.): <em>Verdad, justicia y reparaci\u00f3n. Actas del I Congreso de v\u00edctimas del franquismo<\/em>. Madrid: Atrapasue\u00f1os.<\/p>\n<p><a class=\"button blue  medium \" href=\"http:\/\/www.congresovictimasfranquismo.org\/wp-content\/uploads\/2013\/10\/gonzalo_wilhelmi_comunicacion_victimas.pdf\" target=\"_blank\">Consultar PDF<\/a>[vc_empty_space height=&#8221;10&#8243;]<br \/>\n<strong>Resumen<\/strong><br \/>\nLa dictadura basaba buena parte de su estabilidad en la represi\u00f3n ejecutada por distintos cuerpos  militares,  policiales  y  judiciales.  Tras  la  muerte  del  jefe  del  Estado  y  en  los inicios de la transici\u00f3n, estos organismos siguieron actuando defendiendo la continuidad del  r\u00e9gimen,  y  una  vez  derrotado  el  proyecto  continuista  por  la  movilizaci\u00f3n  de  la oposici\u00f3n, para limitar el alcance democratizador de la reforma. Su actividad persegu\u00eda la  neutralizaci\u00f3n  de  los  sectores  sociales  y  pol\u00edticos  que  defend\u00edan  la  ruptura  y especialmente, la democratizaci\u00f3n de los aparatos del Estado, es decir, de ellos mismos. Al mismo tiempo, el aparato de Estado franquista era tambi\u00e9n un indicador del grado de democratizaci\u00f3n   logrado  en   la  transici\u00f3n,  en   la   medida  que constitu\u00eda   bastiones autoritarios  que  conviv\u00edan  con  las  instituciones  y  organismos  democr\u00e1ticos  del  nuevo sistema, limitando su capacidad de actuaci\u00f3n.<br \/>\n[vc_empty_space height=&#8221;10&#8243;]<br \/>\n<strong>Autor<\/strong><br \/>\nGonzalo Wilhelmi. <a title=\"Dialnet\" href=\"http:\/\/dialnet.unirioja.es\/servlet\/autor?codigo=2996540\" target=\"_blank\">P\u00e1gina del autor en Dialnet.<\/a><br \/>\n[vc_empty_space height=&#8221;10&#8243;]<br \/>\n<strong>Tipo de documento<\/strong><br \/>\nComunicaci\u00f3n<br \/>\n[\/vc_column_text][\/vc_column][\/vc_row]<\/p>\n<\/div>","protected":false},"excerpt":{"rendered":"<p>[vc_row][vc_column width=&#8221;1\/1&#8243;][vc_column_text][vc_empty_space height=&#8221;20&#8243;] Referencia bibliogr\u00e1fica WILHELMI, Gonzalo (2012): \u00abLas otras v\u00edctimas de una transici\u00f3n nada pac\u00edfica\u00bb, en MUGA, Jos\u00e9 Luis y VEGA, Santiago (coords.): Verdad, justicia y reparaci\u00f3n. Actas del&hellip;<\/p>\n","protected":false},"author":1,"featured_media":0,"parent":0,"menu_order":0,"comment_status":"open","ping_status":"open","template":"","meta":{"om_disable_all_campaigns":false,"_monsterinsights_skip_tracking":false,"_monsterinsights_sitenote_active":false,"_monsterinsights_sitenote_note":"","_monsterinsights_sitenote_category":0,"_uf_show_specific_survey":0,"_uf_disable_surveys":false,"_vp_format_video_url":"","_vp_image_focal_point":[],"_vp_custom_popup_image":0,"_vp_format_audio_url":"","_vp_custom_thumbnail":0,"_vp_custom_thumbnail_focal_point":[],"_vp_hover_thumbnail":0,"_vp_hover_thumbnail_focal_point":[],"footnotes":""},"class_list":["post-4177","page","type-page","status-publish","hentry"],"aioseo_notices":[],"_links":{"self":[{"href":"https:\/\/www.arovite.com\/es\/wp-json\/wp\/v2\/pages\/4177","targetHints":{"allow":["GET"]}}],"collection":[{"href":"https:\/\/www.arovite.com\/es\/wp-json\/wp\/v2\/pages"}],"about":[{"href":"https:\/\/www.arovite.com\/es\/wp-json\/wp\/v2\/types\/page"}],"author":[{"embeddable":true,"href":"https:\/\/www.arovite.com\/es\/wp-json\/wp\/v2\/users\/1"}],"replies":[{"embeddable":true,"href":"https:\/\/www.arovite.com\/es\/wp-json\/wp\/v2\/comments?post=4177"}],"version-history":[{"count":3,"href":"https:\/\/www.arovite.com\/es\/wp-json\/wp\/v2\/pages\/4177\/revisions"}],"predecessor-version":[{"id":6513,"href":"https:\/\/www.arovite.com\/es\/wp-json\/wp\/v2\/pages\/4177\/revisions\/6513"}],"wp:attachment":[{"href":"https:\/\/www.arovite.com\/es\/wp-json\/wp\/v2\/media?parent=4177"}],"curies":[{"name":"wp","href":"https:\/\/api.w.org\/{rel}","templated":true}]}}