{"id":25262,"date":"2026-03-22T08:31:28","date_gmt":"2026-03-22T08:31:28","guid":{"rendered":"https:\/\/www.arovite.com\/?page_id=25262"},"modified":"2026-03-22T08:32:23","modified_gmt":"2026-03-22T08:32:23","slug":"rubio-de-olazabal-juan-y-encinas-cantalapiedra-arturo-2021","status":"publish","type":"page","link":"https:\/\/www.arovite.com\/es\/rubio-de-olazabal-juan-y-encinas-cantalapiedra-arturo-2021\/","title":{"rendered":"RUBIO DE OLAZABAL, Juan y ENCINAS CANTALAPIEDRA, Arturo (2021)"},"content":{"rendered":"<div class=\"wpb-content-wrapper\"><p>[vc_row][vc_column width=&#8221;1\/1&#8243;][vc_column_text][vc_empty_space height=&#8221;20&#8243;]<br \/>\n<strong>Referencia bibliogr\u00e1fica<\/strong><\/p>\n<p>RUBIO DE OLAZABAL, Juan y ENCINAS CANTALAPIEDRA, Arturo (2021): \u00abA prop\u00f3sito de la mundificaci\u00f3n en literatura: lluvia, silencio y restauraci\u00f3n del mundo como proceso \u00e9tico en <em>Patria<\/em> (F. Aramburu, 2016)\u00bb, <em>Tonos digital: revista de estudios filol\u00f3gicos<\/em>, n\u00ba 41, pp. 1-28.<\/p>\n<p><a class=\"button blue  medium \" href=\"https:\/\/digitum.um.es\/server\/api\/core\/bitstreams\/d19d8d3f-7f8c-4491-858b-aae7d1ac523c\/content\" target=\"_blank\">Consultar PDF<\/a>[vc_empty_space height=&#8221;10&#8243;]<br \/>\n<strong>Resumen<\/strong><br \/>\n<em>Patria<\/em> (Aramburu) suscita un particular caso de estudio acerca de la compleja y fecunda relaci\u00f3n entre el mundo de ficci\u00f3n y la realidad hist\u00f3rico-social en la que se inspira. Apoy\u00e1ndonos en el concepto de mundificaci\u00f3n -que incorporamos a la metodolog\u00eda de los mundos posibles-, esta investigaci\u00f3n estudia el modo en que <em>Patria<\/em> indaga en algunos aspectos \u00e9tico-sociales relacionados con la experiencia de las v\u00edctimas del terrorismo de ETA. La lluvia se encuentra omnipresente en la novela en tres tipos de acontecimientos: memoria, muerte y silencio social. Adem\u00e1s, resulta un elemento estructural de la persecuci\u00f3n al Txato y del retorno de Bittori. [vc_empty_space height=&#8221;10&#8243;]<br \/>\n<strong>Abstract<\/strong><br \/>\nThe publication of <em>Patria<\/em> calls forth a particular case study concerning the complex and fruitful relationship between narrative fiction and social and political reality. Following the concept of worldmaking along with the possible worlds theory, this investigation studies the way in which <em>Patria<\/em> looks into some of the socio-ethical aspects related to the experiences of the victims of ETA\u2019s terrorism. The rain is always present in the novel in three types of events: memory, death and social exclusion. Thus, it becomes a structural element of the persecution endured by El Txato and of Bittori\u2019s return.<br \/>\n[vc_empty_space height=&#8221;10&#8243;]<br \/>\n<strong>Autor<\/strong><br \/>\nJuan Rubio de Olazabal. <a title=\"Dialnet\" href=\"https:\/\/dialnet.unirioja.es\/servlet\/autor?codigo=5387294\" target=\"_blank\">P\u00e1gina del autor en Dialnet.<\/a><br \/>\nArturo Encinas Cantalapiedra. <a title=\"Dialnet\" href=\"https:\/\/dialnet.unirioja.es\/servlet\/autor?codigo=3369655\" target=\"_blank\">P\u00e1gina del autor en Dialnet.<\/a><br \/>\n[vc_empty_space height=&#8221;10&#8243;]<br \/>\n<strong>Tipo de documento<\/strong><br \/>\nArt\u00edculo<br \/>\n[vc_empty_space height=&#8221;10&#8243;]<br \/>\n[\/vc_column_text][\/vc_column][\/vc_row]<\/p>\n<\/div>","protected":false},"excerpt":{"rendered":"<p>[vc_row][vc_column width=&#8221;1\/1&#8243;][vc_column_text][vc_empty_space height=&#8221;20&#8243;] Referencia bibliogr\u00e1fica RUBIO DE OLAZABAL, Juan y ENCINAS CANTALAPIEDRA, Arturo (2021): \u00abA prop\u00f3sito de la mundificaci\u00f3n en literatura: lluvia, silencio y restauraci\u00f3n del mundo como proceso \u00e9tico&hellip;<\/p>\n","protected":false},"author":1,"featured_media":0,"parent":0,"menu_order":0,"comment_status":"closed","ping_status":"closed","template":"","meta":{"om_disable_all_campaigns":false,"_monsterinsights_skip_tracking":false,"_monsterinsights_sitenote_active":false,"_monsterinsights_sitenote_note":"","_monsterinsights_sitenote_category":0,"_uf_show_specific_survey":0,"_uf_disable_surveys":false,"_vp_format_video_url":"","_vp_image_focal_point":[],"_vp_custom_popup_image":0,"_vp_format_audio_url":"","_vp_custom_thumbnail":0,"_vp_custom_thumbnail_focal_point":[],"_vp_hover_thumbnail":0,"_vp_hover_thumbnail_focal_point":[],"footnotes":""},"class_list":["post-25262","page","type-page","status-publish","hentry"],"aioseo_notices":[],"_links":{"self":[{"href":"https:\/\/www.arovite.com\/es\/wp-json\/wp\/v2\/pages\/25262","targetHints":{"allow":["GET"]}}],"collection":[{"href":"https:\/\/www.arovite.com\/es\/wp-json\/wp\/v2\/pages"}],"about":[{"href":"https:\/\/www.arovite.com\/es\/wp-json\/wp\/v2\/types\/page"}],"author":[{"embeddable":true,"href":"https:\/\/www.arovite.com\/es\/wp-json\/wp\/v2\/users\/1"}],"replies":[{"embeddable":true,"href":"https:\/\/www.arovite.com\/es\/wp-json\/wp\/v2\/comments?post=25262"}],"version-history":[{"count":4,"href":"https:\/\/www.arovite.com\/es\/wp-json\/wp\/v2\/pages\/25262\/revisions"}],"predecessor-version":[{"id":25266,"href":"https:\/\/www.arovite.com\/es\/wp-json\/wp\/v2\/pages\/25262\/revisions\/25266"}],"wp:attachment":[{"href":"https:\/\/www.arovite.com\/es\/wp-json\/wp\/v2\/media?parent=25262"}],"curies":[{"name":"wp","href":"https:\/\/api.w.org\/{rel}","templated":true}]}}