{"id":25194,"date":"2026-03-07T10:06:46","date_gmt":"2026-03-07T10:06:46","guid":{"rendered":"https:\/\/www.arovite.com\/?page_id=25194"},"modified":"2026-03-07T10:06:46","modified_gmt":"2026-03-07T10:06:46","slug":"danobeitia-ceballos-olatz-2022","status":"publish","type":"page","link":"https:\/\/www.arovite.com\/es\/danobeitia-ceballos-olatz-2022\/","title":{"rendered":"DA\u00d1OBEITIA CEBALLOS, Olatz (2022)"},"content":{"rendered":"<div class=\"wpb-content-wrapper\"><p>[vc_row][vc_column width=&#8221;1\/1&#8243;][vc_column_text][vc_empty_space height=&#8221;20&#8243;]<br \/>\n<strong>Referencia bibliogr\u00e1fica<\/strong><\/p>\n<p>DA\u00d1OBEITIA CEBALLOS, Olatz (2022): \u00abEncrucijadas de la militancia pol\u00edtica. El caso de las mujeres vascas de la Izquierda Abertzale (1990-2010)\u00bb, <em>Revista Interdisciplinaria de Estudios de G\u00e9nero de El Colegio de M\u00e9xico<\/em>, n\u00ba 8, pp. 1-31.<\/p>\n<p><a class=\"button blue  medium \" href=\"https:\/\/dialnet.unirioja.es\/descarga\/articulo\/8613940.pdf\" target=\"_blank\">Consultar PDF<\/a>[vc_empty_space height=&#8221;10&#8243;]<br \/>\n<strong>Resumen<\/strong><br \/>\nEl presente art\u00edculo analiza la cultura pol\u00edtica de la Izquierda Independentista Vasca en las d\u00e9cadas de 1990 y 2000. Por medio del estudio de las encrucijadas de los itinerarios militantes de tres mujeres conoceremos mejor los modos de vivir el paradigma del sacrificio como uno de los rasgos fundamentales de esta cultura. Tambi\u00e9n busca identificar cr\u00edticas, transformaciones y propuestas en el actual escenario pol\u00edtico, para as\u00ed contribuir a la construcci\u00f3n de memorias donde la teor\u00eda feminista nos posibilita visibilizar y rescatar otros sujetos pol\u00edticos, introducir contenidos diferentes a la agenda pol\u00edtica, proponer nuevos debates y aportar diversas miradas. Concluye que actualmente se est\u00e1 cuestionando la relaci\u00f3n entre lo que se considera privado y p\u00fablico, pol\u00edtico y no pol\u00edtico, resignificando conceptos, ampliando el sentido r\u00edgido de entender lo colectivo, y en general de concebir nuevas formas de dar vida a la pol\u00edtica y de vivir lo pol\u00edtico. [vc_empty_space height=&#8221;10&#8243;]<br \/>\n<strong>Abstract<\/strong><br \/>\nThis article analyses the political culture in the Basque pro-independence left-wing movement in the 1990s and 2000s. Through the itineraries of three women involved in this movement, the paradigm of sacrifice is explored as one of the main features in this political culture. It also examines criticism, changes and proposals made in the current political scenario with the aim of contributing to a feminist approach to memory. Feminist theory allows us to raise the profile of alternative political subjects, to introduce different contents in the political agenda, open up new debates, and suggest alternative approaches. The article concludes that in the current political context, meanings are continually resignified, blurring the boundaries between the private and the public, the political and non-political, broadening the conceptualisation of what it means to work collectively while imagining new ways invigorate and experience politics.<br \/>\n[vc_empty_space height=&#8221;10&#8243;]<br \/>\n<strong>Autor<\/strong><br \/>\nOlatz Da\u00f1obeitia Ceballos. <a title=\"Dialnet\" href=\"https:\/\/dialnet.unirioja.es\/servlet\/autor?codigo=3075310\" target=\"_blank\">P\u00e1gina del autor en Dialnet.<\/a><br \/>\n[vc_empty_space height=&#8221;10&#8243;]<br \/>\n<strong>Tipo de documento<\/strong><br \/>\nArt\u00edculo<br \/>\n[vc_empty_space height=&#8221;10&#8243;]<br \/>\n[\/vc_column_text][\/vc_column][\/vc_row]<\/p>\n<\/div>","protected":false},"excerpt":{"rendered":"<p>[vc_row][vc_column width=&#8221;1\/1&#8243;][vc_column_text][vc_empty_space height=&#8221;20&#8243;] Referencia bibliogr\u00e1fica DA\u00d1OBEITIA CEBALLOS, Olatz (2022): \u00abEncrucijadas de la militancia pol\u00edtica. El caso de las mujeres vascas de la Izquierda Abertzale (1990-2010)\u00bb, Revista Interdisciplinaria de Estudios de&hellip;<\/p>\n","protected":false},"author":1,"featured_media":0,"parent":0,"menu_order":0,"comment_status":"closed","ping_status":"closed","template":"","meta":{"om_disable_all_campaigns":false,"_monsterinsights_skip_tracking":false,"_monsterinsights_sitenote_active":false,"_monsterinsights_sitenote_note":"","_monsterinsights_sitenote_category":0,"_uf_show_specific_survey":0,"_uf_disable_surveys":false,"_vp_format_video_url":"","_vp_image_focal_point":[],"_vp_custom_popup_image":0,"_vp_format_audio_url":"","_vp_custom_thumbnail":0,"_vp_custom_thumbnail_focal_point":[],"_vp_hover_thumbnail":0,"_vp_hover_thumbnail_focal_point":[],"footnotes":""},"class_list":["post-25194","page","type-page","status-publish","hentry"],"aioseo_notices":[],"_links":{"self":[{"href":"https:\/\/www.arovite.com\/es\/wp-json\/wp\/v2\/pages\/25194","targetHints":{"allow":["GET"]}}],"collection":[{"href":"https:\/\/www.arovite.com\/es\/wp-json\/wp\/v2\/pages"}],"about":[{"href":"https:\/\/www.arovite.com\/es\/wp-json\/wp\/v2\/types\/page"}],"author":[{"embeddable":true,"href":"https:\/\/www.arovite.com\/es\/wp-json\/wp\/v2\/users\/1"}],"replies":[{"embeddable":true,"href":"https:\/\/www.arovite.com\/es\/wp-json\/wp\/v2\/comments?post=25194"}],"version-history":[{"count":1,"href":"https:\/\/www.arovite.com\/es\/wp-json\/wp\/v2\/pages\/25194\/revisions"}],"predecessor-version":[{"id":25195,"href":"https:\/\/www.arovite.com\/es\/wp-json\/wp\/v2\/pages\/25194\/revisions\/25195"}],"wp:attachment":[{"href":"https:\/\/www.arovite.com\/es\/wp-json\/wp\/v2\/media?parent=25194"}],"curies":[{"name":"wp","href":"https:\/\/api.w.org\/{rel}","templated":true}]}}