{"id":25190,"date":"2026-03-07T10:00:15","date_gmt":"2026-03-07T10:00:15","guid":{"rendered":"https:\/\/www.arovite.com\/?page_id=25190"},"modified":"2026-03-07T10:00:15","modified_gmt":"2026-03-07T10:00:15","slug":"ceribelli-alessandra-2024","status":"publish","type":"page","link":"https:\/\/www.arovite.com\/es\/ceribelli-alessandra-2024\/","title":{"rendered":"CERIBELLI, Alessandra (2024)"},"content":{"rendered":"<div class=\"wpb-content-wrapper\"><p>[vc_row][vc_column width=&#8221;1\/1&#8243;][vc_column_text][vc_empty_space height=&#8221;20&#8243;]<br \/>\n<strong>Referencia bibliogr\u00e1fica<\/strong><\/p>\n<p>CERIBELLI, Alessandra (2024): \u00abPersonas gramaticales y voces narrativas en <em>Los peces de la amargura<\/em> de Fernando Aramburu\u00bb, en FERN\u00c1NDEZ DOS SANTOS, Mirta y NICOL\u00c1S MART\u00cdNEZ, Pilar (eds.): <em>Narrativas y po\u00e9ticas del yo. Identidad y espiritualidad en los estudios hisp\u00e1nicos contempor\u00e1neos<\/em>. Madrid: Editorial Verbum, pp. 35-52.<\/p>\n<p><a class=\"button blue  medium \" href=\"https:\/\/citcem.org\/wp-content\/uploads\/2024\/02\/Narrativas-y-poeticas-del-yo-DEFINITIVO.pdf\" target=\"_blank\">Consultar PDF<\/a>[vc_empty_space height=&#8221;10&#8243;]<br \/>\n<strong>Resumen<\/strong><br \/>\nEn este texto la autora explora los matices de la polifon\u00eda narrativa en una colecci\u00f3n de relatos que tienen en com\u00fan la tem\u00e1tica del terrorismo etarra en el Pa\u00eds Vasco, pero difieren en cuanto al punto de vista o focalizaci\u00f3n frente a lo narrado, lo cual se manifiesta, entre otros recursos, en el uso de distintas personas gramaticales. [vc_empty_space height=&#8221;10&#8243;]<br \/>\n<strong>Autor<\/strong><br \/>\nAlessandra Ceribelli. <a title=\"Dialnet\" href=\"https:\/\/dialnet.unirioja.es\/servlet\/autor?codigo=3452502\" target=\"_blank\">P\u00e1gina del autor en Dialnet.<\/a><br \/>\n[vc_empty_space height=&#8221;10&#8243;]<br \/>\n<strong>Tipo de documento<\/strong><br \/>\nCap\u00edtulo de libro<br \/>\n[vc_empty_space height=&#8221;10&#8243;]<br \/>\n[\/vc_column_text][\/vc_column][\/vc_row]<\/p>\n<\/div>","protected":false},"excerpt":{"rendered":"<p>[vc_row][vc_column width=&#8221;1\/1&#8243;][vc_column_text][vc_empty_space height=&#8221;20&#8243;] Referencia bibliogr\u00e1fica CERIBELLI, Alessandra (2024): \u00abPersonas gramaticales y voces narrativas en Los peces de la amargura de Fernando Aramburu\u00bb, en FERN\u00c1NDEZ DOS SANTOS, Mirta y NICOL\u00c1S MART\u00cdNEZ,&hellip;<\/p>\n","protected":false},"author":1,"featured_media":0,"parent":0,"menu_order":0,"comment_status":"closed","ping_status":"closed","template":"","meta":{"om_disable_all_campaigns":false,"_monsterinsights_skip_tracking":false,"_monsterinsights_sitenote_active":false,"_monsterinsights_sitenote_note":"","_monsterinsights_sitenote_category":0,"_uf_show_specific_survey":0,"_uf_disable_surveys":false,"_vp_format_video_url":"","_vp_image_focal_point":[],"_vp_custom_popup_image":0,"_vp_format_audio_url":"","_vp_custom_thumbnail":0,"_vp_custom_thumbnail_focal_point":[],"_vp_hover_thumbnail":0,"_vp_hover_thumbnail_focal_point":[],"footnotes":""},"class_list":["post-25190","page","type-page","status-publish","hentry"],"aioseo_notices":[],"_links":{"self":[{"href":"https:\/\/www.arovite.com\/es\/wp-json\/wp\/v2\/pages\/25190","targetHints":{"allow":["GET"]}}],"collection":[{"href":"https:\/\/www.arovite.com\/es\/wp-json\/wp\/v2\/pages"}],"about":[{"href":"https:\/\/www.arovite.com\/es\/wp-json\/wp\/v2\/types\/page"}],"author":[{"embeddable":true,"href":"https:\/\/www.arovite.com\/es\/wp-json\/wp\/v2\/users\/1"}],"replies":[{"embeddable":true,"href":"https:\/\/www.arovite.com\/es\/wp-json\/wp\/v2\/comments?post=25190"}],"version-history":[{"count":1,"href":"https:\/\/www.arovite.com\/es\/wp-json\/wp\/v2\/pages\/25190\/revisions"}],"predecessor-version":[{"id":25191,"href":"https:\/\/www.arovite.com\/es\/wp-json\/wp\/v2\/pages\/25190\/revisions\/25191"}],"wp:attachment":[{"href":"https:\/\/www.arovite.com\/es\/wp-json\/wp\/v2\/media?parent=25190"}],"curies":[{"name":"wp","href":"https:\/\/api.w.org\/{rel}","templated":true}]}}