{"id":25183,"date":"2026-03-07T09:50:47","date_gmt":"2026-03-07T09:50:47","guid":{"rendered":"https:\/\/www.arovite.com\/?page_id=25183"},"modified":"2026-03-07T09:51:56","modified_gmt":"2026-03-07T09:51:56","slug":"castells-arteche-luis-y-saez-de-la-fuente-aldama-izaskun-2025","status":"publish","type":"page","link":"https:\/\/www.arovite.com\/es\/castells-arteche-luis-y-saez-de-la-fuente-aldama-izaskun-2025\/","title":{"rendered":"CASTELLS ARTECHE, Luis y S\u00c1EZ DE LA FUENTE ALDAMA, Izaskun (2025)"},"content":{"rendered":"<div class=\"wpb-content-wrapper\"><p>[vc_row][vc_column width=&#8221;1\/1&#8243;][vc_column_text][vc_empty_space height=&#8221;20&#8243;]<br \/>\n<strong>Referencia bibliogr\u00e1fica<\/strong><\/p>\n<p>CASTELLS ARTECHE, Luis y S\u00c1EZ DE LA FUENTE ALDAMA, Izaskun (2025): <em>Guerra sucia y abusos de poder: la quiebra de los imperativos morales<\/em>. Madrid: Catarata.<\/p>\n<p><a class=\"button blue  medium \" href=\"https:\/\/www.arovite.com\/documentos\/2025_Castells_y_Saez_de_la_Fuente.pdf\" target=\"_blank\">Consultar PDF<\/a>[vc_empty_space height=&#8221;10&#8243;]<br \/>\n<strong>Resumen<\/strong><br \/>\nLa guerra sucia existi\u00f3, aunque se haya buscado ocultarla o minusvalorar su alcance. Debemos dimensionarla adecuadamente y evaluarla cr\u00edticamente para contribuir a la deslegitimaci\u00f3n de la violencia. Consisti\u00f3 en el uso ileg\u00edtimo de la fuerza por parte de las Fuerzas de Seguridad del Estado (FSE) y de grupos de ultraderecha con el prop\u00f3sito de combatir el terrorismo, disponiendo bien del consentimiento t\u00e1cito o incluso del apoyo pol\u00edtico y financiero de los aparatos del Estado. La ocultaci\u00f3n o minusvaloraci\u00f3n de las distintas formas de guerra sucia y de la tortura, las limitadas investigaciones policiales y judiciales, as\u00ed como la impunidad de muchos de los delitos cometidos tienen efectos muy contraproducentes porque impiden el reconocimiento y la reparaci\u00f3n de las v\u00edctimas de estas atroces e injustas vulneraciones de derechos humanos y hacerlo en pie de igualdad con las v\u00edctimas de ETA. Algunos argumentan que la guerra sucia era necesaria e inevitable dada la dram\u00e1tica y compleja situaci\u00f3n que se viv\u00eda. Sin embargo, desde la perspectiva \u00e9tica de esta colecci\u00f3n, creemos que es fundamental que se comprenda que no solo fue injusta contra las personas que la sufrieron, sino que fue un grav\u00edsimo ataque a la democracia y al Estado de derecho que deb\u00eda proteger los derechos y las libertades de toda la ciudadan\u00eda; y ah\u00ed no cabe consideraci\u00f3n utilitaria alguna.[vc_empty_space height=&#8221;10&#8243;]<br \/>\n<strong>Autor<\/strong><br \/>\nLuis Castells Arteche. <a title=\"Dialnet\" href=\"https:\/\/dialnet.unirioja.es\/servlet\/autor?codigo=145543\" target=\"_blank\">P\u00e1gina del autor en Dialnet.<\/a><br \/>\nIzaskun S\u00e1ez de la Fuente. <a title=\"Dialnet\" href=\"https:\/\/dialnet.unirioja.es\/servlet\/autor?codigo=291316\" target=\"_blank\">P\u00e1gina del autor en Dialnet.<\/a><br \/>\n[vc_empty_space height=&#8221;10&#8243;]<br \/>\n<strong>Tipo de documento<\/strong><br \/>\nLibro<br \/>\n[vc_empty_space height=&#8221;10&#8243;]<br \/>\n[\/vc_column_text][\/vc_column][\/vc_row]<\/p>\n<\/div>","protected":false},"excerpt":{"rendered":"<p>[vc_row][vc_column width=&#8221;1\/1&#8243;][vc_column_text][vc_empty_space height=&#8221;20&#8243;] Referencia bibliogr\u00e1fica CASTELLS ARTECHE, Luis y S\u00c1EZ DE LA FUENTE ALDAMA, Izaskun (2025): Guerra sucia y abusos de poder: la quiebra de los imperativos morales. Madrid: Catarata.&hellip;<\/p>\n","protected":false},"author":1,"featured_media":0,"parent":0,"menu_order":0,"comment_status":"closed","ping_status":"closed","template":"","meta":{"om_disable_all_campaigns":false,"_monsterinsights_skip_tracking":false,"_monsterinsights_sitenote_active":false,"_monsterinsights_sitenote_note":"","_monsterinsights_sitenote_category":0,"_uf_show_specific_survey":0,"_uf_disable_surveys":false,"_vp_format_video_url":"","_vp_image_focal_point":[],"_vp_custom_popup_image":0,"_vp_format_audio_url":"","_vp_custom_thumbnail":0,"_vp_custom_thumbnail_focal_point":[],"_vp_hover_thumbnail":0,"_vp_hover_thumbnail_focal_point":[],"footnotes":""},"class_list":["post-25183","page","type-page","status-publish","hentry"],"aioseo_notices":[],"_links":{"self":[{"href":"https:\/\/www.arovite.com\/es\/wp-json\/wp\/v2\/pages\/25183","targetHints":{"allow":["GET"]}}],"collection":[{"href":"https:\/\/www.arovite.com\/es\/wp-json\/wp\/v2\/pages"}],"about":[{"href":"https:\/\/www.arovite.com\/es\/wp-json\/wp\/v2\/types\/page"}],"author":[{"embeddable":true,"href":"https:\/\/www.arovite.com\/es\/wp-json\/wp\/v2\/users\/1"}],"replies":[{"embeddable":true,"href":"https:\/\/www.arovite.com\/es\/wp-json\/wp\/v2\/comments?post=25183"}],"version-history":[{"count":2,"href":"https:\/\/www.arovite.com\/es\/wp-json\/wp\/v2\/pages\/25183\/revisions"}],"predecessor-version":[{"id":25189,"href":"https:\/\/www.arovite.com\/es\/wp-json\/wp\/v2\/pages\/25183\/revisions\/25189"}],"wp:attachment":[{"href":"https:\/\/www.arovite.com\/es\/wp-json\/wp\/v2\/media?parent=25183"}],"curies":[{"name":"wp","href":"https:\/\/api.w.org\/{rel}","templated":true}]}}