{"id":25159,"date":"2026-03-01T08:44:57","date_gmt":"2026-03-01T08:44:57","guid":{"rendered":"https:\/\/www.arovite.com\/?page_id=25159"},"modified":"2026-03-01T08:44:57","modified_gmt":"2026-03-01T08:44:57","slug":"alonso-rey-maria-dolores-2016","status":"publish","type":"page","link":"https:\/\/www.arovite.com\/es\/alonso-rey-maria-dolores-2016\/","title":{"rendered":"ALONSO REY, Mar\u00eda Dolores (2016)"},"content":{"rendered":"<div class=\"wpb-content-wrapper\"><p>[vc_row][vc_column width=&#8221;1\/1&#8243;][vc_column_text][vc_empty_space height=&#8221;20&#8243;]<br \/>\n<strong>Referencia bibliogr\u00e1fica<\/strong><\/p>\n<p>ALONSO REY, Mar\u00eda Dolores (2016): \u00abV\u00edctimas del terrorismo: trauma y superaci\u00f3n en Los peces de la amargura de Fernando Aramburu\u00bb, <em>Tonos digital: revista de estudios filol\u00f3gicos<\/em>, n\u00ba 31, pp. 1-20.<\/p>\n<p><a class=\"button blue  medium \" href=\"https:\/\/digitum.um.es\/server\/api\/core\/bitstreams\/3ee500c2-b87d-4f84-a319-f2f893a5d7e3\/content\" target=\"_blank\">Consultar PDF<\/a>[vc_empty_space height=&#8221;10&#8243;]<br \/>\n<strong>Resumen<\/strong><br \/>\nEn <em>Los peces de la amargura<\/em> (2006), Aramburu da testimonio de la l\u00f3gica del terrorismo y de sus efectos sobre la sociedad y sobre el individuo. Se centra en el padecimiento ps\u00edquico de las v\u00edctimas que viven diferentes grados de neurosis traum\u00e1tica. Este estudio analiza la escritura del trauma: la manera de representarlo, los recursos literarios y narrativos utilizados para dar cuenta de la experiencia traum\u00e1tica en sus diferentes fases as\u00ed como de los procesos de superaci\u00f3n individual y social, especialmente el papel del arrepentimiento.[vc_empty_space height=&#8221;10&#8243;]<br \/>\n<strong>Abstract<\/strong><br \/>\nIn <em>Los peces de la amargura<\/em> (2006), Aramburu bears witness to the logics of the social and individual effects of terrorism. He focuses on the psychical suffering of the victims who go through several stages of traumatic neurosis. This study analyzes the written expression of the trauma: the way to represent it, the literary and narrative resources used to describe the different stages of the traumatic experience as well as the individual and social resolution process and mainly the part of repentance.<br \/>\n[vc_empty_space height=&#8221;10&#8243;]<br \/>\n<strong>Autor<\/strong><br \/>\nMar\u00eda Dolores Alonso-Rey. <a title=\"Dialnet\" href=\"https:\/\/dialnet.unirioja.es\/servlet\/autor?codigo=1285781\" target=\"_blank\">P\u00e1gina del autor en Dialnet.<\/a><br \/>\n[vc_empty_space height=&#8221;10&#8243;]<br \/>\n<strong>Tipo de documento<\/strong><br \/>\nArt\u00edculo<br \/>\n[vc_empty_space height=&#8221;10&#8243;]<br \/>\n[\/vc_column_text][\/vc_column][\/vc_row]<\/p>\n<\/div>","protected":false},"excerpt":{"rendered":"<p>[vc_row][vc_column width=&#8221;1\/1&#8243;][vc_column_text][vc_empty_space height=&#8221;20&#8243;] Referencia bibliogr\u00e1fica ALONSO REY, Mar\u00eda Dolores (2016): \u00abV\u00edctimas del terrorismo: trauma y superaci\u00f3n en Los peces de la amargura de Fernando Aramburu\u00bb, Tonos digital: revista de estudios&hellip;<\/p>\n","protected":false},"author":1,"featured_media":0,"parent":0,"menu_order":0,"comment_status":"closed","ping_status":"closed","template":"","meta":{"om_disable_all_campaigns":false,"_monsterinsights_skip_tracking":false,"_monsterinsights_sitenote_active":false,"_monsterinsights_sitenote_note":"","_monsterinsights_sitenote_category":0,"_uf_show_specific_survey":0,"_uf_disable_surveys":false,"_vp_format_video_url":"","_vp_image_focal_point":[],"_vp_custom_popup_image":0,"_vp_format_audio_url":"","_vp_custom_thumbnail":0,"_vp_custom_thumbnail_focal_point":[],"_vp_hover_thumbnail":0,"_vp_hover_thumbnail_focal_point":[],"footnotes":""},"class_list":["post-25159","page","type-page","status-publish","hentry"],"aioseo_notices":[],"_links":{"self":[{"href":"https:\/\/www.arovite.com\/es\/wp-json\/wp\/v2\/pages\/25159","targetHints":{"allow":["GET"]}}],"collection":[{"href":"https:\/\/www.arovite.com\/es\/wp-json\/wp\/v2\/pages"}],"about":[{"href":"https:\/\/www.arovite.com\/es\/wp-json\/wp\/v2\/types\/page"}],"author":[{"embeddable":true,"href":"https:\/\/www.arovite.com\/es\/wp-json\/wp\/v2\/users\/1"}],"replies":[{"embeddable":true,"href":"https:\/\/www.arovite.com\/es\/wp-json\/wp\/v2\/comments?post=25159"}],"version-history":[{"count":1,"href":"https:\/\/www.arovite.com\/es\/wp-json\/wp\/v2\/pages\/25159\/revisions"}],"predecessor-version":[{"id":25160,"href":"https:\/\/www.arovite.com\/es\/wp-json\/wp\/v2\/pages\/25159\/revisions\/25160"}],"wp:attachment":[{"href":"https:\/\/www.arovite.com\/es\/wp-json\/wp\/v2\/media?parent=25159"}],"curies":[{"name":"wp","href":"https:\/\/api.w.org\/{rel}","templated":true}]}}