{"id":25155,"date":"2026-03-01T08:38:35","date_gmt":"2026-03-01T08:38:35","guid":{"rendered":"https:\/\/www.arovite.com\/?page_id=25155"},"modified":"2026-03-01T08:38:35","modified_gmt":"2026-03-01T08:38:35","slug":"almeida-diez-adrian-2025","status":"publish","type":"page","link":"https:\/\/www.arovite.com\/es\/almeida-diez-adrian-2025\/","title":{"rendered":"ALMEIDA D\u00cdEZ, Adri\u00e1n (2025)"},"content":{"rendered":"<div class=\"wpb-content-wrapper\"><p>[vc_row][vc_column width=&#8221;1\/1&#8243;][vc_column_text][vc_empty_space height=&#8221;20&#8243;]<br \/>\n<strong>Referencia bibliogr\u00e1fica<\/strong><\/p>\n<p>ALMEIDA D\u00cdEZ, Adri\u00e1n (2025): \u00abEl colectivo LAIA-EZ. El comunismo de consejos, autonom\u00eda y la cr\u00edtica a la izquierda abertzale (1974-1977)\u00bb, <em>Hispania. Revista Espa\u00f1ola de Historia<\/em>, n\u00ba 85\/279, pp. 51-60. <\/p>\n<p><a class=\"button blue  medium \" href=\"https:\/\/hispania.revistas.csic.es\/index.php\/hispania\/article\/view\/1262\" target=\"_blank\">Consultar PDF<\/a>[vc_empty_space height=&#8221;10&#8243;]<br \/>\n<strong>Resumen<\/strong><br \/>\nEste art\u00edculo de investigaci\u00f3n trata de explicar y describir, en primer t\u00e9rmino, el proceso de creaci\u00f3n de las corrientes del comunismo consejista y de la autonom\u00eda obrera dentro del partido independentista vasco LAIA (Partido de los Trabajadores Patriotas Revolucionarios por sus siglas en euskera), cristalizadas como colectivo independiente en 1976 bajo las siglas LAIA-EZ. En segundo t\u00e9rmino, el presente ensayo hist\u00f3rico buscar\u00e1 destacar c\u00f3mo el proceso de la autoorganizaci\u00f3n obrera y la asunci\u00f3n de principios consejistas fueron puntales para la cr\u00edtica de LAIA-EZ a la izquierda abertzale y a la propuesta de la alternativa de la Koordinadora Abertzale Sozialista (KAS).[vc_empty_space height=&#8221;10&#8243;]<br \/>\n<strong>Abstract<\/strong><br \/>\nThis research article seeks firstly to explain and describe the creation process of an ideological wing influenced by Council communism and autonomist Marxism within the Basque pro-independence political party, LAIA (the Basque abbreviation for Party of the Revolutionary Patriotic Workers), which formed a new independent group under the acronym of LAIA-EZ in 1976. Secondly, the essay highlights the self-organisation processes of workers in the Basque Country and shows that the assumption of Councilist principles was central to LAIA-EZ&#8217;s critique of the Basque patriotic left movement and the alternative approach of the Koordinadora Abertzale Sozialista (KAS).<br \/>\n[vc_empty_space height=&#8221;10&#8243;]<br \/>\n<strong>Autor<\/strong><br \/>\nAdri\u00e1n Almeida D\u00edez. <a title=\"Dialnet\" href=\"https:\/\/dialnet.unirioja.es\/servlet\/autor?codigo=4487193\" target=\"_blank\">P\u00e1gina del autor en Dialnet.<\/a><br \/>\n[vc_empty_space height=&#8221;10&#8243;]<br \/>\n<strong>Tipo de documento<\/strong><br \/>\nArt\u00edculo<br \/>\n[vc_empty_space height=&#8221;10&#8243;]<br \/>\n[\/vc_column_text][\/vc_column][\/vc_row]<\/p>\n<\/div>","protected":false},"excerpt":{"rendered":"<p>[vc_row][vc_column width=&#8221;1\/1&#8243;][vc_column_text][vc_empty_space height=&#8221;20&#8243;] Referencia bibliogr\u00e1fica ALMEIDA D\u00cdEZ, Adri\u00e1n (2025): \u00abEl colectivo LAIA-EZ. El comunismo de consejos, autonom\u00eda y la cr\u00edtica a la izquierda abertzale (1974-1977)\u00bb, Hispania. Revista Espa\u00f1ola de Historia,&hellip;<\/p>\n","protected":false},"author":1,"featured_media":0,"parent":0,"menu_order":0,"comment_status":"closed","ping_status":"closed","template":"","meta":{"om_disable_all_campaigns":false,"_monsterinsights_skip_tracking":false,"_monsterinsights_sitenote_active":false,"_monsterinsights_sitenote_note":"","_monsterinsights_sitenote_category":0,"_uf_show_specific_survey":0,"_uf_disable_surveys":false,"_vp_format_video_url":"","_vp_image_focal_point":[],"_vp_custom_popup_image":0,"_vp_format_audio_url":"","_vp_custom_thumbnail":0,"_vp_custom_thumbnail_focal_point":[],"_vp_hover_thumbnail":0,"_vp_hover_thumbnail_focal_point":[],"footnotes":""},"class_list":["post-25155","page","type-page","status-publish","hentry"],"aioseo_notices":[],"_links":{"self":[{"href":"https:\/\/www.arovite.com\/es\/wp-json\/wp\/v2\/pages\/25155","targetHints":{"allow":["GET"]}}],"collection":[{"href":"https:\/\/www.arovite.com\/es\/wp-json\/wp\/v2\/pages"}],"about":[{"href":"https:\/\/www.arovite.com\/es\/wp-json\/wp\/v2\/types\/page"}],"author":[{"embeddable":true,"href":"https:\/\/www.arovite.com\/es\/wp-json\/wp\/v2\/users\/1"}],"replies":[{"embeddable":true,"href":"https:\/\/www.arovite.com\/es\/wp-json\/wp\/v2\/comments?post=25155"}],"version-history":[{"count":1,"href":"https:\/\/www.arovite.com\/es\/wp-json\/wp\/v2\/pages\/25155\/revisions"}],"predecessor-version":[{"id":25156,"href":"https:\/\/www.arovite.com\/es\/wp-json\/wp\/v2\/pages\/25155\/revisions\/25156"}],"wp:attachment":[{"href":"https:\/\/www.arovite.com\/es\/wp-json\/wp\/v2\/media?parent=25155"}],"curies":[{"name":"wp","href":"https:\/\/api.w.org\/{rel}","templated":true}]}}