{"id":25144,"date":"2026-03-01T08:34:36","date_gmt":"2026-03-01T08:34:36","guid":{"rendered":"https:\/\/www.arovite.com\/?page_id=25144"},"modified":"2026-03-01T08:35:25","modified_gmt":"2026-03-01T08:35:25","slug":"almeida-diez-adrian-2024","status":"publish","type":"page","link":"https:\/\/www.arovite.com\/es\/almeida-diez-adrian-2024\/","title":{"rendered":"ALMEIDA D\u00cdEZ, Adri\u00e1n (2024)"},"content":{"rendered":"<div class=\"wpb-content-wrapper\"><p>[vc_row][vc_column width=&#8221;1\/1&#8243;][vc_column_text][vc_empty_space height=&#8221;20&#8243;]<br \/>\n<strong>Referencia bibliogr\u00e1fica<\/strong><\/p>\n<p>ALMEIDA D\u00cdEZ, Adri\u00e1n (2024): \u00abEstrategia vietnamita, tupamara y de la organizaci\u00f3n Septiembre Negro. La violencia pol\u00edtica en ETA desde la sociolog\u00eda de la relaci\u00f3n y el pensamiento de Federico Krutwig (1963-1983)\u00bb, <em>Historia contempor\u00e1nea<\/em>, n\u00ba 75, pp. 697-728. <\/p>\n<p><a class=\"button blue  medium \" href=\"https:\/\/ojs.ehu.eus\/index.php\/HC\/article\/view\/23602\/23905\" target=\"_blank\">Consultar PDF<\/a>[vc_empty_space height=&#8221;10&#8243;]<br \/>\n<strong>Resumen<\/strong><br \/>\nEl presente ensayo de investigaci\u00f3n  pretende repasar las trayectorias estrat\u00e9gicas de la organizaci\u00f3n armada ETA. Bajo el enfoque te\u00f3rico de la sociolog\u00eda de la relaci\u00f3n con el mundo y la perspectiva procesual para el estudio de la violencia pol\u00edtica, se pretende dilucidar los cambios operados en los usos dados a la violencia y el papel concreto de \u00e9sta en la estrategia pol\u00edtica global del colectivo. Dentro de esta secuenciaci\u00f3n, se destacar\u00e1 el papel del intelectual Federico Krutwig Sagredo en la definici\u00f3n de la planificaci\u00f3n general de la pol\u00edtica armada y civil de la organizaci\u00f3n vasca. [vc_empty_space height=&#8221;10&#8243;]<br \/>\n<strong>Abstract<\/strong><br \/>\nThis essay wants to offer a general description of violent strategies of Basque armed group ETA. Taking a world relation sociological and processual approaches, seeks to elucidate the development of violence and its role in the political general strategy of the Basque collective. Through this succession, this paper explores the role of Federico Krutwig Sagredo, as one of the most relevant theoretician of ETA\u00b4s civil and armed policy.<br \/>\n[vc_empty_space height=&#8221;10&#8243;]<br \/>\n<strong>Autor<\/strong><br \/>\nAdri\u00e1n Almeida D\u00edez. <a title=\"Dialnet\" href=\"https:\/\/dialnet.unirioja.es\/servlet\/autor?codigo=4487193\" target=\"_blank\">P\u00e1gina del autor en Dialnet.<\/a><br \/>\n[vc_empty_space height=&#8221;10&#8243;]<br \/>\n<strong>Tipo de documento<\/strong><br \/>\nArt\u00edculo<br \/>\n[vc_empty_space height=&#8221;10&#8243;]<br \/>\n[\/vc_column_text][\/vc_column][\/vc_row]<\/p>\n<\/div>","protected":false},"excerpt":{"rendered":"<p>[vc_row][vc_column width=&#8221;1\/1&#8243;][vc_column_text][vc_empty_space height=&#8221;20&#8243;] Referencia bibliogr\u00e1fica ALMEIDA D\u00cdEZ, Adri\u00e1n (2024): \u00abEstrategia vietnamita, tupamara y de la organizaci\u00f3n Septiembre Negro. La violencia pol\u00edtica en ETA desde la sociolog\u00eda de la relaci\u00f3n y&hellip;<\/p>\n","protected":false},"author":1,"featured_media":0,"parent":0,"menu_order":0,"comment_status":"closed","ping_status":"closed","template":"","meta":{"om_disable_all_campaigns":false,"_monsterinsights_skip_tracking":false,"_monsterinsights_sitenote_active":false,"_monsterinsights_sitenote_note":"","_monsterinsights_sitenote_category":0,"_uf_show_specific_survey":0,"_uf_disable_surveys":false,"_vp_format_video_url":"","_vp_image_focal_point":[],"_vp_custom_popup_image":0,"_vp_format_audio_url":"","_vp_custom_thumbnail":0,"_vp_custom_thumbnail_focal_point":[],"_vp_hover_thumbnail":0,"_vp_hover_thumbnail_focal_point":[],"footnotes":""},"class_list":["post-25144","page","type-page","status-publish","hentry"],"aioseo_notices":[],"_links":{"self":[{"href":"https:\/\/www.arovite.com\/es\/wp-json\/wp\/v2\/pages\/25144","targetHints":{"allow":["GET"]}}],"collection":[{"href":"https:\/\/www.arovite.com\/es\/wp-json\/wp\/v2\/pages"}],"about":[{"href":"https:\/\/www.arovite.com\/es\/wp-json\/wp\/v2\/types\/page"}],"author":[{"embeddable":true,"href":"https:\/\/www.arovite.com\/es\/wp-json\/wp\/v2\/users\/1"}],"replies":[{"embeddable":true,"href":"https:\/\/www.arovite.com\/es\/wp-json\/wp\/v2\/comments?post=25144"}],"version-history":[{"count":3,"href":"https:\/\/www.arovite.com\/es\/wp-json\/wp\/v2\/pages\/25144\/revisions"}],"predecessor-version":[{"id":25154,"href":"https:\/\/www.arovite.com\/es\/wp-json\/wp\/v2\/pages\/25144\/revisions\/25154"}],"wp:attachment":[{"href":"https:\/\/www.arovite.com\/es\/wp-json\/wp\/v2\/media?parent=25144"}],"curies":[{"name":"wp","href":"https:\/\/api.w.org\/{rel}","templated":true}]}}