{"id":24979,"date":"2026-01-18T17:13:47","date_gmt":"2026-01-18T17:13:47","guid":{"rendered":"https:\/\/www.arovite.com\/?page_id=24979"},"modified":"2026-01-18T17:13:47","modified_gmt":"2026-01-18T17:13:47","slug":"uson-gonzalez-iker-2017","status":"publish","type":"page","link":"https:\/\/www.arovite.com\/es\/uson-gonzalez-iker-2017\/","title":{"rendered":"US\u00d3N GONZ\u00c1LEZ, Iker (2017)"},"content":{"rendered":"<div class=\"wpb-content-wrapper\"><p>[vc_row][vc_column width=&#8221;1\/1&#8243;][vc_column_text][vc_empty_space height=&#8221;20&#8243;]<br \/>\n<strong>Referencia bibliogr\u00e1fica<\/strong><br \/>\nUS\u00d3N GONZ\u00c1LEZ, Iker (2017): \u00abTerrorismo y vulneraciones de Derechos Humanos de motivaci\u00f3n pol\u00edtica en el caso vasco: estudio exploratorio sobre los conocimientos y la valoraci\u00f3n \u00e9tica de la juventud universitaria vasca\u00bb, <em>Deusto Journal of Human Rights<\/em>, n\u00ba 2, pp. 121-148. <\/p>\n<p><a class=\"button blue  medium \" href=\"https:\/\/dialnet.unirioja.es\/servlet\/articulo?codigo=6486822&#038;orden=0&#038;info=link\" target=\"_blank\" rel=\"noopener\">Consultar PDF<\/a>[vc_empty_space height=&#8221;10&#8243;]<br \/>\n<strong>Resumen<\/strong><br \/>\nEl art\u00edculo presenta los resultados de una investigaci\u00f3n, la primera realizada en el Pa\u00eds Vasco, sobre el nivel de conocimiento y los discursos que la poblaci\u00f3n universitaria tiene respecto de las vulneraciones de Derechos Humanos de motivaci\u00f3n pol\u00edtica producidas en el pasado reciente de Euskadi. A trav\u00e9s de un cuestionario a casi mil j\u00f3venes de entre 18 y 29 a\u00f1os de grados universitarios de Ciencias Sociales y de la Educaci\u00f3n de la UPV-EHU, Deusto y Mondragon Unibertsitatea y bajo un muestreo no probabil\u00edstico, el estudio muestra un alumnado con un alto inter\u00e9s por estos temas pero insatisfecho respecto de la informaci\u00f3n recibida. Tambi\u00e9n se evidencia un significativo nivel de desconocimiento sobre hechos concretos unido a un compromiso muy alto con la dignidad humana y un n\u00edtido rechazo de la violencia. [vc_empty_space height=&#8221;10&#8243;]<br \/>\n<strong>Abstract<\/strong><br \/>\nThe present research shows the main results obtained in a study, the first to the author\u2019s knowledge, regarding students\u2019 knowledge and perspectives concerning infringements of Human Rights due to political reasons in the Basque Country. A sample of almost 1000 students (18-29 years) recruited from the Social Science and Education Degree of three different universities (EHU\/UPV, Deusto and Mondragon Unibertsitatea) took part in the study by completing a self-report questionnaire. Findings indicate that the interest of the participants on this topic is especially remarkable. However, students also show an unsatisfied feeling regarding the information they have received about the topic. In addition, students present a lack of awareness about specific facts that go hand in hand with human dignity and rejection of violence. [vc_empty_space height=&#8221;10&#8243;]<br \/>\n<strong>Autor<\/strong><br \/>\nIker Us\u00f3n Gonz\u00e1lez. <a title=\"Dialnet\" href=\"https:\/\/dialnet.unirioja.es\/servlet\/autor?codigo=4538663\" target=\"_blank\" rel=\"noopener\">P\u00e1gina del autor en Dialnet.<\/a><br \/>\n[vc_empty_space height=&#8221;10&#8243;]<br \/>\n<strong>Tipo de documento<\/strong><br \/>\nArt\u00edculo<br \/>\n[vc_empty_space height=&#8221;10&#8243;]<br \/>\n[\/vc_column_text][\/vc_column][\/vc_row]<\/p>\n<\/div>","protected":false},"excerpt":{"rendered":"<p>[vc_row][vc_column width=&#8221;1\/1&#8243;][vc_column_text][vc_empty_space height=&#8221;20&#8243;] Referencia bibliogr\u00e1fica US\u00d3N GONZ\u00c1LEZ, Iker (2017): \u00abTerrorismo y vulneraciones de Derechos Humanos de motivaci\u00f3n pol\u00edtica en el caso vasco: estudio exploratorio sobre los conocimientos y la valoraci\u00f3n&hellip;<\/p>\n","protected":false},"author":1,"featured_media":0,"parent":0,"menu_order":0,"comment_status":"closed","ping_status":"closed","template":"","meta":{"om_disable_all_campaigns":false,"_monsterinsights_skip_tracking":false,"_monsterinsights_sitenote_active":false,"_monsterinsights_sitenote_note":"","_monsterinsights_sitenote_category":0,"_uf_show_specific_survey":0,"_uf_disable_surveys":false,"_vp_format_video_url":"","_vp_image_focal_point":[],"_vp_custom_popup_image":0,"_vp_format_audio_url":"","_vp_custom_thumbnail":0,"_vp_custom_thumbnail_focal_point":[],"_vp_hover_thumbnail":0,"_vp_hover_thumbnail_focal_point":[],"footnotes":""},"class_list":["post-24979","page","type-page","status-publish","hentry"],"aioseo_notices":[],"_links":{"self":[{"href":"https:\/\/www.arovite.com\/es\/wp-json\/wp\/v2\/pages\/24979","targetHints":{"allow":["GET"]}}],"collection":[{"href":"https:\/\/www.arovite.com\/es\/wp-json\/wp\/v2\/pages"}],"about":[{"href":"https:\/\/www.arovite.com\/es\/wp-json\/wp\/v2\/types\/page"}],"author":[{"embeddable":true,"href":"https:\/\/www.arovite.com\/es\/wp-json\/wp\/v2\/users\/1"}],"replies":[{"embeddable":true,"href":"https:\/\/www.arovite.com\/es\/wp-json\/wp\/v2\/comments?post=24979"}],"version-history":[{"count":2,"href":"https:\/\/www.arovite.com\/es\/wp-json\/wp\/v2\/pages\/24979\/revisions"}],"predecessor-version":[{"id":24981,"href":"https:\/\/www.arovite.com\/es\/wp-json\/wp\/v2\/pages\/24979\/revisions\/24981"}],"wp:attachment":[{"href":"https:\/\/www.arovite.com\/es\/wp-json\/wp\/v2\/media?parent=24979"}],"curies":[{"name":"wp","href":"https:\/\/api.w.org\/{rel}","templated":true}]}}