{"id":24975,"date":"2026-01-18T17:09:25","date_gmt":"2026-01-18T17:09:25","guid":{"rendered":"https:\/\/www.arovite.com\/?page_id=24975"},"modified":"2026-01-18T17:09:25","modified_gmt":"2026-01-18T17:09:25","slug":"toribio-medina-mireya-2024","status":"publish","type":"page","link":"https:\/\/www.arovite.com\/es\/toribio-medina-mireya-2024\/","title":{"rendered":"TORIBIO MEDINA, Mireya (2024)"},"content":{"rendered":"<div class=\"wpb-content-wrapper\"><p>[vc_row][vc_column width=&#8221;1\/1&#8243;][vc_column_text][vc_empty_space height=&#8221;20&#8243;]<br \/>\n<strong>Referencia bibliogr\u00e1fica<\/strong><br \/>\nTORIBIO MEDINA, Mireya (2024): \u00abSal en la herida. La humillaci\u00f3n a las v\u00edctimas del terrorismo de ETA.\u00bb, <em>Conce\u03c6tos<\/em>, n\u00ba 10, pp. 66-88.<\/p>\n<p><a class=\"button blue  medium \" href=\"https:\/\/revues.u-bordeaux-montaigne.fr\/conceptos\/article\/view\/541\" target=\"_blank\" rel=\"noopener\">Consultar PDF<\/a>[vc_empty_space height=&#8221;10&#8243;]<br \/>\n<strong>Resumen<\/strong><br \/>\nAl calor del Pacto Antiterrorista, en el a\u00f1o 2000 se introdujo en Espa\u00f1a el delito de <em>humillaci\u00f3n a las v\u00edctimas del terrorismo<\/em>. En 2015 fue modificado en consonancia con el desarrollo legislativo que sigui\u00f3 a los atentados del 11S y el 11M. Entre 1968 y 2011 ETA perpetr\u00f3 m\u00e1s de 3.800 atentados que dejaron miles de v\u00edctimas. Desaparecida en 2018, sus consecuencias persisten. Entre los rescoldos de la violencia, se encuentran los ataques al honor de las v\u00edctimas. Este trabajo realiza un recorrido por la creaci\u00f3n de la figura delictiva y su aplicaci\u00f3n en el contexto del terrorismo de ETA. [vc_empty_space height=&#8221;10&#8243;]<br \/>\n<strong>Abstract<\/strong><br \/>\nIn  the  context  of  the  Anti-Terrorism  Pact,  the  crime  of <em>humiliation  of  victims  of  terrorism<\/em> was created in Spain in 2000. In 2015 it was amended in line with the legislative developments that followed the 9\/11 and 11M attacks. Between 1968 and 2011 ETA perpetrated more than 3,500 attacks  that  left  thousands  of  victims.  Having  disappeared  in  2018,  its  consequences  persist. Among the embers of violence are conducts that aim to attack the honour of the victims. This work traces the creation of this criminal offence and its application in the context of the victims of ETA terrorism. [vc_empty_space height=&#8221;10&#8243;]<br \/>\n<strong>R\u00e9sum\u00e9<\/strong><br \/>\nDans le cadre du Pacte antiterroriste, le d\u00e9lit <em>d&#8217;humiliation des victimes du terrorisme<\/em> a \u00e9t\u00e9 introduit en Espagne en 2000. En 2015, il a \u00e9t\u00e9 modifi\u00e9 en fonction des d\u00e9veloppements l\u00e9gislatifs qui ont suivi les attentats du 11 septembre et du 11 mars. Entre 1968 et 2011, l&#8217;ETA a perp\u00e9tr\u00e9 plus de 3 800 attentats qui ont fait des milliers de victimes. Disparue en 2018, ses cons\u00e9quences perdurent. Parmi les braises de la violence, on trouve les atteintes \u00e0 l&#8217;honneur des victimes. Cet article retrace la cr\u00e9ation de cette infraction p\u00e9nale et son application dans le contexte du terrorisme de l&#8217;ETA. [vc_empty_space height=&#8221;10&#8243;]<br \/>\n<strong>Autor<\/strong><br \/>\nMireya Toribio Medina. <a title=\"Dialnet\" href=\"https:\/\/dialnet.unirioja.es\/servlet\/autor?codigo=4281008\" target=\"_blank\" rel=\"noopener\">P\u00e1gina del autor en Dialnet.<\/a><br \/>\n[vc_empty_space height=&#8221;10&#8243;]<br \/>\n<strong>Tipo de documento<\/strong><br \/>\nArt\u00edculo<br \/>\n[vc_empty_space height=&#8221;10&#8243;]<br \/>\n[\/vc_column_text][\/vc_column][\/vc_row]<\/p>\n<\/div>","protected":false},"excerpt":{"rendered":"<p>[vc_row][vc_column width=&#8221;1\/1&#8243;][vc_column_text][vc_empty_space height=&#8221;20&#8243;] Referencia bibliogr\u00e1fica TORIBIO MEDINA, Mireya (2024): \u00abSal en la herida. La humillaci\u00f3n a las v\u00edctimas del terrorismo de ETA.\u00bb, Conce\u03c6tos, n\u00ba 10, pp. 66-88. Consultar PDF[vc_empty_space height=&#8221;10&#8243;]&hellip;<\/p>\n","protected":false},"author":1,"featured_media":0,"parent":0,"menu_order":0,"comment_status":"closed","ping_status":"closed","template":"","meta":{"om_disable_all_campaigns":false,"_monsterinsights_skip_tracking":false,"_monsterinsights_sitenote_active":false,"_monsterinsights_sitenote_note":"","_monsterinsights_sitenote_category":0,"_uf_show_specific_survey":0,"_uf_disable_surveys":false,"_vp_format_video_url":"","_vp_image_focal_point":[],"_vp_custom_popup_image":0,"_vp_format_audio_url":"","_vp_custom_thumbnail":0,"_vp_custom_thumbnail_focal_point":[],"_vp_hover_thumbnail":0,"_vp_hover_thumbnail_focal_point":[],"footnotes":""},"class_list":["post-24975","page","type-page","status-publish","hentry"],"aioseo_notices":[],"_links":{"self":[{"href":"https:\/\/www.arovite.com\/es\/wp-json\/wp\/v2\/pages\/24975","targetHints":{"allow":["GET"]}}],"collection":[{"href":"https:\/\/www.arovite.com\/es\/wp-json\/wp\/v2\/pages"}],"about":[{"href":"https:\/\/www.arovite.com\/es\/wp-json\/wp\/v2\/types\/page"}],"author":[{"embeddable":true,"href":"https:\/\/www.arovite.com\/es\/wp-json\/wp\/v2\/users\/1"}],"replies":[{"embeddable":true,"href":"https:\/\/www.arovite.com\/es\/wp-json\/wp\/v2\/comments?post=24975"}],"version-history":[{"count":1,"href":"https:\/\/www.arovite.com\/es\/wp-json\/wp\/v2\/pages\/24975\/revisions"}],"predecessor-version":[{"id":24976,"href":"https:\/\/www.arovite.com\/es\/wp-json\/wp\/v2\/pages\/24975\/revisions\/24976"}],"wp:attachment":[{"href":"https:\/\/www.arovite.com\/es\/wp-json\/wp\/v2\/media?parent=24975"}],"curies":[{"name":"wp","href":"https:\/\/api.w.org\/{rel}","templated":true}]}}