{"id":24851,"date":"2026-01-18T11:13:59","date_gmt":"2026-01-18T11:13:59","guid":{"rendered":"https:\/\/www.arovite.com\/?page_id=24851"},"modified":"2026-01-18T11:14:47","modified_gmt":"2026-01-18T11:14:47","slug":"etxebarria-duenas-gorka-2018","status":"publish","type":"page","link":"https:\/\/www.arovite.com\/es\/etxebarria-duenas-gorka-2018\/","title":{"rendered":"ETXEBARRIA DUE\u00d1AS, Gorka (2018)"},"content":{"rendered":"<div class=\"wpb-content-wrapper\"><p>[vc_row][vc_column width=&#8221;1\/1&#8243;][vc_column_text][vc_empty_space height=&#8221;20&#8243;]<br \/>\n <strong>Referencia bibliogr\u00e1fica<\/strong><br \/>\nETXEBARRIA DUE\u00d1AS, Gorka (2018): \u00abMantener la hip\u00f3tesis revolucionaria: ETA(M) y el oto\u00f1o de los setenta en Euskadi (1977-1978)\u00bb, en VVAA: <em>Las otras protagonistas de la transici\u00f3n. Izquierda radical y movilizaciones sociales<\/em>. Madrid: Fundaci\u00f3n Salvador Segu\u00ed, pp. 877-890. <\/p>\n<p><a class=\"button blue  medium \" href=\"https:\/\/www.academia.edu\/attachments\/60332041\/download_file\" target=\"_blank\" rel=\"noopener\">Consultar PDF<\/a>[vc_empty_space height=&#8221;10&#8243;]<br \/>\n<strong>Resumen<\/strong><br \/>\nEste texto tiene como objetivo contextualizar la ofensiva armada que ETA (militar) llev\u00f3 a cabo durante el proceso constitucional espa\u00f1ol \u2013desde las elecciones a Cortes de junio de 1977 hasta la aprobaci\u00f3n de la carta magna en el refer\u00e9ndum de diciembre de 1978\u2013, as\u00ed como las claves discursivas y sociales en las que esta actividad violenta se apoy\u00f3. Creemos que la hip\u00f3tesis revolucionaria, es decir, la idea de que en Euskadi se pod\u00eda dar a medio plazo una revoluci\u00f3n socialista, adquiri\u00f3 un papel determinante en el planteamiento de esa ofensiva armada, seg\u00fan se puede concluir del an\u00e1lisis de las publicaciones de los distintos partidos independentistas de la \u00e9poca, as\u00ed como de las de la propia ETA(m). [vc_empty_space height=&#8221;10&#8243;]<br \/>\n<strong>Autor<\/strong><br \/>\nGorka Etxebarria Due\u00f1as. <a title=\"Dialnet\" href=\"https:\/\/dialnet.unirioja.es\/servlet\/autor?codigo=3760419\" target=\"_blank\" rel=\"noopener\">P\u00e1gina del autor en Dialnet.<\/a><br \/>\n[vc_empty_space height=&#8221;10&#8243;]<br \/>\n<strong>Tipo de documento<\/strong><br \/>\nCap\u00edtulo de libro<br \/>\n[vc_empty_space height=&#8221;10&#8243;]<br \/>\n[\/vc_column_text][\/vc_column][\/vc_row]<\/p>\n<\/div>","protected":false},"excerpt":{"rendered":"<p>[vc_row][vc_column width=&#8221;1\/1&#8243;][vc_column_text][vc_empty_space height=&#8221;20&#8243;] Referencia bibliogr\u00e1fica ETXEBARRIA DUE\u00d1AS, Gorka (2018): \u00abMantener la hip\u00f3tesis revolucionaria: ETA(M) y el oto\u00f1o de los setenta en Euskadi (1977-1978)\u00bb, en VVAA: Las otras protagonistas de la&hellip;<\/p>\n","protected":false},"author":1,"featured_media":0,"parent":0,"menu_order":0,"comment_status":"closed","ping_status":"closed","template":"","meta":{"om_disable_all_campaigns":false,"_monsterinsights_skip_tracking":false,"_monsterinsights_sitenote_active":false,"_monsterinsights_sitenote_note":"","_monsterinsights_sitenote_category":0,"_uf_show_specific_survey":0,"_uf_disable_surveys":false,"_vp_format_video_url":"","_vp_image_focal_point":[],"_vp_custom_popup_image":0,"_vp_format_audio_url":"","_vp_custom_thumbnail":0,"_vp_custom_thumbnail_focal_point":[],"_vp_hover_thumbnail":0,"_vp_hover_thumbnail_focal_point":[],"footnotes":""},"class_list":["post-24851","page","type-page","status-publish","hentry"],"aioseo_notices":[],"_links":{"self":[{"href":"https:\/\/www.arovite.com\/es\/wp-json\/wp\/v2\/pages\/24851","targetHints":{"allow":["GET"]}}],"collection":[{"href":"https:\/\/www.arovite.com\/es\/wp-json\/wp\/v2\/pages"}],"about":[{"href":"https:\/\/www.arovite.com\/es\/wp-json\/wp\/v2\/types\/page"}],"author":[{"embeddable":true,"href":"https:\/\/www.arovite.com\/es\/wp-json\/wp\/v2\/users\/1"}],"replies":[{"embeddable":true,"href":"https:\/\/www.arovite.com\/es\/wp-json\/wp\/v2\/comments?post=24851"}],"version-history":[{"count":1,"href":"https:\/\/www.arovite.com\/es\/wp-json\/wp\/v2\/pages\/24851\/revisions"}],"predecessor-version":[{"id":24852,"href":"https:\/\/www.arovite.com\/es\/wp-json\/wp\/v2\/pages\/24851\/revisions\/24852"}],"wp:attachment":[{"href":"https:\/\/www.arovite.com\/es\/wp-json\/wp\/v2\/media?parent=24851"}],"curies":[{"name":"wp","href":"https:\/\/api.w.org\/{rel}","templated":true}]}}