{"id":24403,"date":"2025-06-23T16:29:37","date_gmt":"2025-06-23T16:29:37","guid":{"rendered":"https:\/\/www.arovite.com\/?page_id=24403"},"modified":"2025-06-23T16:29:37","modified_gmt":"2025-06-23T16:29:37","slug":"castells-arteche-luis-2017-2","status":"publish","type":"page","link":"https:\/\/www.arovite.com\/es\/castells-arteche-luis-2017-2\/","title":{"rendered":"CASTELLS ARTECHE, LUIS (2017)"},"content":{"rendered":"<div class=\"wpb-content-wrapper\"><p>[vc_row][vc_column width=&#8221;1\/1&#8243;][vc_column_text][vc_empty_space height=&#8221;20&#8243;]<br \/>\n <strong>Referencia bibliogr\u00e1fica<\/strong><br \/>\nCASTELLS ARTECHE, LUIS (2017): \u00abUna reflexi\u00f3n sobre las v\u00edctimas en la historia contempor\u00e1nea\u00bb, en RIVERA, Antonio y MATEO SANTAMAR\u00cdA, Eduardo (coords.): <em>V\u00edctimas: \u00bfTodas iguales o todas diferentes? Caracterizaci\u00f3n y respuestas ante un fen\u00f3meno complejo<\/em>, Vitoria-Gasteiz: Fundaci\u00f3n Fernando Buesa Blanco Fundazioa e Instituto Universitario de Historia Social Valent\u00edn de Foronda, pp. 65-86. <\/p>\n<p><a class=\"button blue  medium \" href=\"https:\/\/www.arovite.com\/documentos\/2017_Castells.pdf\" target=\"_blank\" rel=\"noopener\">Consultar PDF<\/a>[vc_empty_space height=&#8221;10&#8243;]<br \/>\n<strong>Resumen<\/strong><br \/>\nEste texto forma parte de las ponencias presentadas en el XIV Seminario Fernando Buesa celebrado en Vitoria-Gasteiz en noviembre de 2016. En \u00e9l su autor reflexiona sobre las v\u00edctimas en la historia contempor\u00e1nea a trav\u00e9s de tres ejes: la idea de la centralidad de las v\u00edctimas en la sociedad contempor\u00e1nea, el malestar social que esta figura genera, y como reacci\u00f3n ante ello, el recurso al olvido. [vc_empty_space height=&#8221;10&#8243;]<br \/>\n<strong>Autor<\/strong><br \/>\nLuis Castells Arteche. <a title=\"Dialnet\" href=\"https:\/\/dialnet.unirioja.es\/servlet\/autor?codigo=145543\" target=\"_blank\" rel=\"noopener\">P\u00e1gina del autor en Dialnet.<\/a><br \/>\n[vc_empty_space height=&#8221;10&#8243;]<br \/>\n<strong>Tipo de documento<\/strong><br \/>\nCap\u00edtulo de libro<br \/>\n[vc_empty_space height=&#8221;10&#8243;]<br \/>\n[\/vc_column_text][\/vc_column][\/vc_row]<\/p>\n<\/div>","protected":false},"excerpt":{"rendered":"<p>[vc_row][vc_column width=&#8221;1\/1&#8243;][vc_column_text][vc_empty_space height=&#8221;20&#8243;] Referencia bibliogr\u00e1fica CASTELLS ARTECHE, LUIS (2017): \u00abUna reflexi\u00f3n sobre las v\u00edctimas en la historia contempor\u00e1nea\u00bb, en RIVERA, Antonio y MATEO SANTAMAR\u00cdA, Eduardo (coords.): V\u00edctimas: \u00bfTodas iguales o&hellip;<\/p>\n","protected":false},"author":1,"featured_media":0,"parent":0,"menu_order":0,"comment_status":"closed","ping_status":"closed","template":"","meta":{"om_disable_all_campaigns":false,"_monsterinsights_skip_tracking":false,"_monsterinsights_sitenote_active":false,"_monsterinsights_sitenote_note":"","_monsterinsights_sitenote_category":0,"_uf_show_specific_survey":0,"_uf_disable_surveys":false,"_vp_format_video_url":"","_vp_image_focal_point":[],"_vp_custom_popup_image":0,"_vp_format_audio_url":"","_vp_custom_thumbnail":0,"_vp_custom_thumbnail_focal_point":[],"_vp_hover_thumbnail":0,"_vp_hover_thumbnail_focal_point":[],"footnotes":""},"class_list":["post-24403","page","type-page","status-publish","hentry"],"aioseo_notices":[],"_links":{"self":[{"href":"https:\/\/www.arovite.com\/es\/wp-json\/wp\/v2\/pages\/24403","targetHints":{"allow":["GET"]}}],"collection":[{"href":"https:\/\/www.arovite.com\/es\/wp-json\/wp\/v2\/pages"}],"about":[{"href":"https:\/\/www.arovite.com\/es\/wp-json\/wp\/v2\/types\/page"}],"author":[{"embeddable":true,"href":"https:\/\/www.arovite.com\/es\/wp-json\/wp\/v2\/users\/1"}],"replies":[{"embeddable":true,"href":"https:\/\/www.arovite.com\/es\/wp-json\/wp\/v2\/comments?post=24403"}],"version-history":[{"count":1,"href":"https:\/\/www.arovite.com\/es\/wp-json\/wp\/v2\/pages\/24403\/revisions"}],"predecessor-version":[{"id":24404,"href":"https:\/\/www.arovite.com\/es\/wp-json\/wp\/v2\/pages\/24403\/revisions\/24404"}],"wp:attachment":[{"href":"https:\/\/www.arovite.com\/es\/wp-json\/wp\/v2\/media?parent=24403"}],"curies":[{"name":"wp","href":"https:\/\/api.w.org\/{rel}","templated":true}]}}