{"id":18463,"date":"2023-10-24T07:02:18","date_gmt":"2023-10-24T07:02:18","guid":{"rendered":"https:\/\/www.arovite.com\/?page_id=18463"},"modified":"2023-10-24T07:02:18","modified_gmt":"2023-10-24T07:02:18","slug":"sanchez-duarte-jose-manuel-2008","status":"publish","type":"page","link":"https:\/\/www.arovite.com\/es\/sanchez-duarte-jose-manuel-2008\/","title":{"rendered":"S\u00c1NCHEZ DUARTE, Jos\u00e9 Manuel (2008)"},"content":{"rendered":"<div class=\"wpb-content-wrapper\"><p>[vc_row][vc_column width=&#8221;1\/1&#8243;][vc_column_text][vc_empty_space height=&#8221;20&#8243;]<br \/>\n<strong>Referencia bibliogr\u00e1fica<\/strong><br \/>\nS\u00c1NCHEZ DUARTE, Jos\u00e9 Manuel (2008): <em>La construcci\u00f3n medi\u00e1tica de las v\u00edctimas del terrorismo en caso espa\u00f1ol<\/em>. Tesis doctoral: Universidad Rey Juan Carlos.<\/p>\n<p><a class=\"button blue  medium \" href=\"https:\/\/burjcdigital.urjc.es\/bitstream\/handle\/10115\/11810\/La_construccion_mediatica_de_las_victimas_del_terrorismo_El_caso_espan%c2%bfol_Jose_Manuel_Sanchez_Duarte.pdf?sequence=1&#038;isAllowed=y\" target=\"_blank\" rel=\"noopener\">Consultar PDF<\/a>[vc_empty_space height=&#8221;10&#8243;]<br \/>\n<strong>Resumen<\/strong><br \/>\nEsta tesis doctoral se centra en estudiar los mecanismos que construyen medi\u00e1ticamente a las v\u00edctimas del terrorismo en Espa\u00f1a. [vc_empty_space height=&#8221;10&#8243;]<br \/>\n<strong>Autor<\/strong><br \/>\nJos\u00e9 Manuel S\u00e1nchez Duarte. <a title=\"Dialnet\" href=\"https:\/\/dialnet.unirioja.es\/servlet\/autor?codigo=2308574\" target=\"_blank\" rel=\"noopener\">P\u00e1gina del autor en Dialnet.<\/a><br \/>\n[vc_empty_space height=&#8221;10&#8243;]<br \/>\n<strong>Tipo de documento<\/strong><br \/>\nTesis doctoral<br \/>\n[vc_empty_space height=&#8221;10&#8243;]<br \/>\n[\/vc_column_text][\/vc_column][\/vc_row]<\/p>\n<\/div>","protected":false},"excerpt":{"rendered":"<p>[vc_row][vc_column width=&#8221;1\/1&#8243;][vc_column_text][vc_empty_space height=&#8221;20&#8243;] Referencia bibliogr\u00e1fica S\u00c1NCHEZ DUARTE, Jos\u00e9 Manuel (2008): La construcci\u00f3n medi\u00e1tica de las v\u00edctimas del terrorismo en caso espa\u00f1ol. Tesis doctoral: Universidad Rey Juan Carlos. Consultar PDF[vc_empty_space height=&#8221;10&#8243;]&hellip;<\/p>\n","protected":false},"author":1,"featured_media":0,"parent":0,"menu_order":0,"comment_status":"closed","ping_status":"closed","template":"","meta":{"om_disable_all_campaigns":false,"_monsterinsights_skip_tracking":false,"_monsterinsights_sitenote_active":false,"_monsterinsights_sitenote_note":"","_monsterinsights_sitenote_category":0,"_uf_show_specific_survey":0,"_uf_disable_surveys":false,"_vp_format_video_url":"","_vp_image_focal_point":[],"_vp_custom_popup_image":0,"_vp_format_audio_url":"","_vp_custom_thumbnail":0,"_vp_custom_thumbnail_focal_point":[],"_vp_hover_thumbnail":0,"_vp_hover_thumbnail_focal_point":[],"footnotes":""},"class_list":["post-18463","page","type-page","status-publish","hentry"],"aioseo_notices":[],"_links":{"self":[{"href":"https:\/\/www.arovite.com\/es\/wp-json\/wp\/v2\/pages\/18463","targetHints":{"allow":["GET"]}}],"collection":[{"href":"https:\/\/www.arovite.com\/es\/wp-json\/wp\/v2\/pages"}],"about":[{"href":"https:\/\/www.arovite.com\/es\/wp-json\/wp\/v2\/types\/page"}],"author":[{"embeddable":true,"href":"https:\/\/www.arovite.com\/es\/wp-json\/wp\/v2\/users\/1"}],"replies":[{"embeddable":true,"href":"https:\/\/www.arovite.com\/es\/wp-json\/wp\/v2\/comments?post=18463"}],"version-history":[{"count":1,"href":"https:\/\/www.arovite.com\/es\/wp-json\/wp\/v2\/pages\/18463\/revisions"}],"predecessor-version":[{"id":18464,"href":"https:\/\/www.arovite.com\/es\/wp-json\/wp\/v2\/pages\/18463\/revisions\/18464"}],"wp:attachment":[{"href":"https:\/\/www.arovite.com\/es\/wp-json\/wp\/v2\/media?parent=18463"}],"curies":[{"name":"wp","href":"https:\/\/api.w.org\/{rel}","templated":true}]}}