{"id":18364,"date":"2023-10-09T08:57:40","date_gmt":"2023-10-09T08:57:40","guid":{"rendered":"https:\/\/www.arovite.com\/?page_id=18364"},"modified":"2023-10-09T09:00:02","modified_gmt":"2023-10-09T09:00:02","slug":"madueno-alvarez-miguel-y-re-matteo-2023","status":"publish","type":"page","link":"https:\/\/www.arovite.com\/es\/madueno-alvarez-miguel-y-re-matteo-2023\/","title":{"rendered":"MADUE\u00d1O \u00c1LVAREZ, Miguel y RE, Matteo (2023)"},"content":{"rendered":"<div class=\"wpb-content-wrapper\"><p>[vc_row][vc_column width=&#8221;1\/1&#8243;][vc_column_text][vc_empty_space height=&#8221;20&#8243;]<br \/>\n <strong>Referencia bibliogr\u00e1fica<\/strong><br \/>\nMADUE\u00d1O \u00c1LVAREZ, Miguel y RE, Matteo (2023): \u00abEn la soledad del taxi. Los conductores v\u00edctimas mortales del terrorismo de ETA\u00bb, <em>Hispania Nova<\/em>, n\u00ba 21, pp. 325-353.  <\/p>\n<p><a class=\"button blue  medium \" href=\"https:\/\/e-revistas.uc3m.es\/index.php\/HISPNOV\/article\/view\/7302\/5834\" target=\"_blank\" rel=\"noopener\">Consultar PDF<\/a>[vc_empty_space height=&#8221;10&#8243;]<br \/>\n<strong>Resumen<\/strong><br \/>\nEn el siguiente art\u00edculo, los autores analizan el asesinato de taxistas por parte de la banda terrorista ETA. A partir de fuentes primarias, se analiza como los atentados de los taxistas constituyeron una herramienta de control utilizada por la organizaci\u00f3n terrorista para conseguir someter a la ciudadan\u00eda a un r\u00e9gimen de terror. Asimismo, el acoso constante al gremio del taxi fue parte de una estrategia que tuvo como objetivo aislar a los agentes de la Polic\u00eda y de la Guardia Civil, creando a su alrededor un vac\u00edo y una oposici\u00f3n hostil. [vc_empty_space height=&#8221;10&#8243;]<br \/>\n<strong>Abstract<\/strong><br \/>\nIn the following article, the authors analyse the assassination of taxi drivers by the terrorist group ETA. Based on primary sources, they consider the attacks against these workers as a form of social control through the dissemination of fear to which ETA subjected those members of the public who might have had any contact with the state security forces. Likewise, the constant harassment of the taxi trade was part of a strategy aimed at isolating police officers and the Guardia Civil, creating a vacuum and hostile opposition around them. [vc_empty_space height=&#8221;10&#8243;]<br \/>\n<strong>Autor<\/strong><br \/>\nMiguel Madue\u00f1o \u00c1lvarez. <a title=\"Dialnet\" href=\"https:\/\/dialnet.unirioja.es\/servlet\/autor?codigo=4259572\" target=\"_blank\" rel=\"noopener\">P\u00e1gina del autor en Dialnet.<\/a><br \/>\nMatteo Re. <a title=\"Dialnet\" href=\"https:\/\/dialnet.unirioja.es\/servlet\/autor?codigo=2438215\" target=\"_blank\" rel=\"noopener\">P\u00e1gina del autor en Dialnet.<\/a><br \/>\n [vc_empty_space height=&#8221;10&#8243;]<br \/>\n<strong>Tipo de documento<\/strong><br \/>\nArt\u00edculo<br \/>\n[vc_empty_space height=&#8221;10&#8243;]<br \/>\n[\/vc_column_text][\/vc_column][\/vc_row]<\/p>\n<\/div>","protected":false},"excerpt":{"rendered":"<p>[vc_row][vc_column width=&#8221;1\/1&#8243;][vc_column_text][vc_empty_space height=&#8221;20&#8243;] Referencia bibliogr\u00e1fica MADUE\u00d1O \u00c1LVAREZ, Miguel y RE, Matteo (2023): \u00abEn la soledad del taxi. Los conductores v\u00edctimas mortales del terrorismo de ETA\u00bb, Hispania Nova, n\u00ba 21, pp.&hellip;<\/p>\n","protected":false},"author":1,"featured_media":0,"parent":0,"menu_order":0,"comment_status":"closed","ping_status":"closed","template":"","meta":{"om_disable_all_campaigns":false,"_monsterinsights_skip_tracking":false,"_monsterinsights_sitenote_active":false,"_monsterinsights_sitenote_note":"","_monsterinsights_sitenote_category":0,"_uf_show_specific_survey":0,"_uf_disable_surveys":false,"_vp_format_video_url":"","_vp_image_focal_point":[],"_vp_custom_popup_image":0,"_vp_format_audio_url":"","_vp_custom_thumbnail":0,"_vp_custom_thumbnail_focal_point":[],"_vp_hover_thumbnail":0,"_vp_hover_thumbnail_focal_point":[],"footnotes":""},"class_list":["post-18364","page","type-page","status-publish","hentry"],"aioseo_notices":[],"_links":{"self":[{"href":"https:\/\/www.arovite.com\/es\/wp-json\/wp\/v2\/pages\/18364","targetHints":{"allow":["GET"]}}],"collection":[{"href":"https:\/\/www.arovite.com\/es\/wp-json\/wp\/v2\/pages"}],"about":[{"href":"https:\/\/www.arovite.com\/es\/wp-json\/wp\/v2\/types\/page"}],"author":[{"embeddable":true,"href":"https:\/\/www.arovite.com\/es\/wp-json\/wp\/v2\/users\/1"}],"replies":[{"embeddable":true,"href":"https:\/\/www.arovite.com\/es\/wp-json\/wp\/v2\/comments?post=18364"}],"version-history":[{"count":3,"href":"https:\/\/www.arovite.com\/es\/wp-json\/wp\/v2\/pages\/18364\/revisions"}],"predecessor-version":[{"id":18366,"href":"https:\/\/www.arovite.com\/es\/wp-json\/wp\/v2\/pages\/18364\/revisions\/18366"}],"wp:attachment":[{"href":"https:\/\/www.arovite.com\/es\/wp-json\/wp\/v2\/media?parent=18364"}],"curies":[{"name":"wp","href":"https:\/\/api.w.org\/{rel}","templated":true}]}}