{"id":18274,"date":"2023-10-07T10:04:00","date_gmt":"2023-10-07T10:04:00","guid":{"rendered":"https:\/\/www.arovite.com\/?page_id=18274"},"modified":"2023-10-07T10:04:00","modified_gmt":"2023-10-07T10:04:00","slug":"jimenez-yanez-ricardo-maria-2022","status":"publish","type":"page","link":"https:\/\/www.arovite.com\/es\/jimenez-yanez-ricardo-maria-2022\/","title":{"rendered":"JIM\u00c9NEZ Y\u00c1\u00d1EZ, Ricardo Mar\u00eda (2022)"},"content":{"rendered":"<div class=\"wpb-content-wrapper\"><p>[vc_row][vc_column width=&#8221;1\/1&#8243;][vc_column_text][vc_empty_space height=&#8221;20&#8243;]<br \/>\n <strong>Referencia bibliogr\u00e1fica<\/strong><br \/>\nJIM\u00c9NEZ Y\u00c1\u00d1EZ, Ricardo Mar\u00eda (2022): \u00abFrames del final del terrorismo de ETA. An\u00e1lisis argumentativo de cuatro editoriales espa\u00f1oles (4 de mayo de 2018)\u00bb, <em>Ambitos: Revista internacional de comunicaci\u00f3n<\/em>, n\u00ba 56, pp. 178-204.<\/p>\n<p><a class=\"button blue  medium \" href=\"https:\/\/dialnet.unirioja.es\/servlet\/articulo?codigo=8393778&#038;orden=0&#038;info=link\" target=\"_blank\" rel=\"noopener\">Consultar PDF<\/a>[vc_empty_space height=&#8221;10&#8243;]<br \/>\n<strong>Resumen<\/strong><br \/>\nEn este estudio se pretende explorar la base ideol\u00f3gica y las estrategias argumentativas desplegadas en los editoriales de cuatro peri\u00f3dicos espa\u00f1oles (El Mundo, El Pa\u00eds, La Vanguardia y El Peri\u00f3dico), del 4 mayo 2018, fecha de la publicaci\u00f3n de la noticia del fin de la banda terrorista ETA. El an\u00e1lisis discursivo y argumentativo de estos editoriales se basa en un m\u00e9todo h\u00edbrido -al que se le han incorporado nuevas categor\u00edas en este estudio- resultado de la combinaci\u00f3n de algunos principios del An\u00e1lisis del Discurso y de la Ling\u00fc\u00edstica del Texto, as\u00ed como del Framing. En un nivel macro-estructural se explora la progresi\u00f3n argumentativa de texto (Amossy, 2006; 2009) y las met\u00e1foras conceptuales, y en otro nivel micro-estructural se analizan ciertos aspectos de la cohesi\u00f3n textual y de la argumentaci\u00f3n, adem\u00e1s de los frames.[vc_empty_space height=&#8221;10&#8243;]<br \/>\n<strong>Abstract<\/strong><br \/>\nThis paper explores the ideological basis and argumentative strategies on frames (Entman, 1993) given by four Spanish newspaper editorials (El Mundo, El Pa\u00eds, La Vanguardia y El Peri\u00f3dico), about the end of the Basque terrorist group ETA at 4th May 2018. A hybrid method of Discourse Analysis and Text Linguistics is used to analyze the editorials: the former, explores macro-structural aspects of the argumentative strategy (Amossy, 2006; 2009) particularly the editorial\u2019s framing, and metaphors while the latter, the microstructural aspects of textual cohesion and argumentation. [vc_empty_space height=&#8221;10&#8243;]<br \/>\n<strong>Autor<\/strong><br \/>\nRicardo Mar\u00eda Jim\u00e9nez Y\u00e1\u00f1ez. <a title=\"Dialnet\" href=\"https:\/\/dialnet.unirioja.es\/servlet\/autor?codigo=3275269\" target=\"_blank\" rel=\"noopener\">P\u00e1gina del autor en Dialnet.<\/a><br \/>\n[vc_empty_space height=&#8221;10&#8243;]<br \/>\n<strong>Tipo de documento<\/strong><br \/>\nArt\u00edculo<br \/>\n[vc_empty_space height=&#8221;10&#8243;]<br \/>\n[\/vc_column_text][\/vc_column][\/vc_row]<\/p>\n<\/div>","protected":false},"excerpt":{"rendered":"<p>[vc_row][vc_column width=&#8221;1\/1&#8243;][vc_column_text][vc_empty_space height=&#8221;20&#8243;] Referencia bibliogr\u00e1fica JIM\u00c9NEZ Y\u00c1\u00d1EZ, Ricardo Mar\u00eda (2022): \u00abFrames del final del terrorismo de ETA. An\u00e1lisis argumentativo de cuatro editoriales espa\u00f1oles (4 de mayo de 2018)\u00bb, Ambitos: Revista&hellip;<\/p>\n","protected":false},"author":1,"featured_media":0,"parent":0,"menu_order":0,"comment_status":"closed","ping_status":"closed","template":"","meta":{"om_disable_all_campaigns":false,"_monsterinsights_skip_tracking":false,"_monsterinsights_sitenote_active":false,"_monsterinsights_sitenote_note":"","_monsterinsights_sitenote_category":0,"_uf_show_specific_survey":0,"_uf_disable_surveys":false,"_vp_format_video_url":"","_vp_image_focal_point":[],"_vp_custom_popup_image":0,"_vp_format_audio_url":"","_vp_custom_thumbnail":0,"_vp_custom_thumbnail_focal_point":[],"_vp_hover_thumbnail":0,"_vp_hover_thumbnail_focal_point":[],"footnotes":""},"class_list":["post-18274","page","type-page","status-publish","hentry"],"aioseo_notices":[],"_links":{"self":[{"href":"https:\/\/www.arovite.com\/es\/wp-json\/wp\/v2\/pages\/18274","targetHints":{"allow":["GET"]}}],"collection":[{"href":"https:\/\/www.arovite.com\/es\/wp-json\/wp\/v2\/pages"}],"about":[{"href":"https:\/\/www.arovite.com\/es\/wp-json\/wp\/v2\/types\/page"}],"author":[{"embeddable":true,"href":"https:\/\/www.arovite.com\/es\/wp-json\/wp\/v2\/users\/1"}],"replies":[{"embeddable":true,"href":"https:\/\/www.arovite.com\/es\/wp-json\/wp\/v2\/comments?post=18274"}],"version-history":[{"count":2,"href":"https:\/\/www.arovite.com\/es\/wp-json\/wp\/v2\/pages\/18274\/revisions"}],"predecessor-version":[{"id":18276,"href":"https:\/\/www.arovite.com\/es\/wp-json\/wp\/v2\/pages\/18274\/revisions\/18276"}],"wp:attachment":[{"href":"https:\/\/www.arovite.com\/es\/wp-json\/wp\/v2\/media?parent=18274"}],"curies":[{"name":"wp","href":"https:\/\/api.w.org\/{rel}","templated":true}]}}