{"id":18257,"date":"2023-10-07T09:56:28","date_gmt":"2023-10-07T09:56:28","guid":{"rendered":"https:\/\/www.arovite.com\/?page_id=18257"},"modified":"2025-06-25T17:14:05","modified_gmt":"2025-06-25T17:14:05","slug":"gurpegui-cotado-adrian-2023","status":"publish","type":"page","link":"https:\/\/www.arovite.com\/es\/gurpegui-cotado-adrian-2023\/","title":{"rendered":"GURPEGUI COTADO, Adri\u00e1n (2023)"},"content":{"rendered":"<div class=\"wpb-content-wrapper\"><p>[vc_row][vc_column width=&#8221;1\/1&#8243;][vc_column_text][vc_empty_space height=&#8221;20&#8243;]<br \/>\n <strong>Referencia bibliogr\u00e1fica<\/strong><br \/>\nGURPEGUI COTADO, Adri\u00e1n (2023): \u00abFeminismo y terrorismo, \u00bfPueden caminar juntos? La relaci\u00f3n entre ETA y Aizan!\u00bb, en ACOSTA, Francisco, DUARTE, \u00c0ngel, L\u00c1ZARO, Elena y RAMOS ROVI, Mar\u00eda Jos\u00e9 (coords.): <em>La Historia habitada: Sujetos, procesos y retos de la historia contempor\u00e1nea del siglo XXI: Actas del XV congreso de la Asociaci\u00f3n de Historia contempor\u00e1nea<\/em>, C\u00f3rdoba, del 9 al 11 de septiembre de 2021, pp. 349-364.<\/p>\n<p><a class=\"button blue  medium \" href=\"https:\/\/dialnet.unirioja.es\/servlet\/libro?codigo=920710&#038;orden=0&#038;info=open_link_libro\" target=\"_blank\" rel=\"noopener\">Consultar PDF<\/a>[vc_empty_space height=&#8221;10&#8243;]<br \/>\n<strong>Resumen<\/strong><br \/>\nEl prop\u00f3sito de esta comunicaci\u00f3n es investigar cu\u00e1les fueron los posicionamientos pol\u00edticos y p\u00fablicos de <em>Aizan!<\/em> para justificar su apoyo a ETA. Se pretende averiguar si el apoyo que prest\u00f3 <em>Aizan!<\/em> a ETA conllev\u00f3 a que la organizaci\u00f3n feminista desarrollara una teor\u00eda propia sobre el papel que deb\u00eda jugar la violencia pol\u00edtica en la lucha feminista, as\u00ed como conocer el posicionamiento de otras organizaciones feministas de Euskadi. [vc_empty_space height=&#8221;10&#8243;]<br \/>\n<strong>Autor<\/strong><br \/>\nAdri\u00e1n Gurpegui Cotado. <a title=\"Dialnet\" href=\"https:\/\/dialnet.unirioja.es\/servlet\/autor?codigo=5383461\" target=\"_blank\" rel=\"noopener\">P\u00e1gina del autor en Dialnet.<\/a><br \/>\n[vc_empty_space height=&#8221;10&#8243;]<br \/>\n<strong>Tipo de documento<\/strong><br \/>\nComunicaci\u00f3n<br \/>\n[vc_empty_space height=&#8221;10&#8243;]<br \/>\n[\/vc_column_text][\/vc_column][\/vc_row]<\/p>\n<\/div>","protected":false},"excerpt":{"rendered":"<p>[vc_row][vc_column width=&#8221;1\/1&#8243;][vc_column_text][vc_empty_space height=&#8221;20&#8243;] Referencia bibliogr\u00e1fica GURPEGUI COTADO, Adri\u00e1n (2023): \u00abFeminismo y terrorismo, \u00bfPueden caminar juntos? La relaci\u00f3n entre ETA y Aizan!\u00bb, en ACOSTA, Francisco, DUARTE, \u00c0ngel, L\u00c1ZARO, Elena y RAMOS&hellip;<\/p>\n","protected":false},"author":1,"featured_media":0,"parent":0,"menu_order":0,"comment_status":"closed","ping_status":"closed","template":"","meta":{"om_disable_all_campaigns":false,"_monsterinsights_skip_tracking":false,"_monsterinsights_sitenote_active":false,"_monsterinsights_sitenote_note":"","_monsterinsights_sitenote_category":0,"_uf_show_specific_survey":0,"_uf_disable_surveys":false,"_vp_format_video_url":"","_vp_image_focal_point":[],"_vp_custom_popup_image":0,"_vp_format_audio_url":"","_vp_custom_thumbnail":0,"_vp_custom_thumbnail_focal_point":[],"_vp_hover_thumbnail":0,"_vp_hover_thumbnail_focal_point":[],"footnotes":""},"class_list":["post-18257","page","type-page","status-publish","hentry"],"aioseo_notices":[],"_links":{"self":[{"href":"https:\/\/www.arovite.com\/es\/wp-json\/wp\/v2\/pages\/18257","targetHints":{"allow":["GET"]}}],"collection":[{"href":"https:\/\/www.arovite.com\/es\/wp-json\/wp\/v2\/pages"}],"about":[{"href":"https:\/\/www.arovite.com\/es\/wp-json\/wp\/v2\/types\/page"}],"author":[{"embeddable":true,"href":"https:\/\/www.arovite.com\/es\/wp-json\/wp\/v2\/users\/1"}],"replies":[{"embeddable":true,"href":"https:\/\/www.arovite.com\/es\/wp-json\/wp\/v2\/comments?post=18257"}],"version-history":[{"count":7,"href":"https:\/\/www.arovite.com\/es\/wp-json\/wp\/v2\/pages\/18257\/revisions"}],"predecessor-version":[{"id":24577,"href":"https:\/\/www.arovite.com\/es\/wp-json\/wp\/v2\/pages\/18257\/revisions\/24577"}],"wp:attachment":[{"href":"https:\/\/www.arovite.com\/es\/wp-json\/wp\/v2\/media?parent=18257"}],"curies":[{"name":"wp","href":"https:\/\/api.w.org\/{rel}","templated":true}]}}