{"id":18205,"date":"2023-10-06T08:26:37","date_gmt":"2023-10-06T08:26:37","guid":{"rendered":"https:\/\/www.arovite.com\/?page_id=18205"},"modified":"2023-10-06T08:28:19","modified_gmt":"2023-10-06T08:28:19","slug":"cuadra-garcia-ivan-2023","status":"publish","type":"page","link":"https:\/\/www.arovite.com\/es\/cuadra-garcia-ivan-2023\/","title":{"rendered":"CUADRA GARC\u00cdA, Iv\u00e1n (2023)"},"content":{"rendered":"<div class=\"wpb-content-wrapper\"><p>[vc_row][vc_column width=&#8221;1\/1&#8243;][vc_column_text][vc_empty_space height=&#8221;20&#8243;]<br \/>\n <strong>Referencia bibliogr\u00e1fica<\/strong><br \/>\nCUADRA GARC\u00cdA, Iv\u00e1n (2023): \u00abLa representaci\u00f3n de los da\u00f1os psicol\u00f3gicos de las v\u00edctimas de ETA en Patria de Fernando Aramburu\u00bb, <em>Monteagudo: revista de literatura espa\u00f1ola, hispanoamericana y teor\u00eda de la literatura<\/em>, n\u00ba 28, 2023, pp. 307-321. <\/p>\n<p><a class=\"button blue  medium \" href=\"https:\/\/dialnet.unirioja.es\/servlet\/articulo?codigo=8937543&#038;orden=0&#038;info=link\" target=\"_blank\" rel=\"noopener\">Consultar PDF<\/a>[vc_empty_space height=&#8221;10&#8243;]<br \/>\n<strong>Resumen<\/strong><br \/>\nEl presente art\u00edculo hace un an\u00e1lisis literario de los da\u00f1os psicol\u00f3gicos que muestran las v\u00edctimas de ETA en Patria de Fernando Aramburu, empleando como prisma, estudios de car\u00e1cter psicol\u00f3gico sobre las v\u00edctimas del terrorismo. El objetivo de este an\u00e1lisis es el de comprobar si existe una correlaci\u00f3n entre la representaci\u00f3n de los da\u00f1os psicol\u00f3gicos en Patria y como suceden en la vida real, dado que un gran n\u00famero de lectores ha aprendido sobre estos da\u00f1os a trav\u00e9s de la obra de Aramburu. [vc_empty_space height=&#8221;10&#8243;]<br \/>\n<strong>Abstract<\/strong><br \/>\nThis article makes a literary analysis through the use of psychological studies on the victims of terrorism of the psychological damage shown by the victims of ETA in Fernando Aramburu&#8217;s Patria. This analysis aims to check whether there is a correlation between the representation of the psychological damages exhibit in Patria and how they happen in real life, given that a great number of readers have learned about these damages through Aramburu&#8217;s work. [vc_empty_space height=&#8221;10&#8243;]<br \/>\n<strong>Autor<\/strong><br \/>\nIv\u00e1n Cuadra Garc\u00eda. <a title=\"Dialnet\" href=\"https:\/\/dialnet.unirioja.es\/servlet\/autor?codigo=6002099\" target=\"_blank\" rel=\"noopener\">P\u00e1gina del autor en Dialnet.<\/a><br \/>\n[vc_empty_space height=&#8221;10&#8243;]<br \/>\n<strong>Tipo de documento<\/strong><br \/>\nArt\u00edculo<br \/>\n[vc_empty_space height=&#8221;10&#8243;]<br \/>\n[\/vc_column_text][\/vc_column][\/vc_row]<\/p>\n<\/div>","protected":false},"excerpt":{"rendered":"<p>[vc_row][vc_column width=&#8221;1\/1&#8243;][vc_column_text][vc_empty_space height=&#8221;20&#8243;] Referencia bibliogr\u00e1fica CUADRA GARC\u00cdA, Iv\u00e1n (2023): \u00abLa representaci\u00f3n de los da\u00f1os psicol\u00f3gicos de las v\u00edctimas de ETA en Patria de Fernando Aramburu\u00bb, Monteagudo: revista de literatura espa\u00f1ola,&hellip;<\/p>\n","protected":false},"author":1,"featured_media":0,"parent":0,"menu_order":0,"comment_status":"closed","ping_status":"closed","template":"","meta":{"om_disable_all_campaigns":false,"_monsterinsights_skip_tracking":false,"_monsterinsights_sitenote_active":false,"_monsterinsights_sitenote_note":"","_monsterinsights_sitenote_category":0,"_uf_show_specific_survey":0,"_uf_disable_surveys":false,"_vp_format_video_url":"","_vp_image_focal_point":[],"_vp_custom_popup_image":0,"_vp_format_audio_url":"","_vp_custom_thumbnail":0,"_vp_custom_thumbnail_focal_point":[],"_vp_hover_thumbnail":0,"_vp_hover_thumbnail_focal_point":[],"footnotes":""},"class_list":["post-18205","page","type-page","status-publish","hentry"],"aioseo_notices":[],"_links":{"self":[{"href":"https:\/\/www.arovite.com\/es\/wp-json\/wp\/v2\/pages\/18205","targetHints":{"allow":["GET"]}}],"collection":[{"href":"https:\/\/www.arovite.com\/es\/wp-json\/wp\/v2\/pages"}],"about":[{"href":"https:\/\/www.arovite.com\/es\/wp-json\/wp\/v2\/types\/page"}],"author":[{"embeddable":true,"href":"https:\/\/www.arovite.com\/es\/wp-json\/wp\/v2\/users\/1"}],"replies":[{"embeddable":true,"href":"https:\/\/www.arovite.com\/es\/wp-json\/wp\/v2\/comments?post=18205"}],"version-history":[{"count":3,"href":"https:\/\/www.arovite.com\/es\/wp-json\/wp\/v2\/pages\/18205\/revisions"}],"predecessor-version":[{"id":18209,"href":"https:\/\/www.arovite.com\/es\/wp-json\/wp\/v2\/pages\/18205\/revisions\/18209"}],"wp:attachment":[{"href":"https:\/\/www.arovite.com\/es\/wp-json\/wp\/v2\/media?parent=18205"}],"curies":[{"name":"wp","href":"https:\/\/api.w.org\/{rel}","templated":true}]}}