{"id":17522,"date":"2023-02-20T12:04:28","date_gmt":"2023-02-20T12:04:28","guid":{"rendered":"https:\/\/www.arovite.com\/?page_id=17522"},"modified":"2023-02-23T07:58:28","modified_gmt":"2023-02-23T07:58:28","slug":"urteaga-eguzki-2021","status":"publish","type":"page","link":"https:\/\/www.arovite.com\/es\/urteaga-eguzki-2021\/","title":{"rendered":"URTEAGA, Eguzki (2021)"},"content":{"rendered":"<div class=\"wpb-content-wrapper\"><p>[vc_row][vc_column width=&#8221;1\/1&#8243;][vc_column_text][vc_empty_space height=&#8221;20&#8243;]<br \/>\n<strong>Referencia bibliogr\u00e1fica<\/strong><br \/>\nURTEAGA, Eguzki (2021): \u00abNueva gobernanza y proceso de paz en el Pa\u00eds Vasco norte\u00bb, <em>Deusto Journal of Human Rights<\/em>, n\u00ba 7, pp. 95-126.<\/p>\n<p><a class=\"button blue  medium \" href=\"https:\/\/djhr.revistas.deusto.es\/article\/view\/2116\/2577\" target=\"_blank\" rel=\"noopener\">Consultar PDF<\/a>[vc_empty_space height=&#8221;10&#8243;]<br \/>\n<strong>Resumen<\/strong><br \/>\nLa nueva gobernanza concebida e implementada en el Pa\u00eds Vasco norte desde inicios de los a\u00f1os noventa ha propiciado un cambio progresivo de la cultura pol\u00edtica local basada, hoy en d\u00eda, en el di\u00e1logo, la negociaci\u00f3n y el acuerdo. Gracias a ella, amplios consensos, tanto pol\u00edticos como sociales, han sido posibles en temas tan relevantes como la institucionalizaci\u00f3n del territorio y el proceso de paz. Esto ha posibilitado el hecho de que, en este territorio de \u00fanicamente 310.000 habitantes que solo goza de una instituci\u00f3n propia desde 2017, se haya producido el desarme y la disoluci\u00f3n de ETA, la flexibilizaci\u00f3n de la pol\u00edtica penitenciaria y la construcci\u00f3n progresiva de una convivencia basada en el reconocimiento, la justicia y la reparaci\u00f3n para todas las v\u00edctimas. No en vano, queda mucho camino por recorrer y los actores implicados en este proceso de paz son perfectamente conscientes de ello. [vc_empty_space height=&#8221;10&#8243;]<br \/>\n<strong>Abstract<\/strong><br \/>\nThe new governance conceived and implemented on the northern Basque Country since the early 1990s has led to a gradual change in the local political culture based, nowadays, on dialogue, negotiation and agreement. Thanks to this change, broad consensus, both political and social, has been possible on such relevant issues as the institutionalization of the territory and the peace process. This fact has made it possible that, in this small territory with a population of 310,000 people, which has only had its own local administration since 2017, there has been disarmament and the dissolution of ETA, the flexibilization of the prison policy and the progressive construction of a coexistence based on recognition, justice and reparation for all the victims. However, there is still a long way to go and the actors involved in this peace process are perfectly aware of it. [vc_empty_space height=&#8221;10&#8243;]<br \/>\n<strong>Autor<\/strong><br \/>\nEguzki Urteaga. <a title=\"Dialnet\" href=\"https:\/\/dialnet.unirioja.es\/servlet\/autor?codigo=124560\" target=\"_blank\" rel=\"noopener\">P\u00e1gina del autor en Dialnet.<\/a><br \/>\n[vc_empty_space height=&#8221;10&#8243;]<br \/>\n<strong>Tipo de documento<\/strong><br \/>\nArt\u00edculo<br \/>\n[vc_empty_space height=&#8221;10&#8243;]<br \/>\n[\/vc_column_text][\/vc_column][\/vc_row]<\/p>\n<\/div>","protected":false},"excerpt":{"rendered":"<p>[vc_row][vc_column width=&#8221;1\/1&#8243;][vc_column_text][vc_empty_space height=&#8221;20&#8243;] Referencia bibliogr\u00e1fica URTEAGA, Eguzki (2021): \u00abNueva gobernanza y proceso de paz en el Pa\u00eds Vasco norte\u00bb, Deusto Journal of Human Rights, n\u00ba 7, pp. 95-126. Consultar PDF[vc_empty_space&hellip;<\/p>\n","protected":false},"author":1,"featured_media":0,"parent":0,"menu_order":0,"comment_status":"closed","ping_status":"closed","template":"","meta":{"om_disable_all_campaigns":false,"_monsterinsights_skip_tracking":false,"_monsterinsights_sitenote_active":false,"_monsterinsights_sitenote_note":"","_monsterinsights_sitenote_category":0,"_uf_show_specific_survey":0,"_uf_disable_surveys":false,"_vp_format_video_url":"","_vp_image_focal_point":[],"_vp_custom_popup_image":0,"_vp_format_audio_url":"","_vp_custom_thumbnail":0,"_vp_custom_thumbnail_focal_point":[],"_vp_hover_thumbnail":0,"_vp_hover_thumbnail_focal_point":[],"footnotes":""},"class_list":["post-17522","page","type-page","status-publish","hentry"],"aioseo_notices":[],"_links":{"self":[{"href":"https:\/\/www.arovite.com\/es\/wp-json\/wp\/v2\/pages\/17522","targetHints":{"allow":["GET"]}}],"collection":[{"href":"https:\/\/www.arovite.com\/es\/wp-json\/wp\/v2\/pages"}],"about":[{"href":"https:\/\/www.arovite.com\/es\/wp-json\/wp\/v2\/types\/page"}],"author":[{"embeddable":true,"href":"https:\/\/www.arovite.com\/es\/wp-json\/wp\/v2\/users\/1"}],"replies":[{"embeddable":true,"href":"https:\/\/www.arovite.com\/es\/wp-json\/wp\/v2\/comments?post=17522"}],"version-history":[{"count":4,"href":"https:\/\/www.arovite.com\/es\/wp-json\/wp\/v2\/pages\/17522\/revisions"}],"predecessor-version":[{"id":17650,"href":"https:\/\/www.arovite.com\/es\/wp-json\/wp\/v2\/pages\/17522\/revisions\/17650"}],"wp:attachment":[{"href":"https:\/\/www.arovite.com\/es\/wp-json\/wp\/v2\/media?parent=17522"}],"curies":[{"name":"wp","href":"https:\/\/api.w.org\/{rel}","templated":true}]}}