{"id":17469,"date":"2023-02-20T11:34:11","date_gmt":"2023-02-20T11:34:11","guid":{"rendered":"https:\/\/www.arovite.com\/?page_id=17469"},"modified":"2023-02-20T11:34:11","modified_gmt":"2023-02-20T11:34:11","slug":"sabucedo-jose-manuel-blanco-amalio-y-de-la-corte-luis-2003","status":"publish","type":"page","link":"https:\/\/www.arovite.com\/es\/sabucedo-jose-manuel-blanco-amalio-y-de-la-corte-luis-2003\/","title":{"rendered":"SABUCEDO, Jos\u00e9 Manuel, BLANCO, Amalio y DE LA CORTE, Luis (2003)"},"content":{"rendered":"<div class=\"wpb-content-wrapper\"><p>[vc_row][vc_column width=&#8221;1\/1&#8243;][vc_column_text][vc_empty_space height=&#8221;20&#8243;]<br \/>\n<strong>Referencia bibliogr\u00e1fica<\/strong><br \/>\nSABUCEDO, Jos\u00e9 Manuel, BLANCO, Amalio y DE LA CORTE, Luis (2003): \u00abBeliefs which legitimize political violence against the innocent\u00bb, <em>Psicothema<\/em>, vol. 15, n\u00ba 4, pp. 550-555.<\/p>\n<p><a class=\"button blue  medium \" href=\"https:\/\/www.psicothema.com\/pdf\/1106.pdf\" target=\"_blank\" rel=\"noopener\">Consultar PDF<\/a>[vc_empty_space height=&#8221;10&#8243;]<br \/>\n<strong>Resumen<\/strong><br \/>\nEste art\u00edculo analiza los argumentos y creencias publicados por un peri\u00f3dico vinculado a un grupo terrorista, en un intento de legitimar el secuestro y asesinato de una v\u00edctima inocente. La amplia respuesta ciudadana contra ese acto criminal oblig\u00f3 a ese peri\u00f3dico a crear una versi\u00f3n de los hechos en la que se intentaba tanto reducir su impacto emocional como mantener la imagen positiva del grupo agresor. Los m\u00e9todos a los que recurri\u00f3 fueron: la atribuci\u00f3n de responsabilidades al enemigo, la despersonalizaci\u00f3n de la v\u00edctima y la valoraci\u00f3n asim\u00e9trica del sufrimiento. [vc_empty_space height=&#8221;10&#8243;]<br \/>\n<strong>Abstract<\/strong><br \/>\nThis article analyses the arguments and beliefs published in a newspaper with links to a terrorist group, in an attempt to legitimize the kidnapping and murder of an innocent victim. Widespread public outcry against this act of brutality led the newspaper to create a version of the facts which attempted to reduce their emotional impact and maintain a positive image of the aggressive group. The methods used included: the attribution of responsibilities to the enemy, depersonalization of the victim, and an asymmetric evaluation of suffering. [vc_empty_space height=&#8221;10&#8243;]<br \/>\n<strong>Autor<\/strong><br \/>\nJos\u00e9 Manuel Sabucedo. <a title=\"Dialnet\" href=\"https:\/\/dialnet.unirioja.es\/servlet\/autor?codigo=109170\" target=\"_blank\" rel=\"noopener\">P\u00e1gina del autor en Dialnet.<\/a><br \/>\nAmalio Blanco. <a title=\"Dialnet\" href=\"https:\/\/dialnet.unirioja.es\/servlet\/autor?codigo=64429\" target=\"_blank\" rel=\"noopener\">P\u00e1gina del autor en Dialnet.<\/a><br \/>\nLuis De la Corte. <a title=\"Dialnet\" href=\"https:\/\/dialnet.unirioja.es\/servlet\/autor?codigo=3069520\" target=\"_blank\" rel=\"noopener\">P\u00e1gina del autor en Dialnet.<\/a><br \/>\n [vc_empty_space height=&#8221;10&#8243;]<br \/>\n<strong>Tipo de documento<\/strong><br \/>\nArt\u00edculo<br \/>\n[vc_empty_space height=&#8221;10&#8243;]<br \/>\n[\/vc_column_text][\/vc_column][\/vc_row]<\/p>\n<\/div>","protected":false},"excerpt":{"rendered":"<p>[vc_row][vc_column width=&#8221;1\/1&#8243;][vc_column_text][vc_empty_space height=&#8221;20&#8243;] Referencia bibliogr\u00e1fica SABUCEDO, Jos\u00e9 Manuel, BLANCO, Amalio y DE LA CORTE, Luis (2003): \u00abBeliefs which legitimize political violence against the innocent\u00bb, Psicothema, vol. 15, n\u00ba 4, pp.&hellip;<\/p>\n","protected":false},"author":1,"featured_media":0,"parent":0,"menu_order":0,"comment_status":"closed","ping_status":"closed","template":"","meta":{"om_disable_all_campaigns":false,"_monsterinsights_skip_tracking":false,"_monsterinsights_sitenote_active":false,"_monsterinsights_sitenote_note":"","_monsterinsights_sitenote_category":0,"_uf_show_specific_survey":0,"_uf_disable_surveys":false,"_vp_format_video_url":"","_vp_image_focal_point":[],"_vp_custom_popup_image":0,"_vp_format_audio_url":"","_vp_custom_thumbnail":0,"_vp_custom_thumbnail_focal_point":[],"_vp_hover_thumbnail":0,"_vp_hover_thumbnail_focal_point":[],"footnotes":""},"class_list":["post-17469","page","type-page","status-publish","hentry"],"aioseo_notices":[],"_links":{"self":[{"href":"https:\/\/www.arovite.com\/es\/wp-json\/wp\/v2\/pages\/17469","targetHints":{"allow":["GET"]}}],"collection":[{"href":"https:\/\/www.arovite.com\/es\/wp-json\/wp\/v2\/pages"}],"about":[{"href":"https:\/\/www.arovite.com\/es\/wp-json\/wp\/v2\/types\/page"}],"author":[{"embeddable":true,"href":"https:\/\/www.arovite.com\/es\/wp-json\/wp\/v2\/users\/1"}],"replies":[{"embeddable":true,"href":"https:\/\/www.arovite.com\/es\/wp-json\/wp\/v2\/comments?post=17469"}],"version-history":[{"count":1,"href":"https:\/\/www.arovite.com\/es\/wp-json\/wp\/v2\/pages\/17469\/revisions"}],"predecessor-version":[{"id":17470,"href":"https:\/\/www.arovite.com\/es\/wp-json\/wp\/v2\/pages\/17469\/revisions\/17470"}],"wp:attachment":[{"href":"https:\/\/www.arovite.com\/es\/wp-json\/wp\/v2\/media?parent=17469"}],"curies":[{"name":"wp","href":"https:\/\/api.w.org\/{rel}","templated":true}]}}