{"id":17406,"date":"2023-02-20T10:03:47","date_gmt":"2023-02-20T10:03:47","guid":{"rendered":"https:\/\/www.arovite.com\/?page_id=17406"},"modified":"2023-02-22T12:05:44","modified_gmt":"2023-02-22T12:05:44","slug":"rivera-antonio-2022","status":"publish","type":"page","link":"https:\/\/www.arovite.com\/es\/rivera-antonio-2022\/","title":{"rendered":"RIVERA, Antonio (2022)"},"content":{"rendered":"<div class=\"wpb-content-wrapper\"><p>[vc_row][vc_column width=&#8221;1\/1&#8243;][vc_column_text][vc_empty_space height=&#8221;20&#8243;]<br \/>\n<strong>Referencia bibliogr\u00e1fica<\/strong><br \/>\nRIVERA, Antonio (2022): \u00abViolencia vasca: historia, memoria y justificaci\u00f3n\u00bb, en IGARTUA, Iv\u00e1n y CID, Jes\u00fas Antonio (eds.): <em>Tu voz en muchas voces. Escritos en homenaje a Jon Juaristi<\/em>. Leioa: Universidad del Pa\u00eds Vasco, pp. 607-619. <\/p>\n<p><a class=\"button blue  medium \" href=\"http:\/\/www.arovite.com\/documentos\/2022_Rivera.pdf\" target=\"_blank\" rel=\"noopener\">Consultar PDF<\/a>[vc_empty_space height=&#8221;10&#8243;]<br \/>\n<strong>Resumen<\/strong><br \/>\nReflexi\u00f3n sobre la violencia pol\u00edtica en el Pa\u00eds Vasco y c\u00f3mo esta se ha soportado en el par conflicto hist\u00f3rico y victimizaci\u00f3n comunitaria. Tambi\u00e9n se aborda la cuesti\u00f3n de las pol\u00edticas p\u00fablicas de memoria. [vc_empty_space height=&#8221;10&#8243;]<br \/>\n<strong>Autor<\/strong><br \/>\nAntonio Rivera Blanco. <a title=\"Dialnet\" href=\"https:\/\/dialnet.unirioja.es\/servlet\/autor?codigo=181403\" target=\"_blank\" rel=\"noopener\">P\u00e1gina del autor en Dialnet.<\/a><br \/>\n [vc_empty_space height=&#8221;10&#8243;]<br \/>\n<strong>Tipo de documento<\/strong><br \/>\nCap\u00edtulo de libro<br \/>\n[vc_empty_space height=&#8221;10&#8243;]<br \/>\n[\/vc_column_text][\/vc_column][\/vc_row]<\/p>\n<\/div>","protected":false},"excerpt":{"rendered":"<p>[vc_row][vc_column width=&#8221;1\/1&#8243;][vc_column_text][vc_empty_space height=&#8221;20&#8243;] Referencia bibliogr\u00e1fica RIVERA, Antonio (2022): \u00abViolencia vasca: historia, memoria y justificaci\u00f3n\u00bb, en IGARTUA, Iv\u00e1n y CID, Jes\u00fas Antonio (eds.): Tu voz en muchas voces. Escritos en homenaje&hellip;<\/p>\n","protected":false},"author":1,"featured_media":0,"parent":0,"menu_order":0,"comment_status":"closed","ping_status":"closed","template":"","meta":{"om_disable_all_campaigns":false,"_monsterinsights_skip_tracking":false,"_monsterinsights_sitenote_active":false,"_monsterinsights_sitenote_note":"","_monsterinsights_sitenote_category":0,"_uf_show_specific_survey":0,"_uf_disable_surveys":false,"_vp_format_video_url":"","_vp_image_focal_point":[],"_vp_custom_popup_image":0,"_vp_format_audio_url":"","_vp_custom_thumbnail":0,"_vp_custom_thumbnail_focal_point":[],"_vp_hover_thumbnail":0,"_vp_hover_thumbnail_focal_point":[],"footnotes":""},"class_list":["post-17406","page","type-page","status-publish","hentry"],"aioseo_notices":[],"_links":{"self":[{"href":"https:\/\/www.arovite.com\/es\/wp-json\/wp\/v2\/pages\/17406","targetHints":{"allow":["GET"]}}],"collection":[{"href":"https:\/\/www.arovite.com\/es\/wp-json\/wp\/v2\/pages"}],"about":[{"href":"https:\/\/www.arovite.com\/es\/wp-json\/wp\/v2\/types\/page"}],"author":[{"embeddable":true,"href":"https:\/\/www.arovite.com\/es\/wp-json\/wp\/v2\/users\/1"}],"replies":[{"embeddable":true,"href":"https:\/\/www.arovite.com\/es\/wp-json\/wp\/v2\/comments?post=17406"}],"version-history":[{"count":3,"href":"https:\/\/www.arovite.com\/es\/wp-json\/wp\/v2\/pages\/17406\/revisions"}],"predecessor-version":[{"id":17593,"href":"https:\/\/www.arovite.com\/es\/wp-json\/wp\/v2\/pages\/17406\/revisions\/17593"}],"wp:attachment":[{"href":"https:\/\/www.arovite.com\/es\/wp-json\/wp\/v2\/media?parent=17406"}],"curies":[{"name":"wp","href":"https:\/\/api.w.org\/{rel}","templated":true}]}}