{"id":17330,"date":"2023-02-20T08:40:36","date_gmt":"2023-02-20T08:40:36","guid":{"rendered":"https:\/\/www.arovite.com\/?page_id=17330"},"modified":"2023-02-20T08:40:36","modified_gmt":"2023-02-20T08:40:36","slug":"perez-perez-jose-antonio-2021","status":"publish","type":"page","link":"https:\/\/www.arovite.com\/es\/perez-perez-jose-antonio-2021\/","title":{"rendered":"P\u00c9REZ P\u00c9REZ, Jos\u00e9 Antonio (2021)"},"content":{"rendered":"<div class=\"wpb-content-wrapper\"><p>[vc_row][vc_column width=&#8221;1\/1&#8243;][vc_column_text][vc_empty_space height=&#8221;20&#8243;]<br \/>\n<strong>Referencia bibliogr\u00e1fica<\/strong><br \/>\nP\u00c9REZ P\u00c9REZ, Jos\u00e9 Antonio (2021): \u00abTerrorismo y violencia pol\u00edtica en el Pa\u00eds Vasco\u00bb, <em>Ayer<\/em>, n\u00ba 121, pp. 319-331.<\/p>\n<p><a class=\"button blue  medium \" href=\"http:\/\/www.revistasmarcialpons.es\/revistaayer\/article\/view\/774\/869\" target=\"_blank\" rel=\"noopener\">Consultar PDF<\/a>[vc_empty_space height=&#8221;10&#8243;]<br \/>\n<strong>Resumen<\/strong><br \/>\nEl terrorismo ha condicionado la vida pol\u00edtica y social del Pa\u00eds Vasco durante m\u00e1s de cuatro d\u00e9cadas. ETA fue la responsable del 92 por 100 de los asesinatos cometidos por todas las organizaciones que actuaron en este territorio. Fue tambi\u00e9n la \u00fanica que cont\u00f3 con un proyecto pol\u00edtico y un entorno que apoy\u00f3 sus acciones. Su actuaci\u00f3n marc\u00f3 absolutamente el desarrollo de la vida democr\u00e1tica, extendiendo el miedo y coartando la libertad de miles de vascos. Tras el final del terrorismo se ha producido una eclosi\u00f3n de investigaciones que analizan su historia y las consecuencias que ha tenido en la sociedad vasca. [vc_empty_space height=&#8221;10&#8243;]<br \/>\n<strong>Abstract<\/strong><br \/>\nTerrorism has conditioned the political and social life of the Basque Country for more than four decades. ETA was responsible for 92% of the political murders in this territory. It was also the only organisation, which had a political project, and an environment to support its actions. For this reason, it had a strong impact on the development of democratic life, spreading fear and limiting the freedom of thousands of Basques. After the end of terrorism, there has been an emergence of research that analyses its history and the consequences of its actions on Basque society. [vc_empty_space height=&#8221;10&#8243;]<br \/>\n<strong>Autor<\/strong><br \/>\nJos\u00e9 Antonio P\u00e9rez P\u00e9rez. <a title=\"Dialnet\" href=\"https:\/\/dialnet.unirioja.es\/servlet\/autor?codigo=104127\" target=\"_blank\" rel=\"noopener\">P\u00e1gina del autor en Dialnet.<\/a><br \/>\n[vc_empty_space height=&#8221;10&#8243;]<br \/>\n<strong>Tipo de documento<\/strong><br \/>\nArt\u00edculo<br \/>\n[vc_empty_space height=&#8221;10&#8243;]<br \/>\n[\/vc_column_text][\/vc_column][\/vc_row]<\/p>\n<\/div>","protected":false},"excerpt":{"rendered":"<p>[vc_row][vc_column width=&#8221;1\/1&#8243;][vc_column_text][vc_empty_space height=&#8221;20&#8243;] Referencia bibliogr\u00e1fica P\u00c9REZ P\u00c9REZ, Jos\u00e9 Antonio (2021): \u00abTerrorismo y violencia pol\u00edtica en el Pa\u00eds Vasco\u00bb, Ayer, n\u00ba 121, pp. 319-331. Consultar PDF[vc_empty_space height=&#8221;10&#8243;] Resumen El terrorismo ha&hellip;<\/p>\n","protected":false},"author":1,"featured_media":0,"parent":0,"menu_order":0,"comment_status":"closed","ping_status":"closed","template":"","meta":{"om_disable_all_campaigns":false,"_monsterinsights_skip_tracking":false,"_monsterinsights_sitenote_active":false,"_monsterinsights_sitenote_note":"","_monsterinsights_sitenote_category":0,"_uf_show_specific_survey":0,"_uf_disable_surveys":false,"_vp_format_video_url":"","_vp_image_focal_point":[],"_vp_custom_popup_image":0,"_vp_format_audio_url":"","_vp_custom_thumbnail":0,"_vp_custom_thumbnail_focal_point":[],"_vp_hover_thumbnail":0,"_vp_hover_thumbnail_focal_point":[],"footnotes":""},"class_list":["post-17330","page","type-page","status-publish","hentry"],"aioseo_notices":[],"_links":{"self":[{"href":"https:\/\/www.arovite.com\/es\/wp-json\/wp\/v2\/pages\/17330","targetHints":{"allow":["GET"]}}],"collection":[{"href":"https:\/\/www.arovite.com\/es\/wp-json\/wp\/v2\/pages"}],"about":[{"href":"https:\/\/www.arovite.com\/es\/wp-json\/wp\/v2\/types\/page"}],"author":[{"embeddable":true,"href":"https:\/\/www.arovite.com\/es\/wp-json\/wp\/v2\/users\/1"}],"replies":[{"embeddable":true,"href":"https:\/\/www.arovite.com\/es\/wp-json\/wp\/v2\/comments?post=17330"}],"version-history":[{"count":1,"href":"https:\/\/www.arovite.com\/es\/wp-json\/wp\/v2\/pages\/17330\/revisions"}],"predecessor-version":[{"id":17331,"href":"https:\/\/www.arovite.com\/es\/wp-json\/wp\/v2\/pages\/17330\/revisions\/17331"}],"wp:attachment":[{"href":"https:\/\/www.arovite.com\/es\/wp-json\/wp\/v2\/media?parent=17330"}],"curies":[{"name":"wp","href":"https:\/\/api.w.org\/{rel}","templated":true}]}}