{"id":17292,"date":"2023-02-20T07:57:12","date_gmt":"2023-02-20T07:57:12","guid":{"rendered":"https:\/\/www.arovite.com\/?page_id=17292"},"modified":"2023-02-23T07:39:15","modified_gmt":"2023-02-23T07:39:15","slug":"mota-zurdo-david-2021","status":"publish","type":"page","link":"https:\/\/www.arovite.com\/es\/mota-zurdo-david-2021\/","title":{"rendered":"MOTA ZURDO, David (2021)"},"content":{"rendered":"<div class=\"wpb-content-wrapper\"><p>[vc_row][vc_column width=&#8221;1\/1&#8243;][vc_column_text][vc_empty_space height=&#8221;20&#8243;]<br \/>\n<strong>Referencia bibliogr\u00e1fica<\/strong><br \/>\nMOTA ZURDO, David (2021): \u00abEstados Unidos, ETA y el programa de ayuda antiterrorista a Espa\u00f1a durante la Transici\u00f3n (1978-1982)\u00bb, <em>Sancho el Sabio<\/em>, n\u00ba 44, pp. 102-125.<\/p>\n<p><a class=\"button blue  medium \" href=\"https:\/\/revista.sanchoelsabio.eus\/index.php\/revista\/article\/view\/310\/236\" target=\"_blank\" rel=\"noopener\">Consultar PDF<\/a>[vc_empty_space height=&#8221;10&#8243;]<br \/>\n<strong>Resumen<\/strong><br \/>\nETA concit\u00f3 el inter\u00e9s de los norteamericanos durante la d\u00e9cada de 1970 coincidiendo con la fase de tensionamiento de las relaciones internacionales de la Guerra Fr\u00eda. En base a las reivindicaciones de ETA, a saber, la consecuci\u00f3n de una Euskadi socialista, EEUU temi\u00f3 que la influencia sovi\u00e9tica pudiera llegar a dar cobertura a organizaciones terroristas. Este art\u00edculo analiza c\u00f3mo EEUU interpret\u00f3 las acciones de ETA durante la Transici\u00f3n y c\u00f3mo impuls\u00f3 un programa de ayuda antiterrorista a Espa\u00f1a. [vc_empty_space height=&#8221;10&#8243;]<br \/>\n<strong>Abstract<\/strong><br \/>\nETA aroused the interest of the United States during the 1970s, coinciding with the phase of tension in international relations of the Cold War. In accordance with ETA&#8217;s demands, namely the achievement of a socialist Euskadi, the US feared that Soviet influence could support terrorist organizations. This article analyzes how the US interpreted ETA&#8217;s actions during the Transition and how it promoted an anti-terrorist aid program for Spain. [vc_empty_space height=&#8221;10&#8243;]<br \/>\n<strong>Laburpena<\/strong><br \/>\nETAk estatubatuarren interesa piztu zuen 1970eko hamarkadan, Gerra Hotzaren nazioarteko harremanen tentsio-fasearen garaian. ETAren aldarrikapenetan oinarrituta, hau da, Euskadi sozialista lortzea, AEB beldur zen sobietarren eraginak erakunde terroristei estaldura emango ote zien. Artikulu honek aztertzen du AEBk nola interpretatu zituen ETAren ekintzak trantsizioaren garaian, eta nola bultzatu zuen Espainiari terrorismoaren aurkako laguntza emateko programa. [vc_empty_space height=&#8221;10&#8243;]<br \/>\n<strong>Autor<\/strong><br \/>\nDavid Mota Zurdo. <a title=\"Dialnet\" href=\"https:\/\/dialnet.unirioja.es\/servlet\/autor?codigo=3459298\" target=\"_blank\" rel=\"noopener\">P\u00e1gina del autor en Dialnet.<\/a><br \/>\n [vc_empty_space height=&#8221;10&#8243;]<br \/>\n<strong>Tipo de documento<\/strong><br \/>\nArt\u00edculo<br \/>\n[vc_empty_space height=&#8221;10&#8243;]<br \/>\n[\/vc_column_text][\/vc_column][\/vc_row]<\/p>\n<\/div>","protected":false},"excerpt":{"rendered":"<p>[vc_row][vc_column width=&#8221;1\/1&#8243;][vc_column_text][vc_empty_space height=&#8221;20&#8243;] Referencia bibliogr\u00e1fica MOTA ZURDO, David (2021): \u00abEstados Unidos, ETA y el programa de ayuda antiterrorista a Espa\u00f1a durante la Transici\u00f3n (1978-1982)\u00bb, Sancho el Sabio, n\u00ba 44, pp.&hellip;<\/p>\n","protected":false},"author":1,"featured_media":0,"parent":0,"menu_order":0,"comment_status":"closed","ping_status":"closed","template":"","meta":{"om_disable_all_campaigns":false,"_monsterinsights_skip_tracking":false,"_monsterinsights_sitenote_active":false,"_monsterinsights_sitenote_note":"","_monsterinsights_sitenote_category":0,"_uf_show_specific_survey":0,"_uf_disable_surveys":false,"_vp_format_video_url":"","_vp_image_focal_point":[],"_vp_custom_popup_image":0,"_vp_format_audio_url":"","_vp_custom_thumbnail":0,"_vp_custom_thumbnail_focal_point":[],"_vp_hover_thumbnail":0,"_vp_hover_thumbnail_focal_point":[],"footnotes":""},"class_list":["post-17292","page","type-page","status-publish","hentry"],"aioseo_notices":[],"_links":{"self":[{"href":"https:\/\/www.arovite.com\/es\/wp-json\/wp\/v2\/pages\/17292","targetHints":{"allow":["GET"]}}],"collection":[{"href":"https:\/\/www.arovite.com\/es\/wp-json\/wp\/v2\/pages"}],"about":[{"href":"https:\/\/www.arovite.com\/es\/wp-json\/wp\/v2\/types\/page"}],"author":[{"embeddable":true,"href":"https:\/\/www.arovite.com\/es\/wp-json\/wp\/v2\/users\/1"}],"replies":[{"embeddable":true,"href":"https:\/\/www.arovite.com\/es\/wp-json\/wp\/v2\/comments?post=17292"}],"version-history":[{"count":2,"href":"https:\/\/www.arovite.com\/es\/wp-json\/wp\/v2\/pages\/17292\/revisions"}],"predecessor-version":[{"id":17628,"href":"https:\/\/www.arovite.com\/es\/wp-json\/wp\/v2\/pages\/17292\/revisions\/17628"}],"wp:attachment":[{"href":"https:\/\/www.arovite.com\/es\/wp-json\/wp\/v2\/media?parent=17292"}],"curies":[{"name":"wp","href":"https:\/\/api.w.org\/{rel}","templated":true}]}}