{"id":17253,"date":"2023-02-20T06:58:42","date_gmt":"2023-02-20T06:58:42","guid":{"rendered":"https:\/\/www.arovite.com\/?page_id=17253"},"modified":"2023-02-23T07:31:13","modified_gmt":"2023-02-23T07:31:13","slug":"lozano-alia-maria-2021","status":"publish","type":"page","link":"https:\/\/www.arovite.com\/es\/lozano-alia-maria-2021\/","title":{"rendered":"LOZANO AL\u00cdA, Mar\u00eda (2021)"},"content":{"rendered":"<div class=\"wpb-content-wrapper\"><p>[vc_row][vc_column width=&#8221;1\/1&#8243;][vc_column_text][vc_empty_space height=&#8221;20&#8243;]<br \/>\n<strong>Referencia bibliogr\u00e1fica<\/strong><br \/>\nLOZANO AL\u00cdA, Mar\u00eda (2021): \u00abV\u00edctimas del terrorismo: Las pol\u00edticas de memoria en Europa\u00bb, <em>Informe del Centro Memorial de las V\u00edctimas del Terrorismo<\/em>, n\u00ba 11.<\/p>\n<p><a class=\"button blue  medium \" href=\"http:\/\/www.memorialvt.com\/wp-content\/uploads\/2022\/02\/FCMVTinforme11.pdf\" target=\"_blank\" rel=\"noopener\">Consultar PDF<\/a>[vc_empty_space height=&#8221;10&#8243;]<br \/>\n<strong>Resumen<\/strong><br \/>\nEn este documento se pretenden analizar distintos modos y enfoques de ges\u00actionar la memoria p\u00fablica por parte de diversos pa\u00edses europeos (a excepci\u00f3n de Espa\u00f1a), as\u00ed como por la Uni\u00f3n Europea como instituci\u00f3n, que han tenido que enfrentarse a la violencia terrorista. Tambi\u00e9n se abordar\u00e1n los actos de conmemoraci\u00f3n y recuerdo desarrollados por parte de los propios ciudadanos europeos. [vc_empty_space height=&#8221;10&#8243;]<br \/>\n<strong>Autor<\/strong><br \/>\nMar\u00eda Lozano Al\u00eda. <a title=\"Dialnet\" href=\"https:\/\/dialnet.unirioja.es\/servlet\/autor?codigo=5168064\" target=\"_blank\" rel=\"noopener\">P\u00e1gina del autor en Dialnet.<\/a><br \/>\n[vc_empty_space height=&#8221;10&#8243;]<br \/>\n<strong>Tipo de documento<\/strong><br \/>\nInforme<br \/>\n[vc_empty_space height=&#8221;10&#8243;]<br \/>\n[\/vc_column_text][\/vc_column][\/vc_row]<\/p>\n<\/div>","protected":false},"excerpt":{"rendered":"<p>[vc_row][vc_column width=&#8221;1\/1&#8243;][vc_column_text][vc_empty_space height=&#8221;20&#8243;] Referencia bibliogr\u00e1fica LOZANO AL\u00cdA, Mar\u00eda (2021): \u00abV\u00edctimas del terrorismo: Las pol\u00edticas de memoria en Europa\u00bb, Informe del Centro Memorial de las V\u00edctimas del Terrorismo, n\u00ba 11. Consultar&hellip;<\/p>\n","protected":false},"author":1,"featured_media":0,"parent":0,"menu_order":0,"comment_status":"closed","ping_status":"closed","template":"","meta":{"om_disable_all_campaigns":false,"_monsterinsights_skip_tracking":false,"_monsterinsights_sitenote_active":false,"_monsterinsights_sitenote_note":"","_monsterinsights_sitenote_category":0,"_uf_show_specific_survey":0,"_uf_disable_surveys":false,"_vp_format_video_url":"","_vp_image_focal_point":[],"_vp_custom_popup_image":0,"_vp_format_audio_url":"","_vp_custom_thumbnail":0,"_vp_custom_thumbnail_focal_point":[],"_vp_hover_thumbnail":0,"_vp_hover_thumbnail_focal_point":[],"footnotes":""},"class_list":["post-17253","page","type-page","status-publish","hentry"],"aioseo_notices":[],"_links":{"self":[{"href":"https:\/\/www.arovite.com\/es\/wp-json\/wp\/v2\/pages\/17253","targetHints":{"allow":["GET"]}}],"collection":[{"href":"https:\/\/www.arovite.com\/es\/wp-json\/wp\/v2\/pages"}],"about":[{"href":"https:\/\/www.arovite.com\/es\/wp-json\/wp\/v2\/types\/page"}],"author":[{"embeddable":true,"href":"https:\/\/www.arovite.com\/es\/wp-json\/wp\/v2\/users\/1"}],"replies":[{"embeddable":true,"href":"https:\/\/www.arovite.com\/es\/wp-json\/wp\/v2\/comments?post=17253"}],"version-history":[{"count":2,"href":"https:\/\/www.arovite.com\/es\/wp-json\/wp\/v2\/pages\/17253\/revisions"}],"predecessor-version":[{"id":17620,"href":"https:\/\/www.arovite.com\/es\/wp-json\/wp\/v2\/pages\/17253\/revisions\/17620"}],"wp:attachment":[{"href":"https:\/\/www.arovite.com\/es\/wp-json\/wp\/v2\/media?parent=17253"}],"curies":[{"name":"wp","href":"https:\/\/api.w.org\/{rel}","templated":true}]}}