{"id":17244,"date":"2023-02-20T06:51:32","date_gmt":"2023-02-20T06:51:32","guid":{"rendered":"https:\/\/www.arovite.com\/?page_id=17244"},"modified":"2023-02-20T06:53:10","modified_gmt":"2023-02-20T06:53:10","slug":"lopez-romo-raul-2022","status":"publish","type":"page","link":"https:\/\/www.arovite.com\/es\/lopez-romo-raul-2022\/","title":{"rendered":"L\u00d3PEZ ROMO, Ra\u00fal (2022)"},"content":{"rendered":"<div class=\"wpb-content-wrapper\"><p>[vc_row][vc_column width=&#8221;1\/1&#8243;][vc_column_text][vc_empty_space height=&#8221;20&#8243;]<br \/>\n<strong>Referencia bibliogr\u00e1fica<\/strong><br \/>\nL\u00d3PEZ ROMO, Ra\u00fal (2022): \u00ab\u00bfEn qu\u00e9 medida el terrorismo nacionaliza? Aproximaciones al caso vasco\u00bb, <em>Revista de historiograf\u00eda<\/em>, n\u00ba 37, pp. 461-486.<\/p>\n<p><a class=\"button blue  medium \" href=\"https:\/\/e-revistas.uc3m.es\/index.php\/REVHISTO\/article\/view\/6513\/5572\" target=\"_blank\" rel=\"noopener\">Consultar PDF<\/a>[vc_empty_space height=&#8221;10&#8243;]<br \/>\n<strong>Resumen<\/strong><br \/>\nEl n\u00famero de obras dedicadas al terrorismo vasco es ya muy amplio. En este art\u00edculo repasaremos un grupo de trabajos que aborda un problema concreto: la relaci\u00f3n entre esa forma de violencia pol\u00edtica y los procesos de nacionalizaci\u00f3n de masas. La mayor\u00eda de ellos son microan\u00e1lisis, que es donde a\u00fan cabe aportar m\u00e1s investigaci\u00f3n original, ya sea desde la historia o desde otras disciplinas. Nos detendremos en un caso concreto a\u00fan por analizar: la evoluci\u00f3n de aquellas localidades vascas y navarras donde el tradicionalismo, con su componente cat\u00f3lico militante y nacionalista espa\u00f1ol, obten\u00eda en la d\u00e9cada de 1930 unos excelentes resultados electorales. Tras el franquismo, en muchas de ellas se hab\u00eda pasado a votar ampliamente a una opci\u00f3n abertzale e izquierdista como HB, el brazo pol\u00edtico de ETA. [vc_empty_space height=&#8221;10&#8243;]<br \/>\n<strong>Abstract<\/strong><br \/>\nMuch has already been written about Basque terrorism. Here, I review a group of studies that address a specific problem: the relationship between this form of political violence and processes of mass nationalisation. Much of the existing work has comprised micro-analyses, meaning there is still room for further original research, whether from a historical or other disciplinary standpoint. I shall focus on a specific case which has not previously been analysed: the evolution of constituencies in the Basque Country and Navarre where traditionalism, with its militant Catholic and Spanish nationalist component, obtained excellent electoral results in the 1930s. However, after Franco\u2019s dictatorship, many voters switched their allegiance to vote for nationalist leftist options such as HB, the political wing of ETA. [vc_empty_space height=&#8221;10&#8243;]<br \/>\n<strong>Autor<\/strong><br \/>\nRa\u00fal L\u00f3pez Romo. <a title=\"Dialnet\" href=\"https:\/\/dialnet.unirioja.es\/servlet\/autor?codigo=2165020\" target=\"_blank\" rel=\"noopener\">P\u00e1gina del autor en Dialnet.<\/a><br \/>\n[vc_empty_space height=&#8221;10&#8243;]<br \/>\n<strong>Tipo de documento<\/strong><br \/>\nArt\u00edculo<br \/>\n[vc_empty_space height=&#8221;10&#8243;]<br \/>\n[\/vc_column_text][\/vc_column][\/vc_row]<\/p>\n<\/div>","protected":false},"excerpt":{"rendered":"<p>[vc_row][vc_column width=&#8221;1\/1&#8243;][vc_column_text][vc_empty_space height=&#8221;20&#8243;] Referencia bibliogr\u00e1fica L\u00d3PEZ ROMO, Ra\u00fal (2022): \u00ab\u00bfEn qu\u00e9 medida el terrorismo nacionaliza? Aproximaciones al caso vasco\u00bb, Revista de historiograf\u00eda, n\u00ba 37, pp. 461-486. Consultar PDF[vc_empty_space height=&#8221;10&#8243;] Resumen&hellip;<\/p>\n","protected":false},"author":1,"featured_media":0,"parent":0,"menu_order":0,"comment_status":"closed","ping_status":"closed","template":"","meta":{"om_disable_all_campaigns":false,"_monsterinsights_skip_tracking":false,"_monsterinsights_sitenote_active":false,"_monsterinsights_sitenote_note":"","_monsterinsights_sitenote_category":0,"_uf_show_specific_survey":0,"_uf_disable_surveys":false,"_vp_format_video_url":"","_vp_image_focal_point":[],"_vp_custom_popup_image":0,"_vp_format_audio_url":"","_vp_custom_thumbnail":0,"_vp_custom_thumbnail_focal_point":[],"_vp_hover_thumbnail":0,"_vp_hover_thumbnail_focal_point":[],"footnotes":""},"class_list":["post-17244","page","type-page","status-publish","hentry"],"aioseo_notices":[],"_links":{"self":[{"href":"https:\/\/www.arovite.com\/es\/wp-json\/wp\/v2\/pages\/17244","targetHints":{"allow":["GET"]}}],"collection":[{"href":"https:\/\/www.arovite.com\/es\/wp-json\/wp\/v2\/pages"}],"about":[{"href":"https:\/\/www.arovite.com\/es\/wp-json\/wp\/v2\/types\/page"}],"author":[{"embeddable":true,"href":"https:\/\/www.arovite.com\/es\/wp-json\/wp\/v2\/users\/1"}],"replies":[{"embeddable":true,"href":"https:\/\/www.arovite.com\/es\/wp-json\/wp\/v2\/comments?post=17244"}],"version-history":[{"count":2,"href":"https:\/\/www.arovite.com\/es\/wp-json\/wp\/v2\/pages\/17244\/revisions"}],"predecessor-version":[{"id":17250,"href":"https:\/\/www.arovite.com\/es\/wp-json\/wp\/v2\/pages\/17244\/revisions\/17250"}],"wp:attachment":[{"href":"https:\/\/www.arovite.com\/es\/wp-json\/wp\/v2\/media?parent=17244"}],"curies":[{"name":"wp","href":"https:\/\/api.w.org\/{rel}","templated":true}]}}