{"id":17238,"date":"2023-02-20T06:47:12","date_gmt":"2023-02-20T06:47:12","guid":{"rendered":"https:\/\/www.arovite.com\/?page_id=17238"},"modified":"2023-02-20T06:47:12","modified_gmt":"2023-02-20T06:47:12","slug":"llera-francisco-jose-garcia-rabadan-jonatan-y-leon-jose-manuel-2022","status":"publish","type":"page","link":"https:\/\/www.arovite.com\/es\/llera-francisco-jose-garcia-rabadan-jonatan-y-leon-jose-manuel-2022\/","title":{"rendered":"LLERA, Francisco Jos\u00e9, GARC\u00cdA RABAD\u00c1N, Jonatan y LE\u00d3N, Jos\u00e9 Manuel (2022)"},"content":{"rendered":"<div class=\"wpb-content-wrapper\"><p>[vc_row][vc_column width=&#8221;1\/1&#8243;][vc_column_text][vc_empty_space height=&#8221;20&#8243;]<br \/>\n<strong>Referencia bibliogr\u00e1fica<\/strong><br \/>\nLLERA, Francisco Jos\u00e9, GARC\u00cdA RABAD\u00c1N, Jonatan y LE\u00d3N, Jos\u00e9 Manuel (2022): \u00abMidiendo la espiral del silencio en contextos de violencia pol\u00edtica. El caso vasco\u00bb, <em>Revista Espa\u00f1ola de Ciencia Pol\u00edtica<\/em>, n\u00ba 58, pp. 111-140.<\/p>\n<p><a class=\"button blue  medium \" href=\"https:\/\/dialnet.unirioja.es\/descarga\/articulo\/8373712.pdf\" target=\"_blank\" rel=\"noopener\">Consultar PDF<\/a>[vc_empty_space height=&#8221;10&#8243;]<br \/>\n<strong>Resumen<\/strong><br \/>\nDurante d\u00e9cadas, el Pa\u00eds Vasco ha experimentado el fen\u00f3meno directo de la violencia terrorista entre cuyos efectos se encuentra el desarrollo de la conocida como \u00abespiral del silencio\u00bb (Noelle-Neumann, 1974) y el consecuente sentimiento de falta de libertad para hablar de pol\u00edtica. Este art\u00edculo pretende contrastar los resultados de la medici\u00f3n del miedo para hablar de pol\u00edtica (medici\u00f3n directa) con aquellos otros empleados en una investigaci\u00f3n anterior, donde la variable dependiente tambi\u00e9n se refer\u00eda al miedo, pero desde un punto de vista indirecto (percepci\u00f3n en el entorno de dicho sentimiento). Con dicho objetivo, se ha procedido a replicar la metodolog\u00eda ya aplicada en el informe del Centro Memorial de V\u00edctimas del Terrorismo (Llera y Leonisio, 2017) utilizando los datos provenientes de los estudios semestrales del equipo Euskobar\u00f3metro. [vc_empty_space height=&#8221;10&#8243;]<br \/>\n<strong>Abstract<\/strong><br \/>\nFor decades, the Basque Country has experienced the direct phenomenon of terrorist violence the effects of which include the development of what is known as the \u00abspiral of silence\u00bb (Noelle-Neumann, 1974) and the consequent feeling of lack of freedom to talk about politics. This article aims to compare the results of the measurement of fear to talk about politics (direct measurement) with the results of a previous research, where the dependent variable also referred to fear but from an indirect point of view (perception of this feeling in the environment). For that purpose, the methodology already applied in the report by the Centro Memorial de V\u00edctimas del Terrorismo (Llera and Leonisio, 2017) has been replicated, making use of data from the biannual studies of the Euskobarometro team. [vc_empty_space height=&#8221;10&#8243;]<br \/>\n<strong>Autor<\/strong><br \/>\nFrancisco Jos\u00e9 Llera. <a title=\"Dialnet\" href=\"https:\/\/dialnet.unirioja.es\/servlet\/autor?codigo=55650\" target=\"_blank\" rel=\"noopener\">P\u00e1gina del autor en Dialnet.<\/a><br \/>\nJonatan Garc\u00eda Rabad\u00e1n. <a title=\"Dialnet\" href=\"https:\/\/dialnet.unirioja.es\/servlet\/autor?codigo=2426004\" target=\"_blank\" rel=\"noopener\">P\u00e1gina del autor en Dialnet.<\/a><br \/>\nJos\u00e9 Manuel Le\u00f3n. <a title=\"Dialnet\" href=\"https:\/\/dialnet.unirioja.es\/servlet\/autor?codigo=4445308\" target=\"_blank\" rel=\"noopener\">P\u00e1gina del autor en Dialnet.<\/a><\/p>\n<p>[vc_empty_space height=&#8221;10&#8243;]<br \/>\n<strong>Tipo de documento<\/strong><br \/>\nArt\u00edculo<br \/>\n[vc_empty_space height=&#8221;10&#8243;]<br \/>\n[\/vc_column_text][\/vc_column][\/vc_row]<\/p>\n<\/div>","protected":false},"excerpt":{"rendered":"<p>[vc_row][vc_column width=&#8221;1\/1&#8243;][vc_column_text][vc_empty_space height=&#8221;20&#8243;] Referencia bibliogr\u00e1fica LLERA, Francisco Jos\u00e9, GARC\u00cdA RABAD\u00c1N, Jonatan y LE\u00d3N, Jos\u00e9 Manuel (2022): \u00abMidiendo la espiral del silencio en contextos de violencia pol\u00edtica. El caso vasco\u00bb, Revista&hellip;<\/p>\n","protected":false},"author":1,"featured_media":0,"parent":0,"menu_order":0,"comment_status":"closed","ping_status":"closed","template":"","meta":{"om_disable_all_campaigns":false,"_monsterinsights_skip_tracking":false,"_monsterinsights_sitenote_active":false,"_monsterinsights_sitenote_note":"","_monsterinsights_sitenote_category":0,"_uf_show_specific_survey":0,"_uf_disable_surveys":false,"_vp_format_video_url":"","_vp_image_focal_point":[],"_vp_custom_popup_image":0,"_vp_format_audio_url":"","_vp_custom_thumbnail":0,"_vp_custom_thumbnail_focal_point":[],"_vp_hover_thumbnail":0,"_vp_hover_thumbnail_focal_point":[],"footnotes":""},"class_list":["post-17238","page","type-page","status-publish","hentry"],"aioseo_notices":[],"_links":{"self":[{"href":"https:\/\/www.arovite.com\/es\/wp-json\/wp\/v2\/pages\/17238","targetHints":{"allow":["GET"]}}],"collection":[{"href":"https:\/\/www.arovite.com\/es\/wp-json\/wp\/v2\/pages"}],"about":[{"href":"https:\/\/www.arovite.com\/es\/wp-json\/wp\/v2\/types\/page"}],"author":[{"embeddable":true,"href":"https:\/\/www.arovite.com\/es\/wp-json\/wp\/v2\/users\/1"}],"replies":[{"embeddable":true,"href":"https:\/\/www.arovite.com\/es\/wp-json\/wp\/v2\/comments?post=17238"}],"version-history":[{"count":1,"href":"https:\/\/www.arovite.com\/es\/wp-json\/wp\/v2\/pages\/17238\/revisions"}],"predecessor-version":[{"id":17239,"href":"https:\/\/www.arovite.com\/es\/wp-json\/wp\/v2\/pages\/17238\/revisions\/17239"}],"wp:attachment":[{"href":"https:\/\/www.arovite.com\/es\/wp-json\/wp\/v2\/media?parent=17238"}],"curies":[{"name":"wp","href":"https:\/\/api.w.org\/{rel}","templated":true}]}}