{"id":17199,"date":"2023-02-17T19:18:41","date_gmt":"2023-02-17T19:18:41","guid":{"rendered":"https:\/\/www.arovite.com\/?page_id=17199"},"modified":"2023-02-23T07:25:20","modified_gmt":"2023-02-23T07:25:20","slug":"guibet-lafaye-caroline-2021","status":"publish","type":"page","link":"https:\/\/www.arovite.com\/es\/guibet-lafaye-caroline-2021\/","title":{"rendered":"GUIBET LAFAYE, Caroline (2021)"},"content":{"rendered":"<div class=\"wpb-content-wrapper\"><p>[vc_row][vc_column width=&#8221;1\/1&#8243;][vc_column_text][vc_empty_space height=&#8221;20&#8243;]<br \/>\n<strong>Referencia bibliogr\u00e1fica<\/strong><br \/>\nGUIBET LAFAYE, Caroline (2021): \u00abVictimes ou actions: itin\u00e9raires occultes d\u2019ETA\u00bb, <em>Papeles del CEIC<\/em>, n\u00ba 1, papel 245, pp. 1-22.<\/p>\n<p><a class=\"button blue  medium \" href=\"https:\/\/dialnet.unirioja.es\/descarga\/articulo\/7888349.pdf\" target=\"_blank\" rel=\"noopener\">Consultar PDF<\/a>[vc_empty_space height=&#8221;10&#8243;]<br \/>\n<strong>Resumen<\/strong><br \/>\nEuskadi Ta Askatasuna (ETA) es la organizaci\u00f3n clandestina que ha tenido la mayor duraci\u00f3n de vida en Europa Occidental. Hasta la fecha, todos los estudios estad\u00edsticos relativos a ella se han realizado sobre la base del censo de sus v\u00edctimas. En este art\u00edculo presentamos una base de datos original construida en torno a sus acciones que permite poner de relieve los l\u00edmites de ciertas opciones metodol\u00f3gicas y proponer un an\u00e1lisis refinado de las opciones estrat\u00e9gicas del grupo a lo largo de sus sesenta a\u00f1os de existencia. El presente estudio contribuye as\u00ed a descubrir aspectos de la estrategia del colectivo que se han pasado por alto en la literatura, ya sea las modalidades de su respuesta a la lucha contra el terrorismo, el apoyo a los movimientos sociales desde los a\u00f1os ochenta a los a\u00f1os 2000, o los ataques contra los intereses econ\u00f3micos espa\u00f1oles, que son perjudiciales en t\u00e9rminos materiales pero no costosos en t\u00e9rminos de vidas humanas. [vc_empty_space height=&#8221;10&#8243;]<br \/>\n<strong>Abstract<\/strong><br \/>\nEuskadi Ta Askatasuna (ETA) is the longest clandestine organisation in Western Europe. To date, all the statistical studies concerning it have been produced on the basis of a database of its victims. In this article, we present an original database we have created of its actions from which it is possible to highlight the limits of some methodological choices and to propose a refined analysis of the group\u2019s strategic options over its sixty years of existence. The present study thus contributes to unveil aspects of the collective\u2019s strategy that have been overlooked in the literature, i.e. the modalities of its response to legal and illegal anti-terrorism, its support for social movements from the 1980s to the 2000s, or its attacks against Spanish economic interests, which were materially damaging but not costly in terms of human lives. [vc_empty_space height=&#8221;10&#8243;]<br \/>\n<strong>R\u00e9sum\u00e9 <\/strong><br \/>\nEuskadi Ta Askatasuna (ETA) est l\u2019organisation clandestine qui a eu, en Europe occidentale, la plus longue dur\u00e9e de vie. \u00c0 ce jour, toutes les \u00e9tudes statistiques la concernant ont \u00e9t\u00e9 produites \u00e0 partir du recensement de ses victimes. Dans cet article, nous pr\u00e9sentons une base de donn\u00e9es construite en base \u00e0 ses actions \u00e0 partir de laquelle il s\u2019av\u00e8re possible de mettre en \u00e9vidence les limites de certains choix m\u00e9thodologiques et de proposer une analyse affin\u00e9e des options strat\u00e9giques du groupe sur ses soixante ann\u00e9es d\u2019existence. La pr\u00e9sente \u00e9tude contribue ainsi \u00e0 mettre au jour des aspects occult\u00e9s par la litt\u00e9rature de la strat\u00e9gie du collectif, qu\u2019il soit question des modalit\u00e9s de sa r\u00e9ponse \u00e0 l\u2019antiterrorisme, du soutien aux mouvements sociaux des ann\u00e9es 1980 aux ann\u00e9es 2000, ou des attaques contre les int\u00e9r\u00eats \u00e9conomiques espagnols, dommageables sur le plan mat\u00e9riel mais peu co\u00fbteuses en vies humaines. [vc_empty_space height=&#8221;10&#8243;]<br \/>\n<strong>Autor<\/strong><br \/>\nCaroline Guibet Lafaye. <a title=\"Dialnet\" href=\"https:\/\/dialnet.unirioja.es\/servlet\/autor?codigo=1475855\" target=\"_blank\" rel=\"noopener\">P\u00e1gina del autor en Dialnet.<\/a><br \/>\n[vc_empty_space height=&#8221;10&#8243;]<br \/>\n<strong>Tipo de documento<\/strong><br \/>\nArt\u00edculo<br \/>\n[vc_empty_space height=&#8221;10&#8243;]<br \/>\n[\/vc_column_text][\/vc_column][\/vc_row]<\/p>\n<\/div>","protected":false},"excerpt":{"rendered":"<p>[vc_row][vc_column width=&#8221;1\/1&#8243;][vc_column_text][vc_empty_space height=&#8221;20&#8243;] Referencia bibliogr\u00e1fica GUIBET LAFAYE, Caroline (2021): \u00abVictimes ou actions: itin\u00e9raires occultes d\u2019ETA\u00bb, Papeles del CEIC, n\u00ba 1, papel 245, pp. 1-22. Consultar PDF[vc_empty_space height=&#8221;10&#8243;] Resumen Euskadi Ta&hellip;<\/p>\n","protected":false},"author":1,"featured_media":0,"parent":0,"menu_order":0,"comment_status":"closed","ping_status":"closed","template":"","meta":{"om_disable_all_campaigns":false,"_monsterinsights_skip_tracking":false,"_monsterinsights_sitenote_active":false,"_monsterinsights_sitenote_note":"","_monsterinsights_sitenote_category":0,"_uf_show_specific_survey":0,"_uf_disable_surveys":false,"_vp_format_video_url":"","_vp_image_focal_point":[],"_vp_custom_popup_image":0,"_vp_format_audio_url":"","_vp_custom_thumbnail":0,"_vp_custom_thumbnail_focal_point":[],"_vp_hover_thumbnail":0,"_vp_hover_thumbnail_focal_point":[],"footnotes":""},"class_list":["post-17199","page","type-page","status-publish","hentry"],"aioseo_notices":[],"_links":{"self":[{"href":"https:\/\/www.arovite.com\/es\/wp-json\/wp\/v2\/pages\/17199","targetHints":{"allow":["GET"]}}],"collection":[{"href":"https:\/\/www.arovite.com\/es\/wp-json\/wp\/v2\/pages"}],"about":[{"href":"https:\/\/www.arovite.com\/es\/wp-json\/wp\/v2\/types\/page"}],"author":[{"embeddable":true,"href":"https:\/\/www.arovite.com\/es\/wp-json\/wp\/v2\/users\/1"}],"replies":[{"embeddable":true,"href":"https:\/\/www.arovite.com\/es\/wp-json\/wp\/v2\/comments?post=17199"}],"version-history":[{"count":3,"href":"https:\/\/www.arovite.com\/es\/wp-json\/wp\/v2\/pages\/17199\/revisions"}],"predecessor-version":[{"id":17614,"href":"https:\/\/www.arovite.com\/es\/wp-json\/wp\/v2\/pages\/17199\/revisions\/17614"}],"wp:attachment":[{"href":"https:\/\/www.arovite.com\/es\/wp-json\/wp\/v2\/media?parent=17199"}],"curies":[{"name":"wp","href":"https:\/\/api.w.org\/{rel}","templated":true}]}}