{"id":17193,"date":"2023-02-17T19:13:34","date_gmt":"2023-02-17T19:13:34","guid":{"rendered":"https:\/\/www.arovite.com\/?page_id=17193"},"modified":"2023-02-23T07:24:04","modified_gmt":"2023-02-23T07:24:04","slug":"gesto-por-la-paz-2000","status":"publish","type":"page","link":"https:\/\/www.arovite.com\/es\/gesto-por-la-paz-2000\/","title":{"rendered":"GESTO POR LA PAZ (2000)"},"content":{"rendered":"<div class=\"wpb-content-wrapper\"><p>[vc_row][vc_column width=&#8221;1\/1&#8243;][vc_column_text][vc_empty_space height=&#8221;20&#8243;]<br \/>\n<strong>Referencia bibliogr\u00e1fica<\/strong><br \/>\nGESTO POR LA PAZ (2000): <em>La coordinadora Gesto por la Paz de Euskal Herria ante la violencia de persecuci\u00f3n<\/em>. Direcci\u00f3n de Derechos Humanos, Departamento de Justicia del Gobierno Vasco.<\/p>\n<p><a class=\"button blue  medium \" href=\"http:\/\/www.gesto.org\/archivos\/201401\/2000-contra-vp.pdf?1\" target=\"_blank\" rel=\"noopener\">Consultar PDF<\/a>[vc_empty_space height=&#8221;10&#8243;]<br \/>\n<strong>Resumen<\/strong><br \/>\nDe un tiempo a esta parte, hemos podido comprobar un cambio en la estrategia violenta: ha pasado de buscar la desestabilizaci\u00f3n, sembrando el terror para forzar la negociaci\u00f3n, a utilizar la violencia con fines persecutorios. Tanto la acci\u00f3n criminal de ETA como el llamado <em>terrorismo de baja intensidad<\/em> han dirigido, cada vez m\u00e1s, su violencia contra determinadas personas y determinados colectivos perseguidos por su ideolog\u00eda. La denominada kale borroka constituye un claro ejemplo de este cambio de estrategia. Actualmente, podemos comprobar c\u00f3mo se utiliza sistem\u00e1ticamente para perseguir y hostigar a determinadas personas por su adscripci\u00f3n ideol\u00f3gica o su condici\u00f3n de representantes de la ciudadan\u00eda. La gravedad de estos hechos, la intensidad de la violencia ejercida, de diferentes maneras, contra las personas objeto de esa violencia, y la trascendencia dram\u00e1tica que tienen para el disfrute de las libertades y la convivencia en Euskal Herria son razones para la extrema preocupaci\u00f3n con la que la COORDINADORA GESTO POR LA PAZ DE EUSKAL HERRIA analiza esta situaci\u00f3n. [vc_empty_space height=&#8221;10&#8243;]<br \/>\n<strong>Tipo de documento<\/strong><br \/>\nInforme<br \/>\n[vc_empty_space height=&#8221;10&#8243;]<br \/>\n[\/vc_column_text][\/vc_column][\/vc_row]<\/p>\n<\/div>","protected":false},"excerpt":{"rendered":"<p>[vc_row][vc_column width=&#8221;1\/1&#8243;][vc_column_text][vc_empty_space height=&#8221;20&#8243;] Referencia bibliogr\u00e1fica GESTO POR LA PAZ (2000): La coordinadora Gesto por la Paz de Euskal Herria ante la violencia de persecuci\u00f3n. Direcci\u00f3n de Derechos Humanos, Departamento de&hellip;<\/p>\n","protected":false},"author":1,"featured_media":0,"parent":0,"menu_order":0,"comment_status":"closed","ping_status":"closed","template":"","meta":{"om_disable_all_campaigns":false,"_monsterinsights_skip_tracking":false,"_monsterinsights_sitenote_active":false,"_monsterinsights_sitenote_note":"","_monsterinsights_sitenote_category":0,"_uf_show_specific_survey":0,"_uf_disable_surveys":false,"_vp_format_video_url":"","_vp_image_focal_point":[],"_vp_custom_popup_image":0,"_vp_format_audio_url":"","_vp_custom_thumbnail":0,"_vp_custom_thumbnail_focal_point":[],"_vp_hover_thumbnail":0,"_vp_hover_thumbnail_focal_point":[],"footnotes":""},"class_list":["post-17193","page","type-page","status-publish","hentry"],"aioseo_notices":[],"_links":{"self":[{"href":"https:\/\/www.arovite.com\/es\/wp-json\/wp\/v2\/pages\/17193","targetHints":{"allow":["GET"]}}],"collection":[{"href":"https:\/\/www.arovite.com\/es\/wp-json\/wp\/v2\/pages"}],"about":[{"href":"https:\/\/www.arovite.com\/es\/wp-json\/wp\/v2\/types\/page"}],"author":[{"embeddable":true,"href":"https:\/\/www.arovite.com\/es\/wp-json\/wp\/v2\/users\/1"}],"replies":[{"embeddable":true,"href":"https:\/\/www.arovite.com\/es\/wp-json\/wp\/v2\/comments?post=17193"}],"version-history":[{"count":2,"href":"https:\/\/www.arovite.com\/es\/wp-json\/wp\/v2\/pages\/17193\/revisions"}],"predecessor-version":[{"id":17611,"href":"https:\/\/www.arovite.com\/es\/wp-json\/wp\/v2\/pages\/17193\/revisions\/17611"}],"wp:attachment":[{"href":"https:\/\/www.arovite.com\/es\/wp-json\/wp\/v2\/media?parent=17193"}],"curies":[{"name":"wp","href":"https:\/\/api.w.org\/{rel}","templated":true}]}}